{"id":4508,"date":"2025-01-20T16:27:38","date_gmt":"2025-01-20T19:27:38","guid":{"rendered":"https:\/\/itallianhairtech.com\/?page_id=4508"},"modified":"2025-01-20T16:47:40","modified_gmt":"2025-01-20T19:47:40","slug":"kit-home-care-com-leave-in-componentes","status":"publish","type":"page","link":"https:\/\/itallianhairtech.com\/en\/kit-home-care-com-leave-in-componentes\/","title":{"rendered":"kit-home-care-com-leave-in-componentes"},"content":{"rendered":"\t\t<div data-elementor-type=\"wp-page\" data-elementor-id=\"4508\" class=\"elementor elementor-4508\">\n\t\t\t\t<div class=\"elementor-element elementor-element-4716e23 e-flex e-con-boxed e-con e-parent\" data-id=\"4716e23\" data-element_type=\"container\">\n\t\t\t\t\t<div class=\"e-con-inner\">\n\t\t\t\t<div class=\"elementor-element elementor-element-6f8c321 elementor-widget elementor-widget-spacer\" data-id=\"6f8c321\" data-element_type=\"widget\" data-widget_type=\"spacer.default\">\n\t\t\t\t<div class=\"elementor-widget-container\">\n\t\t\t\t\t\t\t<div class=\"elementor-spacer\">\n\t\t\t<div class=\"elementor-spacer-inner\"><\/div>\n\t\t<\/div>\n\t\t\t\t\t\t<\/div>\n\t\t\t\t<\/div>\n\t\t\t\t\t<\/div>\n\t\t\t\t<\/div>\n\t\t<div class=\"elementor-element elementor-element-8e980d4 e-flex e-con-boxed e-con e-parent\" data-id=\"8e980d4\" data-element_type=\"container\">\n\t\t\t\t\t<div class=\"e-con-inner\">\n\t\t\t\t<div class=\"elementor-element elementor-element-eb940a1 elementor-widget elementor-widget-spacer\" data-id=\"eb940a1\" data-element_type=\"widget\" data-widget_type=\"spacer.default\">\n\t\t\t\t<div class=\"elementor-widget-container\">\n\t\t\t\t\t\t\t<div class=\"elementor-spacer\">\n\t\t\t<div class=\"elementor-spacer-inner\"><\/div>\n\t\t<\/div>\n\t\t\t\t\t\t<\/div>\n\t\t\t\t<\/div>\n\t\t\t\t\t<\/div>\n\t\t\t\t<\/div>\n\t\t<div class=\"elementor-element elementor-element-9c1f0d2 e-flex e-con-boxed e-con e-parent\" data-id=\"9c1f0d2\" data-element_type=\"container\">\n\t\t\t\t\t<div class=\"e-con-inner\">\n\t\t\t\t<div class=\"elementor-element elementor-element-6cf46e2 elementor-widget elementor-widget-spacer\" data-id=\"6cf46e2\" data-element_type=\"widget\" data-widget_type=\"spacer.default\">\n\t\t\t\t<div class=\"elementor-widget-container\">\n\t\t\t\t\t\t\t<div class=\"elementor-spacer\">\n\t\t\t<div class=\"elementor-spacer-inner\"><\/div>\n\t\t<\/div>\n\t\t\t\t\t\t<\/div>\n\t\t\t\t<\/div>\n\t\t\t\t\t<\/div>\n\t\t\t\t<\/div>\n\t\t\t\t<section class=\"elementor-section elementor-top-section elementor-element elementor-element-7ce916d4 elementor-section-boxed elementor-section-height-default elementor-section-height-default\" data-id=\"7ce916d4\" data-element_type=\"section\" data-settings=\"{&quot;background_background&quot;:&quot;classic&quot;}\">\n\t\t\t\t\t\t<div class=\"elementor-container elementor-column-gap-no\">\n\t\t\t\t\t<div class=\"elementor-column elementor-col-100 elementor-top-column elementor-element elementor-element-3f2fd540\" data-id=\"3f2fd540\" data-element_type=\"column\">\n\t\t\t<div class=\"elementor-widget-wrap elementor-element-populated\">\n\t\t\t\t\t\t<div class=\"elementor-element elementor-element-2caa2e3d elementor-widget elementor-widget-heading\" data-id=\"2caa2e3d\" data-element_type=\"widget\" data-widget_type=\"heading.default\">\n\t\t\t\t<div class=\"elementor-widget-container\">\n\t\t\t\t\t<h2 class=\"elementor-heading-title elementor-size-default\">\nkit home care leave-in Especial<\/h2>\t\t\t\t<\/div>\n\t\t\t\t<\/div>\n\t\t\t\t<section class=\"elementor-section elementor-inner-section elementor-element elementor-element-2171a776 elementor-section-content-middle elementor-section-full_width elementor-section-height-default elementor-section-height-default\" data-id=\"2171a776\" data-element_type=\"section\" data-settings=\"{&quot;background_background&quot;:&quot;classic&quot;}\">\n\t\t\t\t\t\t<div class=\"elementor-container elementor-column-gap-no\">\n\t\t\t\t\t<div class=\"elementor-column elementor-col-66 elementor-inner-column elementor-element elementor-element-680dd990\" data-id=\"680dd990\" data-element_type=\"column\">\n\t\t\t<div class=\"elementor-widget-wrap elementor-element-populated\">\n\t\t\t\t\t\t<div class=\"elementor-element elementor-element-3b8129e2 elementor-widget-mobile__width-initial elementor-widget elementor-widget-image\" data-id=\"3b8129e2\" data-element_type=\"widget\" data-widget_type=\"image.default\">\n\t\t\t\t<div class=\"elementor-widget-container\">\n\t\t\t\t\t\t\t\t\t\t\t\t\t\t\t<img fetchpriority=\"high\" decoding=\"async\" width=\"1024\" height=\"683\" src=\"https:\/\/itallianhairtech.com\/wp-content\/uploads\/2025\/01\/Shampoo-pos-quimica.png\" class=\"attachment-large size-large wp-image-3360\" alt=\"\" \/>\t\t\t\t\t\t\t\t\t\t\t\t\t\t\t<\/div>\n\t\t\t\t<\/div>\n\t\t\t\t\t<\/div>\n\t\t<\/div>\n\t\t\t\t<div class=\"elementor-column elementor-col-33 elementor-inner-column elementor-element elementor-element-27546763\" data-id=\"27546763\" data-element_type=\"column\" data-settings=\"{&quot;background_background&quot;:&quot;classic&quot;}\">\n\t\t\t<div class=\"elementor-widget-wrap elementor-element-populated\">\n\t\t\t\t\t\t<div class=\"elementor-element elementor-element-1d81fc5c elementor-widget-mobile__width-initial elementor-widget elementor-widget-heading\" data-id=\"1d81fc5c\" data-element_type=\"widget\" data-widget_type=\"heading.default\">\n\t\t\t\t<div class=\"elementor-widget-container\">\n\t\t\t\t\t<h3 class=\"elementor-heading-title elementor-size-default\">Shampoo p\u00f3s-qu\u00edmica<\/h3>\t\t\t\t<\/div>\n\t\t\t\t<\/div>\n\t\t\t\t<div class=\"elementor-element elementor-element-2637b54a elementor-widget-divider--view-line elementor-widget elementor-widget-divider\" data-id=\"2637b54a\" data-element_type=\"widget\" data-widget_type=\"divider.default\">\n\t\t\t\t<div class=\"elementor-widget-container\">\n\t\t\t\t\t\t\t<div class=\"elementor-divider\">\n\t\t\t<span class=\"elementor-divider-separator\">\n\t\t\t\t\t\t<\/span>\n\t\t<\/div>\n\t\t\t\t\t\t<\/div>\n\t\t\t\t<\/div>\n\t\t\t\t<div class=\"elementor-element elementor-element-55e95647 elementor-widget__width-initial elementor-widget elementor-widget-text-editor\" data-id=\"55e95647\" data-element_type=\"widget\" data-widget_type=\"text-editor.default\">\n\t\t\t\t<div class=\"elementor-widget-container\">\n\t\t\t\t\t\t\t\t\t<p>\u00c1GUA, LAURILETERSULFATO DE S\u00d3DIO, LAURIL SULFATO DE AM\u00d4NIO, COCOAMIDOPROPILBETA\u00cdNA, LAURIL GLICOS\u00cdDEO, DIETANOLAMINA COCAMIDA, COCOATO DE POLIETILENOGLICOL-7 GLICERILA, PROPILENOGLICOL, DIESTEARATO DE ETILENOGLICOL, FRAGR\u00c2NCIA, CLORETO DE GOMA GUAR HIDROXIPROPILTRIM\u00d4NIO, HIDROXIETIL UREIA, COCO-GLICOS\u00cdDEO, MONOLEATO DE GLICERILA, \u00c1CIDO C\u00cdTRICO, BENZOATO DE S\u00d3DIO, CLORETO DE S\u00d3DIO, EDETATO DISS\u00d3DICO, SORBATO DE POT\u00c1SSIO, DIMETILIDANTO\u00cdNA, MACROGOL, UREIA, CITRATO DE S\u00d3DIO, EDETATO DE S\u00d3DIO, \u00c1CIDO BENZOICO, FENOXIETANOL, \u00d3LEO VEGETAL, IMIDAZOLIDINILUREIA, PROTE\u00cdNA DE TRIGO HIDROLISADA, PROTE\u00cdNA DE SOJA HIDROLISADA, CARBOCISTE\u00cdNA, \u00c1CIDO GLUT\u00c2MICO, \u00d3LEO DA SEMENTE DE CAMELINA SATIVA, TREONINA, SERINA, TOCOFEROL, CITRATO DE GLICER\u00cdDEOS VEGETAIS HIDROGENADOS, METILCLOROISOTIAZOLINONA E METILISOTIAZOLINONA, NITRATO DE MAGN\u00c9SIO, CLORETO DE MAGN\u00c9SIO, LINALOL, HEXIL CINAMAL,LIMONENO.<\/p>\t\t\t\t\t\t\t\t<\/div>\n\t\t\t\t<\/div>\n\t\t\t\t\t<\/div>\n\t\t<\/div>\n\t\t\t\t\t<\/div>\n\t\t<\/section>\n\t\t\t\t<section class=\"elementor-section elementor-inner-section elementor-element elementor-element-1793dccb elementor-section-content-middle elementor-reverse-tablet elementor-reverse-mobile elementor-section-boxed elementor-section-height-default elementor-section-height-default\" data-id=\"1793dccb\" data-element_type=\"section\" data-settings=\"{&quot;background_background&quot;:&quot;classic&quot;}\">\n\t\t\t\t\t\t<div class=\"elementor-container elementor-column-gap-no\">\n\t\t\t\t\t<div class=\"elementor-column elementor-col-33 elementor-inner-column elementor-element elementor-element-649bd235\" data-id=\"649bd235\" data-element_type=\"column\" data-settings=\"{&quot;background_background&quot;:&quot;classic&quot;}\">\n\t\t\t<div class=\"elementor-widget-wrap elementor-element-populated\">\n\t\t\t\t\t\t<div class=\"elementor-element elementor-element-6359ebf9 elementor-widget elementor-widget-heading\" data-id=\"6359ebf9\" data-element_type=\"widget\" data-widget_type=\"heading.default\">\n\t\t\t\t<div class=\"elementor-widget-container\">\n\t\t\t\t\t<h3 class=\"elementor-heading-title elementor-size-default\">Condicionador<\/h3>\t\t\t\t<\/div>\n\t\t\t\t<\/div>\n\t\t\t\t<div class=\"elementor-element elementor-element-6b2df4a9 elementor-widget-divider--view-line elementor-widget elementor-widget-divider\" data-id=\"6b2df4a9\" data-element_type=\"widget\" data-widget_type=\"divider.default\">\n\t\t\t\t<div class=\"elementor-widget-container\">\n\t\t\t\t\t\t\t<div class=\"elementor-divider\">\n\t\t\t<span class=\"elementor-divider-separator\">\n\t\t\t\t\t\t<\/span>\n\t\t<\/div>\n\t\t\t\t\t\t<\/div>\n\t\t\t\t<\/div>\n\t\t\t\t<div class=\"elementor-element elementor-element-140b2634 elementor-widget-mobile__width-initial elementor-widget elementor-widget-text-editor\" data-id=\"140b2634\" data-element_type=\"widget\" data-widget_type=\"text-editor.default\">\n\t\t\t\t<div class=\"elementor-widget-container\">\n\t\t\t\t\t\t\t\t\t<p>\u00c1GUA, \u00c1LCOOL CETOESTEAR\u00cdLICO, PETROLATO L\u00cdQUIDO, GLICEROL, MONOETANOLAMINA DE ACETAMIDA, \u00c1LCOOL CET\u00cdLICO, DECAMETILCICLOPENTASILOXANO, METOSSULFATO DE BEENTRIM\u00d4NIO, FRAGR\u00c2NCIA, FENIL TRIMETICONA, ESTEARAMIDOPROPIL DIMETILAMINA, \u00c1CIDO L\u00c1CTICO, CLORETO DE CETRIM\u00d4NIO, \u00c1LCOOL ETILICO, DIMETICONOL, BENZOATO DE S\u00d3DIO, EDETATO DISS\u00d3DICO, CROSPOL\u00cdMERO DE DIMETICONA, SORBATO DE POT\u00c1SSIO, \u00d3LEO VEGETAL, PROTE\u00cdNA DE TRIGO HIDROLISADA, PROTE\u00cdNA DE SOJA HIDROLISADA, CARBOCISTE\u00cdNA, \u00c1CIDO GLUT\u00c2MICO, \u00d3LEO DA SEMENTE DE CAMELINA SATIVA, TREONINA, SERINA, EDETATO DE S\u00d3DIO, \u00c1CIDO C\u00cdTRICO, LINALOL, HEXIL CINAMAL, LIMONENO.<\/p>\t\t\t\t\t\t\t\t<\/div>\n\t\t\t\t<\/div>\n\t\t\t\t\t<\/div>\n\t\t<\/div>\n\t\t\t\t<div class=\"elementor-column elementor-col-66 elementor-inner-column elementor-element elementor-element-2d2040ff\" data-id=\"2d2040ff\" data-element_type=\"column\">\n\t\t\t<div class=\"elementor-widget-wrap elementor-element-populated\">\n\t\t\t\t\t\t<div class=\"elementor-element elementor-element-46d3a968 elementor-widget-mobile__width-initial elementor-widget elementor-widget-image\" data-id=\"46d3a968\" data-element_type=\"widget\" data-widget_type=\"image.default\">\n\t\t\t\t<div class=\"elementor-widget-container\">\n\t\t\t\t\t\t\t\t\t\t\t\t\t\t\t<img decoding=\"async\" width=\"1200\" height=\"800\" src=\"https:\/\/itallianhairtech.com\/wp-content\/uploads\/2025\/01\/Condicionador_200ml.png\" class=\"attachment-full size-full wp-image-3378\" alt=\"\" \/>\t\t\t\t\t\t\t\t\t\t\t\t\t\t\t<\/div>\n\t\t\t\t<\/div>\n\t\t\t\t\t<\/div>\n\t\t<\/div>\n\t\t\t\t\t<\/div>\n\t\t<\/section>\n\t\t\t\t<section class=\"elementor-section elementor-inner-section elementor-element elementor-element-10228496 elementor-section-content-middle elementor-section-boxed elementor-section-height-default elementor-section-height-default\" data-id=\"10228496\" data-element_type=\"section\" data-settings=\"{&quot;background_background&quot;:&quot;classic&quot;}\">\n\t\t\t\t\t\t<div class=\"elementor-container elementor-column-gap-no\">\n\t\t\t\t\t<div class=\"elementor-column elementor-col-66 elementor-inner-column elementor-element elementor-element-5bd02976\" data-id=\"5bd02976\" data-element_type=\"column\">\n\t\t\t<div class=\"elementor-widget-wrap elementor-element-populated\">\n\t\t\t\t\t\t<div class=\"elementor-element elementor-element-2b43dc73 elementor-widget-mobile__width-initial elementor-widget elementor-widget-image\" data-id=\"2b43dc73\" data-element_type=\"widget\" data-widget_type=\"image.default\">\n\t\t\t\t<div class=\"elementor-widget-container\">\n\t\t\t\t\t\t\t\t\t\t\t\t\t\t\t<img decoding=\"async\" width=\"1200\" height=\"800\" src=\"https:\/\/itallianhairtech.com\/wp-content\/uploads\/2025\/01\/Leave-in-hidratante.png\" class=\"attachment-full size-full wp-image-3372\" alt=\"\" \/>\t\t\t\t\t\t\t\t\t\t\t\t\t\t\t<\/div>\n\t\t\t\t<\/div>\n\t\t\t\t\t<\/div>\n\t\t<\/div>\n\t\t\t\t<div class=\"elementor-column elementor-col-33 elementor-inner-column elementor-element elementor-element-43221986\" data-id=\"43221986\" data-element_type=\"column\" data-settings=\"{&quot;background_background&quot;:&quot;classic&quot;}\">\n\t\t\t<div class=\"elementor-widget-wrap elementor-element-populated\">\n\t\t\t\t\t\t<div class=\"elementor-element elementor-element-2fd051f7 elementor-widget elementor-widget-heading\" data-id=\"2fd051f7\" data-element_type=\"widget\" data-widget_type=\"heading.default\">\n\t\t\t\t<div class=\"elementor-widget-container\">\n\t\t\t\t\t<h3 class=\"elementor-heading-title elementor-size-default\">Leave-in<\/h3>\t\t\t\t<\/div>\n\t\t\t\t<\/div>\n\t\t\t\t<div class=\"elementor-element elementor-element-7154cb1f elementor-widget-divider--view-line elementor-widget elementor-widget-divider\" data-id=\"7154cb1f\" data-element_type=\"widget\" data-widget_type=\"divider.default\">\n\t\t\t\t<div class=\"elementor-widget-container\">\n\t\t\t\t\t\t\t<div class=\"elementor-divider\">\n\t\t\t<span class=\"elementor-divider-separator\">\n\t\t\t\t\t\t<\/span>\n\t\t<\/div>\n\t\t\t\t\t\t<\/div>\n\t\t\t\t<\/div>\n\t\t\t\t<div class=\"elementor-element elementor-element-465fc7c9 elementor-widget__width-initial elementor-widget-mobile__width-initial elementor-widget elementor-widget-text-editor\" data-id=\"465fc7c9\" data-element_type=\"widget\" data-widget_type=\"text-editor.default\">\n\t\t\t\t<div class=\"elementor-widget-container\">\n\t\t\t\t\t\t\t\t\t<p>\u00c1GUA, \u00c1LCOOL CETOESTEAR\u00cdLICO, GLICEROL, \u00c1LCOOL CET\u00cdLICO, PETROLATO L\u00cdQUIDO, FRAGR\u00c2NCIA, CETOMACROGOL 1000, CLORETO DE CETRIM\u00d4NIO, FARNESENO HIDROGENADO, POLIDECENO HIDROGENADO, \u00d3LEO VEGETAL, DIMETICONA, \u00c1LCOOL ET\u00cdLICO, BENZOATO DE S\u00d3DIO, SORBATO DE POT\u00c1SSIO, EDETATO DISS\u00d3DICO, OCTINOXATO, \u00d3LEO DA SEMENTE DE CAMELINA SATIVA, LAUROMACROGOL 400, \u00c1CIDO C\u00cdTRICO, \u00c1CIDO SALIC\u00cdLICO, PROTE\u00cdNA DE TRIGO HIDROLISADA, PROTE\u00cdNA DE SOJA HIDROLISADA, CARBOCISTE\u00cdNA, \u00c1CIDO GLUT\u00c2MICO, TREONINA, BUTIL-HIDROXITOLUENO, SERINA, EDETATO DE S\u00d3DIO, LINALOL, HEXIL CINAMAL,LIMONENO.<\/p>\t\t\t\t\t\t\t\t<\/div>\n\t\t\t\t<\/div>\n\t\t\t\t\t<\/div>\n\t\t<\/div>\n\t\t\t\t\t<\/div>\n\t\t<\/section>\n\t\t\t\t<section class=\"elementor-section elementor-inner-section elementor-element elementor-element-2454c250 elementor-section-content-middle elementor-reverse-tablet elementor-reverse-mobile elementor-section-boxed elementor-section-height-default elementor-section-height-default\" data-id=\"2454c250\" data-element_type=\"section\" data-settings=\"{&quot;background_background&quot;:&quot;classic&quot;}\">\n\t\t\t\t\t\t<div class=\"elementor-container elementor-column-gap-no\">\n\t\t\t\t\t<div class=\"elementor-column elementor-col-33 elementor-inner-column elementor-element elementor-element-3ca9e29\" data-id=\"3ca9e29\" data-element_type=\"column\" data-settings=\"{&quot;background_background&quot;:&quot;classic&quot;}\">\n\t\t\t<div class=\"elementor-widget-wrap elementor-element-populated\">\n\t\t\t\t\t\t<div class=\"elementor-element elementor-element-29701d61 elementor-widget elementor-widget-heading\" data-id=\"29701d61\" data-element_type=\"widget\" data-widget_type=\"heading.default\">\n\t\t\t\t<div class=\"elementor-widget-container\">\n\t\t\t\t\t<h3 class=\"elementor-heading-title elementor-size-default\">Reparador de Pontas<\/h3>\t\t\t\t<\/div>\n\t\t\t\t<\/div>\n\t\t\t\t<div class=\"elementor-element elementor-element-37cf851a elementor-widget-divider--view-line elementor-widget elementor-widget-divider\" data-id=\"37cf851a\" data-element_type=\"widget\" data-widget_type=\"divider.default\">\n\t\t\t\t<div class=\"elementor-widget-container\">\n\t\t\t\t\t\t\t<div class=\"elementor-divider\">\n\t\t\t<span class=\"elementor-divider-separator\">\n\t\t\t\t\t\t<\/span>\n\t\t<\/div>\n\t\t\t\t\t\t<\/div>\n\t\t\t\t<\/div>\n\t\t\t\t<div class=\"elementor-element elementor-element-4b921fef elementor-widget-mobile__width-initial elementor-widget elementor-widget-text-editor\" data-id=\"4b921fef\" data-element_type=\"widget\" data-widget_type=\"text-editor.default\">\n\t\t\t\t<div class=\"elementor-widget-container\">\n\t\t\t\t\t\t\t\t\t<p>\u00c1GUA, \u00c1LCOOL CETOESTEAR\u00cdLICO, GLICEROL, \u00c1LCOOL CET\u00cdLICO, PETROLATO L\u00cdQUIDO, FRAGR\u00c2NCIA, CETOMACROGOL 1000, CLORETO DE CETRIM\u00d4NIO, FARNESENO HIDROGENADO, POLIDECENO HIDROGENADO, \u00d3LEO VEGETAL, DIMETICONA, \u00c1LCOOL ET\u00cdLICO, BENZOATO DE S\u00d3DIO, SORBATO DE POT\u00c1SSIO, EDETATO DISS\u00d3DICO, OCTINOXATO, \u00d3LEO DA SEMENTE DE CAMELINA SATIVA, LAUROMACROGOL 400, \u00c1CIDO C\u00cdTRICO, \u00c1CIDO SALIC\u00cdLICO, PROTE\u00cdNA DE TRIGO HIDROLISADA, PROTE\u00cdNA DE SOJA HIDROLISADA, CARBOCISTE\u00cdNA, \u00c1CIDO GLUT\u00c2MICO, TREONINA, BUTIL-HIDROXITOLUENO, SERINA, EDETATO DE S\u00d3DIO, LINALOL, HEXIL CINAMAL,LIMONENO.<\/p>\t\t\t\t\t\t\t\t<\/div>\n\t\t\t\t<\/div>\n\t\t\t\t\t<\/div>\n\t\t<\/div>\n\t\t\t\t<div class=\"elementor-column elementor-col-66 elementor-inner-column elementor-element elementor-element-2c1d37a3\" data-id=\"2c1d37a3\" data-element_type=\"column\">\n\t\t\t<div class=\"elementor-widget-wrap elementor-element-populated\">\n\t\t\t\t\t\t<div class=\"elementor-element elementor-element-5be24625 elementor-widget-mobile__width-initial elementor-widget elementor-widget-image\" data-id=\"5be24625\" data-element_type=\"widget\" data-widget_type=\"image.default\">\n\t\t\t\t<div class=\"elementor-widget-container\">\n\t\t\t\t\t\t\t\t\t\t\t\t\t\t\t<img loading=\"lazy\" decoding=\"async\" width=\"1200\" height=\"800\" src=\"https:\/\/itallianhairtech.com\/wp-content\/uploads\/2025\/01\/REPARADOR-DE-PONTAS-TRIVITT-30ML_2.png\" class=\"attachment-full size-full wp-image-4236\" alt=\"\" \/>\t\t\t\t\t\t\t\t\t\t\t\t\t\t\t<\/div>\n\t\t\t\t<\/div>\n\t\t\t\t\t<\/div>\n\t\t<\/div>\n\t\t\t\t\t<\/div>\n\t\t<\/section>\n\t\t\t\t\t<\/div>\n\t\t<\/div>\n\t\t\t\t\t<\/div>\n\t\t<\/section>\n\t\t<div class=\"elementor-element elementor-element-f344fe0 e-flex e-con-boxed e-con e-parent\" data-id=\"f344fe0\" data-element_type=\"container\">\n\t\t\t\t\t<div class=\"e-con-inner\">\n\t\t\t\t<div class=\"elementor-element elementor-element-fd448b2 elementor-widget elementor-widget-spacer\" data-id=\"fd448b2\" data-element_type=\"widget\" data-widget_type=\"spacer.default\">\n\t\t\t\t<div class=\"elementor-widget-container\">\n\t\t\t\t\t\t\t<div class=\"elementor-spacer\">\n\t\t\t<div class=\"elementor-spacer-inner\"><\/div>\n\t\t<\/div>\n\t\t\t\t\t\t<\/div>\n\t\t\t\t<\/div>\n\t\t\t\t\t<\/div>\n\t\t\t\t<\/div>\n\t\t\t\t<\/div>\n\t\t","protected":false},"excerpt":{"rendered":"<p>kit home care leave-in Especial Shampoo p\u00f3s-qu\u00edmica \u00c1GUA, LAURILETERSULFATO DE S\u00d3DIO, LAURIL SULFATO DE AM\u00d4NIO, COCOAMIDOPROPILBETA\u00cdNA, LAURIL GLICOS\u00cdDEO, DIETANOLAMINA COCAMIDA, COCOATO DE POLIETILENOGLICOL-7 GLICERILA, PROPILENOGLICOL, DIESTEARATO DE ETILENOGLICOL, FRAGR\u00c2NCIA, CLORETO DE GOMA GUAR HIDROXIPROPILTRIM\u00d4NIO, HIDROXIETIL UREIA, COCO-GLICOS\u00cdDEO, MONOLEATO DE GLICERILA, \u00c1CIDO C\u00cdTRICO, BENZOATO DE S\u00d3DIO, CLORETO DE S\u00d3DIO, EDETATO DISS\u00d3DICO, SORBATO DE POT\u00c1SSIO, DIMETILIDANTO\u00cdNA, MACROGOL, [&hellip;]<\/p>\n","protected":false},"author":1,"featured_media":0,"parent":0,"menu_order":0,"comment_status":"closed","ping_status":"closed","template":"","meta":{"site-sidebar-layout":"no-sidebar","site-content-layout":"page-builder","ast-site-content-layout":"full-width-container","site-content-style":"default","site-sidebar-style":"default","ast-global-header-display":"","ast-banner-title-visibility":"","ast-main-header-display":"","ast-hfb-above-header-display":"","ast-hfb-below-header-display":"","ast-hfb-mobile-header-display":"","site-post-title":"disabled","ast-breadcrumbs-content":"","ast-featured-img":"disabled","footer-sml-layout":"","ast-disable-related-posts":"","theme-transparent-header-meta":"","adv-header-id-meta":"","stick-header-meta":"","header-above-stick-meta":"","header-main-stick-meta":"","header-below-stick-meta":"","astra-migrate-meta-layouts":"set","ast-page-background-enabled":"default","ast-page-background-meta":{"desktop":{"background-color":"var(--ast-global-color-4)","background-image":"","background-repeat":"repeat","background-position":"center center","background-size":"auto","background-attachment":"scroll","background-type":"","background-media":"","overlay-type":"","overlay-color":"","overlay-opacity":"","overlay-gradient":""},"tablet":{"background-color":"","background-image":"","background-repeat":"repeat","background-position":"center center","background-size":"auto","background-attachment":"scroll","background-type":"","background-media":"","overlay-type":"","overlay-color":"","overlay-opacity":"","overlay-gradient":""},"mobile":{"background-color":"","background-image":"","background-repeat":"repeat","background-position":"center center","background-size":"auto","background-attachment":"scroll","background-type":"","background-media":"","overlay-type":"","overlay-color":"","overlay-opacity":"","overlay-gradient":""}},"ast-content-background-meta":{"desktop":{"background-color":"var(--ast-global-color-5)","background-image":"","background-repeat":"repeat","background-position":"center center","background-size":"auto","background-attachment":"scroll","background-type":"","background-media":"","overlay-type":"","overlay-color":"","overlay-opacity":"","overlay-gradient":""},"tablet":{"background-color":"var(--ast-global-color-5)","background-image":"","background-repeat":"repeat","background-position":"center center","background-size":"auto","background-attachment":"scroll","background-type":"","background-media":"","overlay-type":"","overlay-color":"","overlay-opacity":"","overlay-gradient":""},"mobile":{"background-color":"var(--ast-global-color-5)","background-image":"","background-repeat":"repeat","background-position":"center center","background-size":"auto","background-attachment":"scroll","background-type":"","background-media":"","overlay-type":"","overlay-color":"","overlay-opacity":"","overlay-gradient":""}},"footnotes":""},"class_list":["post-4508","page","type-page","status-publish","hentry"],"_links":{"self":[{"href":"https:\/\/itallianhairtech.com\/en\/wp-json\/wp\/v2\/pages\/4508","targetHints":{"allow":["GET"]}}],"collection":[{"href":"https:\/\/itallianhairtech.com\/en\/wp-json\/wp\/v2\/pages"}],"about":[{"href":"https:\/\/itallianhairtech.com\/en\/wp-json\/wp\/v2\/types\/page"}],"author":[{"embeddable":true,"href":"https:\/\/itallianhairtech.com\/en\/wp-json\/wp\/v2\/users\/1"}],"replies":[{"embeddable":true,"href":"https:\/\/itallianhairtech.com\/en\/wp-json\/wp\/v2\/comments?post=4508"}],"version-history":[{"count":7,"href":"https:\/\/itallianhairtech.com\/en\/wp-json\/wp\/v2\/pages\/4508\/revisions"}],"predecessor-version":[{"id":4515,"href":"https:\/\/itallianhairtech.com\/en\/wp-json\/wp\/v2\/pages\/4508\/revisions\/4515"}],"wp:attachment":[{"href":"https:\/\/itallianhairtech.com\/en\/wp-json\/wp\/v2\/media?parent=4508"}],"curies":[{"name":"wp","href":"https:\/\/api.w.org\/{rel}","templated":true}]}}