{"id":1504,"date":"2024-12-10T21:15:22","date_gmt":"2024-12-11T00:15:22","guid":{"rendered":"https:\/\/itallianhairtech.com\/?page_id=1504"},"modified":"2025-08-13T08:53:05","modified_gmt":"2025-08-13T11:53:05","slug":"color-coloratto","status":"publish","type":"page","link":"https:\/\/itallianhairtech.com\/es\/color-coloratto\/","title":{"rendered":"Itallian Color Coloratto"},"content":{"rendered":"<div data-elementor-type=\"wp-page\" data-elementor-id=\"1504\" class=\"elementor elementor-1504\">\n\t\t\t\t<div class=\"elementor-element elementor-element-0023e7f e-flex e-con-boxed e-con e-parent\" data-id=\"0023e7f\" data-element_type=\"container\">\n\t\t\t\t\t<div class=\"e-con-inner\">\n\t\t\t\t<div class=\"elementor-element elementor-element-d7ca7ef elementor-widget elementor-widget-spacer\" data-id=\"d7ca7ef\" data-element_type=\"widget\" data-widget_type=\"spacer.default\">\n\t\t\t\t<div class=\"elementor-widget-container\">\n\t\t\t\t\t\t\t<div class=\"elementor-spacer\">\n\t\t\t<div class=\"elementor-spacer-inner\"><\/div>\n\t\t<\/div>\n\t\t\t\t\t\t<\/div>\n\t\t\t\t<\/div>\n\t\t\t\t\t<\/div>\n\t\t\t\t<\/div>\n\t\t<div class=\"elementor-element elementor-element-c753a05 e-flex e-con-boxed e-con e-parent\" data-id=\"c753a05\" data-element_type=\"container\">\n\t\t\t\t\t<div class=\"e-con-inner\">\n\t\t\t\t<div class=\"elementor-element elementor-element-bd2ad72 elementor-widget elementor-widget-spacer\" data-id=\"bd2ad72\" data-element_type=\"widget\" data-widget_type=\"spacer.default\">\n\t\t\t\t<div class=\"elementor-widget-container\">\n\t\t\t\t\t\t\t<div class=\"elementor-spacer\">\n\t\t\t<div class=\"elementor-spacer-inner\"><\/div>\n\t\t<\/div>\n\t\t\t\t\t\t<\/div>\n\t\t\t\t<\/div>\n\t\t\t\t\t<\/div>\n\t\t\t\t<\/div>\n\t\t<div class=\"elementor-element elementor-element-a50c919 e-con-full elementor-hidden-tablet elementor-hidden-mobile e-flex e-con e-parent\" data-id=\"a50c919\" data-element_type=\"container\">\n\t\t\t\t<div class=\"elementor-element elementor-element-582d6e7 elementor-widget__width-inherit elementor-widget elementor-widget-image\" data-id=\"582d6e7\" data-element_type=\"widget\" data-widget_type=\"image.default\">\n\t\t\t\t<div class=\"elementor-widget-container\">\n\t\t\t\t\t\t\t\t\t\t\t\t\t\t\t<img fetchpriority=\"high\" decoding=\"async\" width=\"1366\" height=\"411\" src=\"https:\/\/itallianhairtech.com\/wp-content\/uploads\/2025\/06\/fullbanner_desktop_1366x411px_coloratto_ES_2.png\" class=\"attachment-full size-full wp-image-8303\" alt=\"\" srcset=\"https:\/\/itallianhairtech.com\/wp-content\/uploads\/2025\/06\/fullbanner_desktop_1366x411px_coloratto_ES_2.png 1366w, https:\/\/itallianhairtech.com\/wp-content\/uploads\/2025\/06\/fullbanner_desktop_1366x411px_coloratto_ES_2-300x90.png 300w, https:\/\/itallianhairtech.com\/wp-content\/uploads\/2025\/06\/fullbanner_desktop_1366x411px_coloratto_ES_2-1024x308.png 1024w, https:\/\/itallianhairtech.com\/wp-content\/uploads\/2025\/06\/fullbanner_desktop_1366x411px_coloratto_ES_2-768x231.png 768w, https:\/\/itallianhairtech.com\/wp-content\/uploads\/2025\/06\/fullbanner_desktop_1366x411px_coloratto_ES_2-18x5.png 18w\" sizes=\"(max-width: 1366px) 100vw, 1366px\" \/>\t\t\t\t\t\t\t\t\t\t\t\t\t\t\t<\/div>\n\t\t\t\t<\/div>\n\t\t\t\t<\/div>\n\t\t<div class=\"elementor-element elementor-element-aac66a3 elementor-hidden-desktop e-flex e-con-boxed e-con e-parent\" data-id=\"aac66a3\" data-element_type=\"container\">\n\t\t\t\t\t<div class=\"e-con-inner\">\n\t\t\t\t<div class=\"elementor-element elementor-element-bf5fd62 elementor-widget elementor-widget-image\" data-id=\"bf5fd62\" data-element_type=\"widget\" data-widget_type=\"image.default\">\n\t\t\t\t<div class=\"elementor-widget-container\">\n\t\t\t\t\t\t\t\t\t\t\t\t\t\t\t<img decoding=\"async\" width=\"820\" height=\"1000\" src=\"https:\/\/itallianhairtech.com\/wp-content\/uploads\/2025\/06\/fullbanner_mobile_820x1000px_coloratto_ES.png\" class=\"attachment-large size-large wp-image-8551\" alt=\"\" srcset=\"https:\/\/itallianhairtech.com\/wp-content\/uploads\/2025\/06\/fullbanner_mobile_820x1000px_coloratto_ES.png 820w, https:\/\/itallianhairtech.com\/wp-content\/uploads\/2025\/06\/fullbanner_mobile_820x1000px_coloratto_ES-246x300.png 246w, https:\/\/itallianhairtech.com\/wp-content\/uploads\/2025\/06\/fullbanner_mobile_820x1000px_coloratto_ES-768x937.png 768w, https:\/\/itallianhairtech.com\/wp-content\/uploads\/2025\/06\/fullbanner_mobile_820x1000px_coloratto_ES-10x12.png 10w\" sizes=\"(max-width: 820px) 100vw, 820px\" \/>\t\t\t\t\t\t\t\t\t\t\t\t\t\t\t<\/div>\n\t\t\t\t<\/div>\n\t\t\t\t\t<\/div>\n\t\t\t\t<\/div>\n\t\t<div class=\"elementor-element elementor-element-ddd77b3 e-flex e-con-boxed e-con e-parent\" data-id=\"ddd77b3\" data-element_type=\"container\">\n\t\t\t\t\t<div class=\"e-con-inner\">\n\t\t\t\t<div class=\"elementor-element elementor-element-e104116 elementor-widget elementor-widget-heading\" data-id=\"e104116\" data-element_type=\"widget\" data-widget_type=\"heading.default\">\n\t\t\t\t<div class=\"elementor-widget-container\">\n\t\t\t\t\t<h2 class=\"elementor-heading-title elementor-size-default\">Itallian Color Coloratto<\/h2>\t\t\t\t<\/div>\n\t\t\t\t<\/div>\n\t\t\t\t\t<\/div>\n\t\t\t\t<\/div>\n\t\t<div class=\"elementor-element elementor-element-cef7e2f e-flex e-con-boxed e-con e-parent\" data-id=\"cef7e2f\" data-element_type=\"container\">\n\t\t\t\t\t<div class=\"e-con-inner\">\n\t\t\t\t<div class=\"elementor-element elementor-element-e800f28 elementor-widget elementor-widget-text-editor\" data-id=\"e800f28\" data-element_type=\"widget\" data-widget_type=\"text-editor.default\">\n\t\t\t\t<div class=\"elementor-widget-container\">\n\t\t\t\t\t\t\t\t\t<p>Itallian Color Coloratto es un tinte permanente sin amon\u00edaco, ideal para realzar el color natural del cabello. Ofrece una cobertura de hasta el 100% de las canas. Proporciona hidrataci\u00f3n a la vez que forma una pel\u00edcula con los pigmentos en la superficie del cabello, lo que, adem\u00e1s de cambiar el color, garantiza la protecci\u00f3n de las fibras, preserva el acondicionamiento y el brillo del cabello. Tiene acci\u00f3n antioxidante y remineralizante. Una poderosa combinaci\u00f3n de ingredientes activos naturales, deja el cabello sedoso, peinable y emoliente.<\/p>\t\t\t\t\t\t\t\t<\/div>\n\t\t\t\t<\/div>\n\t\t\t\t\t<\/div>\n\t\t\t\t<\/div>\n\t\t\t\t<section class=\"elementor-section elementor-inner-section elementor-element elementor-element-21bdfff elementor-section-content-middle elementor-reverse-tablet elementor-reverse-mobile elementor-section-boxed elementor-section-height-default elementor-section-height-default\" data-id=\"21bdfff\" data-element_type=\"section\" id=\"coloratto\" data-settings=\"{&quot;background_background&quot;:&quot;classic&quot;}\">\n\t\t\t\t\t\t<div class=\"elementor-container elementor-column-gap-no\">\n\t\t\t\t\t<div class=\"elementor-column elementor-col-33 elementor-inner-column elementor-element elementor-element-2f197350\" data-id=\"2f197350\" data-element_type=\"column\" data-settings=\"{&quot;background_background&quot;:&quot;classic&quot;}\">\n\t\t\t<div class=\"elementor-widget-wrap elementor-element-populated\">\n\t\t\t\t\t\t<div class=\"elementor-element elementor-element-17c8f718 elementor-widget__width-initial elementor-widget elementor-widget-heading\" data-id=\"17c8f718\" data-element_type=\"widget\" data-widget_type=\"heading.default\">\n\t\t\t\t<div class=\"elementor-widget-container\">\n\t\t\t\t\t<h4 class=\"elementor-heading-title elementor-size-default\">Coloraci\u00f3n Permanente Sin Amoniaco\nItallian Color Coloratto 60g<\/h4>\t\t\t\t<\/div>\n\t\t\t\t<\/div>\n\t\t\t\t<div class=\"elementor-element elementor-element-5e6caa81 elementor-widget-divider--view-line elementor-widget elementor-widget-divider\" data-id=\"5e6caa81\" data-element_type=\"widget\" data-widget_type=\"divider.default\">\n\t\t\t\t<div class=\"elementor-widget-container\">\n\t\t\t\t\t\t\t<div class=\"elementor-divider\">\n\t\t\t<span class=\"elementor-divider-separator\">\n\t\t\t\t\t\t<\/span>\n\t\t<\/div>\n\t\t\t\t\t\t<\/div>\n\t\t\t\t<\/div>\n\t\t\t\t<div class=\"elementor-element elementor-element-2915c1f8 elementor-widget__width-initial elementor-widget elementor-widget-text-editor\" data-id=\"2915c1f8\" data-element_type=\"widget\" data-widget_type=\"text-editor.default\">\n\t\t\t\t<div class=\"elementor-widget-container\">\n\t\t\t\t\t\t\t\t\t<p style=\"text-align: left;\">Su f\u00f3rmula contiene la tecnolog\u00eda K.tyon-r\u00ae: una combinaci\u00f3n de ingredientes que incluye aceite de pepitas de uva, un componente vegetal extra\u00eddo por presi\u00f3n en fr\u00edo de las pepitas de uva. Rico en tocoferol (vitamina E). Contiene extracto de algas - un concentrado de algas obtenido de granjas marinas del Mar de China y de la costa de Brasil, sales minerales y amino\u00e1cidos.<\/p><p>\u00a0<\/p><p><strong>S\u00f3lo disponible en Am\u00e9rica del Sur.<\/strong><\/p>\t\t\t\t\t\t\t\t<\/div>\n\t\t\t\t<\/div>\n\t\t\t\t<div class=\"elementor-element elementor-element-51fe28fa elementor-align-left elementor-mobile-align-center e-transform elementor-widget elementor-widget-button\" data-id=\"51fe28fa\" data-element_type=\"widget\" data-settings=\"{&quot;_transform_translateY_effect&quot;:{&quot;unit&quot;:&quot;px&quot;,&quot;size&quot;:-26,&quot;sizes&quot;:[]},&quot;_transform_translateX_effect&quot;:{&quot;unit&quot;:&quot;px&quot;,&quot;size&quot;:&quot;&quot;,&quot;sizes&quot;:[]},&quot;_transform_translateX_effect_tablet&quot;:{&quot;unit&quot;:&quot;px&quot;,&quot;size&quot;:&quot;&quot;,&quot;sizes&quot;:[]},&quot;_transform_translateX_effect_mobile&quot;:{&quot;unit&quot;:&quot;px&quot;,&quot;size&quot;:&quot;&quot;,&quot;sizes&quot;:[]},&quot;_transform_translateY_effect_tablet&quot;:{&quot;unit&quot;:&quot;px&quot;,&quot;size&quot;:&quot;&quot;,&quot;sizes&quot;:[]},&quot;_transform_translateY_effect_mobile&quot;:{&quot;unit&quot;:&quot;px&quot;,&quot;size&quot;:&quot;&quot;,&quot;sizes&quot;:[]}}\" data-widget_type=\"button.default\">\n\t\t\t\t<div class=\"elementor-widget-container\">\n\t\t\t\t\t\t\t\t\t<div class=\"elementor-button-wrapper\">\n\t\t\t\t\t<a class=\"elementor-button elementor-button-link elementor-size-sm\" href=\"\/es\/where-to-buy\/\">\n\t\t\t\t\t\t<span class=\"elementor-button-content-wrapper\">\n\t\t\t\t\t\t\t\t\t<span class=\"elementor-button-text\">D\u00f3nde comprar<\/span>\n\t\t\t\t\t<\/span>\n\t\t\t\t\t<\/a>\n\t\t\t\t<\/div>\n\t\t\t\t\t\t\t\t<\/div>\n\t\t\t\t<\/div>\n\t\t\t\t\t<\/div>\n\t\t<\/div>\n\t\t\t\t<div class=\"elementor-column elementor-col-66 elementor-inner-column elementor-element elementor-element-187e933a\" data-id=\"187e933a\" data-element_type=\"column\">\n\t\t\t<div class=\"elementor-widget-wrap elementor-element-populated\">\n\t\t\t\t\t\t<div class=\"elementor-element elementor-element-19b586d5 elementor-widget elementor-widget-image\" data-id=\"19b586d5\" data-element_type=\"widget\" data-widget_type=\"image.default\">\n\t\t\t\t<div class=\"elementor-widget-container\">\n\t\t\t\t\t\t\t\t\t\t\t\t\t\t\t<img decoding=\"async\" width=\"1024\" height=\"683\" src=\"https:\/\/itallianhairtech.com\/wp-content\/uploads\/2025\/02\/produtos_1200x800px_coloratto.png\" class=\"attachment-large size-large wp-image-6503\" alt=\"\" \/>\t\t\t\t\t\t\t\t\t\t\t\t\t\t\t<\/div>\n\t\t\t\t<\/div>\n\t\t\t\t\t<\/div>\n\t\t<\/div>\n\t\t\t\t\t<\/div>\n\t\t<\/section>\n\t\t<div class=\"elementor-element elementor-element-f08df01 e-con-full e-flex e-con e-parent\" data-id=\"f08df01\" data-element_type=\"container\" data-settings=\"{&quot;background_background&quot;:&quot;classic&quot;}\">\n\t\t\t\t<div class=\"elementor-element elementor-element-36befe34 elementor-widget elementor-widget-heading\" data-id=\"36befe34\" data-element_type=\"widget\" data-widget_type=\"heading.default\">\n\t\t\t\t<div class=\"elementor-widget-container\">\n\t\t\t\t\t<h3 class=\"elementor-heading-title elementor-size-default\">Descubra las otras l\u00edneas<\/h3>\t\t\t\t<\/div>\n\t\t\t\t<\/div>\n\t\t\t\t<\/div>\n\t\t<div class=\"elementor-element elementor-element-484d4bd4 e-flex e-con-boxed e-con e-parent\" data-id=\"484d4bd4\" data-element_type=\"container\" data-settings=\"{&quot;background_background&quot;:&quot;classic&quot;}\">\n\t\t\t\t\t<div class=\"e-con-inner\">\n\t\t<div class=\"elementor-element elementor-element-45d626d1 e-con-full e-flex e-con e-child\" data-id=\"45d626d1\" data-element_type=\"container\">\n\t\t<div class=\"elementor-element elementor-element-9da92da e-con-full e-flex e-con e-child\" data-id=\"9da92da\" data-element_type=\"container\">\n\t\t\t\t<div class=\"elementor-element elementor-element-3a77089e elementor-align-center elementor-widget elementor-widget-button\" data-id=\"3a77089e\" data-element_type=\"widget\" data-widget_type=\"button.default\">\n\t\t\t\t<div class=\"elementor-widget-container\">\n\t\t\t\t\t\t\t\t\t<div class=\"elementor-button-wrapper\">\n\t\t\t\t\t<a class=\"elementor-button elementor-button-link elementor-size-sm\" href=\"https:\/\/itallianhairtech.com\/es\/professional-trivitt\/\">\n\t\t\t\t\t\t<span class=\"elementor-button-content-wrapper\">\n\t\t\t\t\t\t\t\t\t<span class=\"elementor-button-text\">Trivitt<\/span>\n\t\t\t\t\t<\/span>\n\t\t\t\t\t<\/a>\n\t\t\t\t<\/div>\n\t\t\t\t\t\t\t\t<\/div>\n\t\t\t\t<\/div>\n\t\t\t\t<\/div>\n\t\t<div class=\"elementor-element elementor-element-521820e9 e-con-full e-flex e-con e-child\" data-id=\"521820e9\" data-element_type=\"container\">\n\t\t\t\t<div class=\"elementor-element elementor-element-587195b6 elementor-align-center elementor-widget elementor-widget-button\" data-id=\"587195b6\" data-element_type=\"widget\" data-widget_type=\"button.default\">\n\t\t\t\t<div class=\"elementor-widget-container\">\n\t\t\t\t\t\t\t\t\t<div class=\"elementor-button-wrapper\">\n\t\t\t\t\t<a class=\"elementor-button elementor-button-link elementor-size-sm\" href=\"https:\/\/itallianhairtech.com\/es\/extreme-up\/\">\n\t\t\t\t\t\t<span class=\"elementor-button-content-wrapper\">\n\t\t\t\t\t\t\t\t\t<span class=\"elementor-button-text\">Extreme Up <\/span>\n\t\t\t\t\t<\/span>\n\t\t\t\t\t<\/a>\n\t\t\t\t<\/div>\n\t\t\t\t\t\t\t\t<\/div>\n\t\t\t\t<\/div>\n\t\t\t\t<\/div>\n\t\t<div class=\"elementor-element elementor-element-556e00f1 e-con-full e-flex e-con e-child\" data-id=\"556e00f1\" data-element_type=\"container\">\n\t\t\t\t<div class=\"elementor-element elementor-element-316ffb43 elementor-align-center elementor-widget elementor-widget-button\" data-id=\"316ffb43\" data-element_type=\"widget\" data-widget_type=\"button.default\">\n\t\t\t\t<div class=\"elementor-widget-container\">\n\t\t\t\t\t\t\t\t\t<div class=\"elementor-button-wrapper\">\n\t\t\t\t\t<a class=\"elementor-button elementor-button-link elementor-size-sm\" href=\"https:\/\/itallianhairtech.com\/es\/home-care\/\">\n\t\t\t\t\t\t<span class=\"elementor-button-content-wrapper\">\n\t\t\t\t\t\t\t\t\t<span class=\"elementor-button-text\">Itallian hairtech<\/span>\n\t\t\t\t\t<\/span>\n\t\t\t\t\t<\/a>\n\t\t\t\t<\/div>\n\t\t\t\t\t\t\t\t<\/div>\n\t\t\t\t<\/div>\n\t\t\t\t<\/div>\n\t\t<div class=\"elementor-element elementor-element-6dc0c133 e-con-full e-flex e-con e-child\" data-id=\"6dc0c133\" data-element_type=\"container\">\n\t\t\t\t<div class=\"elementor-element elementor-element-478ed02 elementor-align-center elementor-widget elementor-widget-button\" data-id=\"478ed02\" data-element_type=\"widget\" data-widget_type=\"button.default\">\n\t\t\t\t<div class=\"elementor-widget-container\">\n\t\t\t\t\t\t\t\t\t<div class=\"elementor-button-wrapper\">\n\t\t\t\t\t<a class=\"elementor-button elementor-button-link elementor-size-sm\" href=\"https:\/\/itallianhairtech.com\/es\/color-professional-premium\/\">\n\t\t\t\t\t\t<span class=\"elementor-button-content-wrapper\">\n\t\t\t\t\t\t\t\t\t<span class=\"elementor-button-text\">Itallian Color<\/span>\n\t\t\t\t\t<\/span>\n\t\t\t\t\t<\/a>\n\t\t\t\t<\/div>\n\t\t\t\t\t\t\t\t<\/div>\n\t\t\t\t<\/div>\n\t\t\t\t<\/div>\n\t\t<div class=\"elementor-element elementor-element-a7276ff e-con-full e-flex e-con e-child\" data-id=\"a7276ff\" data-element_type=\"container\">\n\t\t\t\t<div class=\"elementor-element elementor-element-43e14628 elementor-align-center elementor-widget elementor-widget-button\" data-id=\"43e14628\" data-element_type=\"widget\" data-widget_type=\"button.default\">\n\t\t\t\t<div class=\"elementor-widget-container\">\n\t\t\t\t\t\t\t\t\t<div class=\"elementor-button-wrapper\">\n\t\t\t\t\t<a class=\"elementor-button elementor-button-link elementor-size-sm\" href=\"https:\/\/itallianhairtech.com\/es\/brands\/\">\n\t\t\t\t\t\t<span class=\"elementor-button-content-wrapper\">\n\t\t\t\t\t\t\t\t\t<span class=\"elementor-button-text\">Volver a las l\u00edneas<\/span>\n\t\t\t\t\t<\/span>\n\t\t\t\t\t<\/a>\n\t\t\t\t<\/div>\n\t\t\t\t\t\t\t\t<\/div>\n\t\t\t\t<\/div>\n\t\t\t\t<\/div>\n\t\t\t\t<\/div>\n\t\t\t\t\t<\/div>\n\t\t\t\t<\/div>\n\t\t<div class=\"elementor-element elementor-element-c8f5352 e-flex e-con-boxed e-con e-parent\" data-id=\"c8f5352\" data-element_type=\"container\">\n\t\t\t\t\t<div class=\"e-con-inner\">\n\t\t\t\t<div class=\"elementor-element elementor-element-6f9cf45 elementor-widget elementor-widget-spacer\" data-id=\"6f9cf45\" data-element_type=\"widget\" data-widget_type=\"spacer.default\">\n\t\t\t\t<div class=\"elementor-widget-container\">\n\t\t\t\t\t\t\t<div class=\"elementor-spacer\">\n\t\t\t<div class=\"elementor-spacer-inner\"><\/div>\n\t\t<\/div>\n\t\t\t\t\t\t<\/div>\n\t\t\t\t<\/div>\n\t\t\t\t\t<\/div>\n\t\t\t\t<\/div>\n\t\t\t\t<\/div>","protected":false},"excerpt":{"rendered":"<p>Itallian Color Coloratto Itallian Color Coloratto is a permanent, ammonia-free hair dye, ideal for enhancing natural hair color. It offers up to 100% coverage of gray hair. It provides hydration while forming a film with the pigments on the surface of the hair, which, in addition to changing the color, guarantees protection of the fibers, [&hellip;]<\/p>\n","protected":false},"author":1,"featured_media":0,"parent":0,"menu_order":0,"comment_status":"closed","ping_status":"closed","template":"","meta":{"site-sidebar-layout":"no-sidebar","site-content-layout":"page-builder","ast-site-content-layout":"full-width-container","site-content-style":"default","site-sidebar-style":"default","ast-global-header-display":"","ast-banner-title-visibility":"","ast-main-header-display":"","ast-hfb-above-header-display":"","ast-hfb-below-header-display":"","ast-hfb-mobile-header-display":"","site-post-title":"disabled","ast-breadcrumbs-content":"","ast-featured-img":"disabled","footer-sml-layout":"","ast-disable-related-posts":"","theme-transparent-header-meta":"","adv-header-id-meta":"","stick-header-meta":"","header-above-stick-meta":"","header-main-stick-meta":"","header-below-stick-meta":"","astra-migrate-meta-layouts":"default","ast-page-background-enabled":"default","ast-page-background-meta":{"desktop":{"background-color":"var(--ast-global-color-4)","background-image":"","background-repeat":"repeat","background-position":"center center","background-size":"auto","background-attachment":"scroll","background-type":"","background-media":"","overlay-type":"","overlay-color":"","overlay-opacity":"","overlay-gradient":""},"tablet":{"background-color":"","background-image":"","background-repeat":"repeat","background-position":"center center","background-size":"auto","background-attachment":"scroll","background-type":"","background-media":"","overlay-type":"","overlay-color":"","overlay-opacity":"","overlay-gradient":""},"mobile":{"background-color":"","background-image":"","background-repeat":"repeat","background-position":"center center","background-size":"auto","background-attachment":"scroll","background-type":"","background-media":"","overlay-type":"","overlay-color":"","overlay-opacity":"","overlay-gradient":""}},"ast-content-background-meta":{"desktop":{"background-color":"var(--ast-global-color-5)","background-image":"","background-repeat":"repeat","background-position":"center center","background-size":"auto","background-attachment":"scroll","background-type":"","background-media":"","overlay-type":"","overlay-color":"","overlay-opacity":"","overlay-gradient":""},"tablet":{"background-color":"var(--ast-global-color-5)","background-image":"","background-repeat":"repeat","background-position":"center center","background-size":"auto","background-attachment":"scroll","background-type":"","background-media":"","overlay-type":"","overlay-color":"","overlay-opacity":"","overlay-gradient":""},"mobile":{"background-color":"var(--ast-global-color-5)","background-image":"","background-repeat":"repeat","background-position":"center center","background-size":"auto","background-attachment":"scroll","background-type":"","background-media":"","overlay-type":"","overlay-color":"","overlay-opacity":"","overlay-gradient":""}},"footnotes":""},"class_list":["post-1504","page","type-page","status-publish","hentry"],"_links":{"self":[{"href":"https:\/\/itallianhairtech.com\/es\/wp-json\/wp\/v2\/pages\/1504","targetHints":{"allow":["GET"]}}],"collection":[{"href":"https:\/\/itallianhairtech.com\/es\/wp-json\/wp\/v2\/pages"}],"about":[{"href":"https:\/\/itallianhairtech.com\/es\/wp-json\/wp\/v2\/types\/page"}],"author":[{"embeddable":true,"href":"https:\/\/itallianhairtech.com\/es\/wp-json\/wp\/v2\/users\/1"}],"replies":[{"embeddable":true,"href":"https:\/\/itallianhairtech.com\/es\/wp-json\/wp\/v2\/comments?post=1504"}],"version-history":[{"count":160,"href":"https:\/\/itallianhairtech.com\/es\/wp-json\/wp\/v2\/pages\/1504\/revisions"}],"predecessor-version":[{"id":9115,"href":"https:\/\/itallianhairtech.com\/es\/wp-json\/wp\/v2\/pages\/1504\/revisions\/9115"}],"wp:attachment":[{"href":"https:\/\/itallianhairtech.com\/es\/wp-json\/wp\/v2\/media?parent=1504"}],"curies":[{"name":"wp","href":"https:\/\/api.w.org\/{rel}","templated":true}]}}