{"id":3,"date":"2024-12-09T14:35:25","date_gmt":"2024-12-09T17:35:25","guid":{"rendered":"https:\/\/itallianhairtech.com\/?page_id=3"},"modified":"2025-06-12T14:40:10","modified_gmt":"2025-06-12T17:40:10","slug":"politica-de-privacidade","status":"publish","type":"page","link":"https:\/\/itallianhairtech.com\/es\/politica-de-privacidade\/","title":{"rendered":"Pol\u00edtica de privacidade"},"content":{"rendered":"<div data-elementor-type=\"wp-page\" data-elementor-id=\"3\" class=\"elementor elementor-3\">\n\t\t\t\t<div class=\"elementor-element elementor-element-221eee9 e-flex e-con-boxed e-con e-parent\" data-id=\"221eee9\" data-element_type=\"container\">\n\t\t\t\t\t<div class=\"e-con-inner\">\n\t\t\t\t<div class=\"elementor-element elementor-element-72cf609 elementor-widget elementor-widget-spacer\" data-id=\"72cf609\" data-element_type=\"widget\" data-widget_type=\"spacer.default\">\n\t\t\t\t<div class=\"elementor-widget-container\">\n\t\t\t\t\t\t\t<div class=\"elementor-spacer\">\n\t\t\t<div class=\"elementor-spacer-inner\"><\/div>\n\t\t<\/div>\n\t\t\t\t\t\t<\/div>\n\t\t\t\t<\/div>\n\t\t\t\t\t<\/div>\n\t\t\t\t<\/div>\n\t\t<div class=\"elementor-element elementor-element-18bdae46 e-flex e-con-boxed e-con e-parent\" data-id=\"18bdae46\" data-element_type=\"container\">\n\t\t\t\t\t<div class=\"e-con-inner\">\n\t\t\t\t<div class=\"elementor-element elementor-element-583d8b74 elementor-widget elementor-widget-text-editor\" data-id=\"583d8b74\" data-element_type=\"widget\" data-widget_type=\"text-editor.default\">\n\t\t\t\t<div class=\"elementor-widget-container\">\n\t\t\t\t\t\t\t\t\t<p>Itallian Hairtech es una empresa brasile\u00f1a, con la siguiente raz\u00f3n social NETWORK BEAUTY &amp; FASHION COSMETICA LTDA, empresa, inscrita en el Registro de Personas Jur\u00eddicas del Ministerio de Hacienda con el n\u00ba 03.424.849\/0001-80, con sede en Rua Sargento Oswaldo, 142, en el barrio de Tatuap\u00e9, en el Municipio de S\u00e3o Paulo, en el Estado de S\u00e3o Paulo, CEP. 03069-020.<\/p><p>M\u00e1s informaci\u00f3n:\n\nLa presente Pol\u00edtica de Privacidad podr\u00e1 ser actualizada y ajustada en cualquier momento para reflejar las pr\u00e1cticas de Itallian Hairtech en \nSiempre que usted realiza una compra en uno de nuestros sitios web, se registra en nuestra app o se suscribe para recibir un certificado a trav\u00e9s de nuestras plataformas digitales, nos facilita cierta informaci\u00f3n que permite identificarle. Esta informaci\u00f3n se denomina datos personales y tiene por objeto permitir la realizaci\u00f3n de una transacci\u00f3n.<\/p><p>De conformidad con las disposiciones y conceptos contenidos en la Ley General de Protecci\u00f3n de Datos Personales, popularmente conocida como LGPD, (Ley Federal No. 13.709.2018), nuestra empresa fungir\u00e1 como CONTROLADOR de su informaci\u00f3n, lo que significa que somos responsables de definir no s\u00f3lo qu\u00e9 pasar\u00e1 con ella, sino tambi\u00e9n de crear medios para protegerla.<\/p><p>Sabemos que hay muchos conceptos y que todo esto puede ser muy nuevo para ti, por eso hemos hecho nuestra pol\u00edtica de privacidad lo m\u00e1s clara y explicativa posible, para que la entiendas f\u00e1cilmente, entre otras cosas porque nuestro trabajo se basa en una relaci\u00f3n de respeto y confianza con cada cliente.<\/p><p>Pero, \u00bfsabe lo que son los datos personales?<\/p><p>Como se ha mencionado anteriormente, seg\u00fan nuestra legislaci\u00f3n, los datos personales son informaci\u00f3n relativa a una persona f\u00edsica, conocida popularmente como individuo, que permite identificarla o facilitar su identificaci\u00f3n.<\/p><p>La LGPD - Ley General de Protecci\u00f3n de Datos Personales, determina dos roles muy importantes para quienes trabajan con este tipo de informaci\u00f3n, que son de suma importancia para que usted entienda c\u00f3mo operamos, a saber:<\/p><p>- \"Responsable del tratamiento: Persona f\u00edsica o moral, de derecho p\u00fablico o privado, responsable de las decisiones relativas al tratamiento de datos personales;\" (Fracci\u00f3n VI del Art\u00edculo 5 de la Ley General de Protecci\u00f3n de Datos Personales)<\/p><p>- \"Encargado del tratamiento: Persona f\u00edsica o jur\u00eddica, de derecho p\u00fablico o privado, que trata datos personales por cuenta del responsable del tratamiento;\" (Punto VII del art. 5 de la Ley General de Protecci\u00f3n de Datos de Car\u00e1cter Personal)<\/p><p>Itallian Hairtech act\u00faa como responsable del tratamiento de los datos personales facilitados por cada cliente en nuestro entorno virtual, para fines espec\u00edficos. De este modo, los terceros que nos prestan servicios tales como plataformas para el desarrollo y mantenimiento del sitio web, medios de pago, entre otros, se identifican como los operadores de estos datos, y deben hacer exclusivamente lo que las relaciones contractuales les permiten y nada m\u00e1s.<\/p><p>\u00bfQu\u00e9 datos se recogen?<\/p><p>A continuaci\u00f3n enumeramos las situaciones en las que recopilamos sus datos personales, compru\u00e9belas:<\/p><p>Inscripci\u00f3n en el sitio web institucional:<\/p><p>Nombre completo<\/p><p>E-mail<br \/>Telephone:<\/p><p>Adem\u00e1s de la informaci\u00f3n anterior, existe la posibilidad de que el usuario cree un inicio de sesi\u00f3n a trav\u00e9s de un perfil existente en otros medios sociales, lo que proporciona al cliente m\u00e1s practicidad, comodidad y eficacia.<\/p><p>Mientras navegas por la plataforma:<\/p><p>Direcci\u00f3n IP<\/p><p>ID de sesi\u00f3n<\/p><p>Datos de geolocalizaci\u00f3n<\/p><p>Fecha y hora de acceso<\/p><p>Zonas visitadas<\/p><p>Haga clic en Registro<\/p><p>Identificadores de cookies<\/p><p>Data on items purchased or only selected. Data from mobile devices used to access the website (including operating system version, browser, connection and installed software).\u00a0During access to our app:<br \/>Acceso a la c\u00e1mara<br \/>Acceso a la galer\u00eda de im\u00e1genes<br \/>\u00bfC\u00f3mo utilizamos sus datos personales?<\/p><p>Sus datos personales se utilizan para garantizar un servicio de calidad y una experiencia excelente, relacionados con la prestaci\u00f3n de nuestros productos y servicios a cada cliente, en nuestro entorno virtual, de la siguiente manera:<\/p><p>To correctly identify the User.\u00a0To send the products purchased.\u00a0<br \/>Para identificaci\u00f3n en el Call Center Para ayudar a diagnosticar y resolver problemas t\u00e9cnicos. Para permitir mecanismos de control de stock, log\u00edstica inversa y devoluciones de productos; Mantener registros para una mejor comunicaci\u00f3n con nuestros clientes; Prestar los servicios puestos a disposici\u00f3n en el entorno en l\u00ednea, en cumplimiento de las obligaciones contractuales asumidas; Definir y analizar los patrones de consumo y preferencias de nuestros clientes, incluso para la difusi\u00f3n de ofertas personalizadas y la indicaci\u00f3n de productos, contenidos, noticias y otras informaciones relevantes para una relaci\u00f3n m\u00e1s asertiva;<\/p><p>Realizaci\u00f3n de campa\u00f1as publicitarias para Itallian Hairtech, incluso mediante asociaciones con medios de comunicaci\u00f3n y redes sociales;<\/p><p>Consolidaci\u00f3n de los indicadores de uso de los servicios disponibles en nuestra plataforma y acciones de mejora continua;<\/p><p>Personalizaci\u00f3n y mejora del rendimiento de la navegaci\u00f3n;<\/p><p>Aumento de los mecanismos de seguridad f\u00edsica y patrimonial;<\/p><p>Reducci\u00f3n del riesgo de actividades ilegales y lucha contra el fraude;<\/p><p>Reducci\u00f3n del riesgo de actividades ilegales y lucha contra el fraude;\nCumplimiento de obligaciones legales o reglamentarias y\/o ejercicio regular de derechos en procedimientos judiciales, administrativos y\/o arbitrales. Colaborar en el cumplimiento de una orden judicial, de una autoridad competente o de un organismo de control. Para mostrar anuncios personalizados. \u00bfC\u00f3mo se utilizan las cookies y tecnolog\u00edas similares?<\/p><p>Adem\u00e1s de los datos proporcionados por el titular al utilizar plataformas digitales, utilizamos elementos como las cookies para mejorar la navegabilidad y la experiencia del Usuario.<\/p><p>Las cookies son peque\u00f1os archivos que almacenan temporalmente determinadas preferencias identificadas durante las visitas al dominio, permitiendo almacenar datos relativos al ordenador u otro dispositivo utilizado por el Usuario en navegaciones anteriores, con el fin de optimizar la interacci\u00f3n dentro de la plataforma.<\/p><p>Algunas cookies son esenciales para el funcionamiento de la plataforma electr\u00f3nica, y no es posible desactivarlas sin que ello repercuta negativamente en la navegaci\u00f3n.<\/p><p>Por otro lado, tambi\u00e9n existen las denominadas cookies no esenciales, que, aunque no son obligatorias, permiten optimizar la experiencia del Usuario, proporcionando recursos como la memorizaci\u00f3n de preferencias, t\u00e9rminos de b\u00fasqueda e historial de productos insertados en el \u00abCarrito\u00bb, por ejemplo, permitiendo as\u00ed que la navegaci\u00f3n se realice de forma personalizada. Usted puede controlar el uso de cookies no esenciales a trav\u00e9s de la configuraci\u00f3n de su navegador, pero esto puede afectar al correcto funcionamiento de nuestras plataformas.<\/p><p>\u00bfCon qui\u00e9n compartimos los datos personales?<\/p><p>Los datos personales utilizados por Itallian Hairtech, dentro de los l\u00edmites de lo necesario, podr\u00e1n ser compartidos con algunos destinatarios, a saber:<\/p><p>Socios comerciales, proveedores de servicios y proveedores: dado que muchos de los servicios prestados dependen de la colaboraci\u00f3n con otras empresas, podemos compartir datos personales con socios -como proveedores de tecnolog\u00eda, plataformas de pago y empresas de transporte y log\u00edstica-, lo que hacemos en estricto cumplimiento de los fines informados a los interesados.<\/p><p>Socios antifraude: con el fin de detectar el fraude, tenemos que compartir algunos datos personales indicados por nuestros socios, lo que puede incluso dar lugar a la contrataci\u00f3n de servicios antifraude espec\u00edficos.<\/p><p>Auditor\u00edas externas: los datos personales pueden compartirse con servicios externos de auditor\u00eda de nuestras operaciones, especialmente para analizar el cumplimiento de los par\u00e1metros de privacidad, protecci\u00f3n de datos y seguridad de la informaci\u00f3n.<\/p><p>Autoridades p\u00fablicas u organismos oficiales: para cumplir con las obligaciones legales a las que estamos sujetos, es posible que tengamos que compartir datos con autoridades p\u00fablicas u organismos oficiales, previa solicitud o disposici\u00f3n legal expresa.<\/p><p>\u00bfC\u00f3mo protegemos los datos personales?<\/p><p>Como responsable del tratamiento de los datos personales de nuestros clientes, Itallian Hairtech ha adoptado las pol\u00edticas, mecanismos y procedimientos de seguridad existentes en el mercado para proteger los datos personales contra el acceso no autorizado y contra la destrucci\u00f3n, p\u00e9rdida, alteraci\u00f3n, comunicaci\u00f3n o difusi\u00f3n accidental o il\u00edcita.<\/p><p>Sin embargo, como ocurre con todas las circunstancias inherentes a la arquitectura de Internet, la seguridad no puede garantizarse sin restricciones contra todas las amenazas que existen en el entorno virtual, y nos comprometemos, en la medida de nuestras posibilidades, a utilizar las medidas de seguridad disponibles para evitar incidentes.<\/p><p>Adem\u00e1s, nos esforzamos por concienciar a nuestros empleados de la importancia de la protecci\u00f3n de datos, con el fin de mantenerlos al d\u00eda de las mejores pr\u00e1cticas del mercado y de la importancia de aplicar flujos internos como el control de acceso y el deber de confidencialidad.<\/p><p>\u00bfCu\u00e1nto tiempo se conservan los datos personales?<\/p><p>La pol\u00edtica de conservaci\u00f3n de datos personales de Itallian Hairtech se ajusta a las siguientes directrices:<\/p><p>En nuestros sistemas s\u00f3lo se conservan los datos personales estrictamente necesarios para el cumplimiento de los fines del tratamiento. Por lo tanto, siempre que procede, eliminamos los datos personales innecesarios o excesivos;<\/p><p>Asimismo, cabe se\u00f1alar que, incluso con el fin de suprimir datos innecesarios, conservamos la informaci\u00f3n necesaria para el cumplimiento de obligaciones legales y reglamentarias o para el ejercicio regular de nuestros derechos.<\/p><p>\u00bfCu\u00e1les son los derechos de los interesados?<\/p><p>En los t\u00e9rminos de la legislaci\u00f3n brasile\u00f1a, destacamos los siguientes derechos, que podr\u00e1n ser solicitados por los titulares de los datos personales a trav\u00e9s de los canales de contacto previstos en esta Pol\u00edtica, respetando los l\u00edmites aplicables:<\/p><p>Confirmaci\u00f3n y acceso a los datos: cualquier persona puede solicitar la confirmaci\u00f3n de la existencia del tratamiento y el acceso a los datos tratados por Itallian Hairtech, as\u00ed como informaci\u00f3n sobre su posible cesi\u00f3n a terceros. No obstante, para posibilitar el ejercicio de este derecho, podremos implementar mecanismos de autenticaci\u00f3n de la identidad del solicitante, con el objetivo de garantizar la seguridad y protecci\u00f3n de la informaci\u00f3n tratada.<\/p><p>Revocaci\u00f3n del consentimiento: en las situaciones en que se requiera el consentimiento para llevar a cabo operaciones de tratamiento, \u00e9ste podr\u00e1 revocarse en cualquier momento manifest\u00e1ndolo expresamente al interesado, de forma sencilla, gratuita y f\u00e1cilmente accesible.<\/p><p>Rectificaci\u00f3n: en caso de que los datos personales sean incorrectos, inexactos o no est\u00e9n actualizados, el interesado podr\u00e1 solicitar la rectificaci\u00f3n de esta informaci\u00f3n o incluso hacerla posible de forma r\u00e1pida e inmediata actualizando su registro en nuestra plataforma.<\/p><p>Supresi\u00f3n o anonimizaci\u00f3n: el interesado podr\u00e1 solicitar la supresi\u00f3n o anonimizaci\u00f3n de los datos facilitados en algunas situaciones espec\u00edficas -en particular cuando la base jur\u00eddica del tratamiento sea el consentimiento-, especialmente cuando considere que sus datos est\u00e1n siendo tratados de forma excesiva, innecesaria o contraria a la legislaci\u00f3n aplicable. No obstante, es perfectamente posible que, incluso despu\u00e9s de la solicitud de supresi\u00f3n, algunos datos personales sigan almacen\u00e1ndose, en cumplimiento de obligaciones legales o para la protecci\u00f3n de nuestros intereses o los de terceros.<\/p><p>Oposici\u00f3n: el titular de los datos personales debe tener la posibilidad de oponerse al tratamiento de sus datos personales, dentro de los l\u00edmites e imposiciones establecidos por la ley.<\/p><p>Otras informaciones:<\/p><p>La presente Pol\u00edtica de Privacidad podr\u00e1 ser actualizada y ajustada en cualquier momento para reflejar las pr\u00e1cticas de Itallian Hairtech en materia de privacidad y protecci\u00f3n de datos personales. Si la actualizaci\u00f3n es sustancial, utilizaremos los medios disponibles para ponernos en contacto con nuestros clientes para que sean conscientes de los cambios. En cualquier caso, la fecha de la \u00faltima actualizaci\u00f3n aparecer\u00e1 siempre al final del documento, por lo que se recomienda al titular que vigile la informaci\u00f3n facilitada.<\/p><p>Canales de contacto:<\/p><p>Now that the General Data Protection Act is in force, you can submit any request regarding the use of your personal data by Itallian Hairtech by filling in the form available on the website www.itallianhairtech.comWe will be happy to assist you!<\/p>\t\t\t\t\t\t\t\t<\/div>\n\t\t\t\t<\/div>\n\t\t\t\t\t<\/div>\n\t\t\t\t<\/div>\n\t\t\t\t<\/div>","protected":false},"excerpt":{"rendered":"<p>Itallian Hairtech is a Brazilian company, with the following corporate name NETWORK BEAUTY &amp; FASHION COSMETICA LTDA, company, registered in the Register of Legal Entities of the Ministry of Finance under No. 03.424.849\/0001-80, with headquarters at Rua Sargento Oswaldo, 142, in the neighborhood of Tatuap\u00e9, in the Municipality of S\u00e3o Paulo, in the State of [&hellip;]<\/p>\n","protected":false},"author":1,"featured_media":0,"parent":0,"menu_order":0,"comment_status":"closed","ping_status":"open","template":"","meta":{"site-sidebar-layout":"default","site-content-layout":"","ast-site-content-layout":"default","site-content-style":"default","site-sidebar-style":"default","ast-global-header-display":"","ast-banner-title-visibility":"","ast-main-header-display":"","ast-hfb-above-header-display":"","ast-hfb-below-header-display":"","ast-hfb-mobile-header-display":"","site-post-title":"","ast-breadcrumbs-content":"","ast-featured-img":"","footer-sml-layout":"","ast-disable-related-posts":"","theme-transparent-header-meta":"","adv-header-id-meta":"","stick-header-meta":"","header-above-stick-meta":"","header-main-stick-meta":"","header-below-stick-meta":"","astra-migrate-meta-layouts":"default","ast-page-background-enabled":"default","ast-page-background-meta":{"desktop":{"background-color":"var(--ast-global-color-4)","background-image":"","background-repeat":"repeat","background-position":"center center","background-size":"auto","background-attachment":"scroll","background-type":"","background-media":"","overlay-type":"","overlay-color":"","overlay-opacity":"","overlay-gradient":""},"tablet":{"background-color":"","background-image":"","background-repeat":"repeat","background-position":"center center","background-size":"auto","background-attachment":"scroll","background-type":"","background-media":"","overlay-type":"","overlay-color":"","overlay-opacity":"","overlay-gradient":""},"mobile":{"background-color":"","background-image":"","background-repeat":"repeat","background-position":"center center","background-size":"auto","background-attachment":"scroll","background-type":"","background-media":"","overlay-type":"","overlay-color":"","overlay-opacity":"","overlay-gradient":""}},"ast-content-background-meta":{"desktop":{"background-color":"var(--ast-global-color-5)","background-image":"","background-repeat":"repeat","background-position":"center center","background-size":"auto","background-attachment":"scroll","background-type":"","background-media":"","overlay-type":"","overlay-color":"","overlay-opacity":"","overlay-gradient":""},"tablet":{"background-color":"var(--ast-global-color-5)","background-image":"","background-repeat":"repeat","background-position":"center center","background-size":"auto","background-attachment":"scroll","background-type":"","background-media":"","overlay-type":"","overlay-color":"","overlay-opacity":"","overlay-gradient":""},"mobile":{"background-color":"var(--ast-global-color-5)","background-image":"","background-repeat":"repeat","background-position":"center center","background-size":"auto","background-attachment":"scroll","background-type":"","background-media":"","overlay-type":"","overlay-color":"","overlay-opacity":"","overlay-gradient":""}},"footnotes":""},"class_list":["post-3","page","type-page","status-publish","hentry"],"_links":{"self":[{"href":"https:\/\/itallianhairtech.com\/es\/wp-json\/wp\/v2\/pages\/3","targetHints":{"allow":["GET"]}}],"collection":[{"href":"https:\/\/itallianhairtech.com\/es\/wp-json\/wp\/v2\/pages"}],"about":[{"href":"https:\/\/itallianhairtech.com\/es\/wp-json\/wp\/v2\/types\/page"}],"author":[{"embeddable":true,"href":"https:\/\/itallianhairtech.com\/es\/wp-json\/wp\/v2\/users\/1"}],"replies":[{"embeddable":true,"href":"https:\/\/itallianhairtech.com\/es\/wp-json\/wp\/v2\/comments?post=3"}],"version-history":[{"count":18,"href":"https:\/\/itallianhairtech.com\/es\/wp-json\/wp\/v2\/pages\/3\/revisions"}],"predecessor-version":[{"id":8684,"href":"https:\/\/itallianhairtech.com\/es\/wp-json\/wp\/v2\/pages\/3\/revisions\/8684"}],"wp:attachment":[{"href":"https:\/\/itallianhairtech.com\/es\/wp-json\/wp\/v2\/media?parent=3"}],"curies":[{"name":"wp","href":"https:\/\/api.w.org\/{rel}","templated":true}]}}