{"id":3388,"date":"2025-01-13T13:18:11","date_gmt":"2025-01-13T16:18:11","guid":{"rendered":"https:\/\/itallianhairtech.com\/?page_id=3388"},"modified":"2025-11-11T16:56:00","modified_gmt":"2025-11-11T19:56:00","slug":"qrcode-trivitt-hidratacao-1kg","status":"publish","type":"page","link":"https:\/\/itallianhairtech.com\/es\/qrcode-trivitt-hidratacao-1kg\/","title":{"rendered":"qrcode-trivitt-hidratacao1kg"},"content":{"rendered":"<div data-elementor-type=\"wp-page\" data-elementor-id=\"3388\" class=\"elementor elementor-3388\">\n\t\t\t\t<div class=\"elementor-element elementor-element-66f37ec e-flex e-con-boxed e-con e-parent\" data-id=\"66f37ec\" data-element_type=\"container\">\n\t\t\t\t\t<div class=\"e-con-inner\">\n\t\t\t\t<div class=\"elementor-element elementor-element-205fac9 elementor-widget elementor-widget-spacer\" data-id=\"205fac9\" data-element_type=\"widget\" data-widget_type=\"spacer.default\">\n\t\t\t\t<div class=\"elementor-widget-container\">\n\t\t\t\t\t\t\t<div class=\"elementor-spacer\">\n\t\t\t<div class=\"elementor-spacer-inner\"><\/div>\n\t\t<\/div>\n\t\t\t\t\t\t<\/div>\n\t\t\t\t<\/div>\n\t\t\t\t\t<\/div>\n\t\t\t\t<\/div>\n\t\t<div class=\"elementor-element elementor-element-1c193c3 e-flex e-con-boxed e-con e-parent\" data-id=\"1c193c3\" data-element_type=\"container\">\n\t\t\t\t\t<div class=\"e-con-inner\">\n\t\t\t\t<div class=\"elementor-element elementor-element-3ed6873 elementor-widget elementor-widget-spacer\" data-id=\"3ed6873\" data-element_type=\"widget\" data-widget_type=\"spacer.default\">\n\t\t\t\t<div class=\"elementor-widget-container\">\n\t\t\t\t\t\t\t<div class=\"elementor-spacer\">\n\t\t\t<div class=\"elementor-spacer-inner\"><\/div>\n\t\t<\/div>\n\t\t\t\t\t\t<\/div>\n\t\t\t\t<\/div>\n\t\t\t\t\t<\/div>\n\t\t\t\t<\/div>\n\t\t\t\t<section class=\"elementor-section elementor-inner-section elementor-element elementor-element-5eb6126d elementor-section-content-middle elementor-reverse-tablet elementor-reverse-mobile elementor-section-boxed elementor-section-height-default elementor-section-height-default\" data-id=\"5eb6126d\" data-element_type=\"section\" id=\"coloratto\" data-settings=\"{&quot;background_background&quot;:&quot;classic&quot;}\">\n\t\t\t\t\t\t<div class=\"elementor-container elementor-column-gap-no\">\n\t\t\t\t\t<div class=\"elementor-column elementor-col-33 elementor-inner-column elementor-element elementor-element-6b5b2edf\" data-id=\"6b5b2edf\" data-element_type=\"column\" data-settings=\"{&quot;background_background&quot;:&quot;classic&quot;}\">\n\t\t\t<div class=\"elementor-widget-wrap elementor-element-populated\">\n\t\t\t\t\t\t<div class=\"elementor-element elementor-element-26905a2e elementor-widget elementor-widget-heading\" data-id=\"26905a2e\" data-element_type=\"widget\" data-widget_type=\"heading.default\">\n\t\t\t\t<div class=\"elementor-widget-container\">\n\t\t\t\t\t<h3 class=\"elementor-heading-title elementor-size-default\">Hidrata\u00e7\u00e3o <br>Intensiva 1Kg<\/h3>\t\t\t\t<\/div>\n\t\t\t\t<\/div>\n\t\t\t\t<div class=\"elementor-element elementor-element-1c79669b elementor-widget-divider--view-line elementor-widget elementor-widget-divider\" data-id=\"1c79669b\" data-element_type=\"widget\" data-widget_type=\"divider.default\">\n\t\t\t\t<div class=\"elementor-widget-container\">\n\t\t\t\t\t\t\t<div class=\"elementor-divider\">\n\t\t\t<span class=\"elementor-divider-separator\">\n\t\t\t\t\t\t<\/span>\n\t\t<\/div>\n\t\t\t\t\t\t<\/div>\n\t\t\t\t<\/div>\n\t\t\t\t<div class=\"elementor-element elementor-element-651d791d elementor-widget__width-initial elementor-widget elementor-widget-text-editor\" data-id=\"651d791d\" data-element_type=\"widget\" data-widget_type=\"text-editor.default\">\n\t\t\t\t<div class=\"elementor-widget-container\">\n\t\t\t\t\t\t\t\t\t<p style=\"text-align: left;\">\u00c1GUA, \u00c1LCOOL CETOESTEAR\u00cdLICO, \u00c1LCOOL CET\u00cdLICO, CLORETO DE BEENTRIM\u00d4NIO, CLORETO DE DICETILDIM\u00d4NIO, ESTEARAMIDOPROPIL DIMETILAMINA, TREALOSE, GLICEROL, \u00d3LEO VEGETAL, FRAGR\u00c2NCIA, AMODIMETICONA, QUAT\u00c9RNIO-22, \u00c1CIDO L\u00c1CTICO, PROPILENOGLICOL, \u00c1LCOOL ISOPROP\u00cdLICO, BENZOATO DE S\u00d3DIO, SORBATO DE POT\u00c1SSIO, EDETATO DISS\u00d3DICO, POLIETILENOGLICOL-12 \u00c9TER DE \u00c1LCOOL TRIDEC\u00cdLICO, \u00d3LEO DA SEMENTE DE CAMELINA SATIVA, BENZOATO DE S\u00d3DIO, CLORETO DE CETRIM\u00d4NIO, PROTE\u00cdNA DE TRIGO HIDROLISADA, PROTE\u00cdNA DE SOJA HIDROLISADA, CARBOCISTE\u00cdNA, \u00c1CIDO GLUT\u00c2MICO, TREONINA, SERINA, EDETATO DE S\u00d3DIO, \u00c1CIDO C\u00cdTRICO, LINALOL, HEXIL CINAMAL, LIMONENO.<\/p>\t\t\t\t\t\t\t\t<\/div>\n\t\t\t\t<\/div>\n\t\t\t\t\t<\/div>\n\t\t<\/div>\n\t\t\t\t<div class=\"elementor-column elementor-col-66 elementor-inner-column elementor-element elementor-element-41186dee\" data-id=\"41186dee\" data-element_type=\"column\">\n\t\t\t<div class=\"elementor-widget-wrap elementor-element-populated\">\n\t\t\t\t\t\t<div class=\"elementor-element elementor-element-269c1e63 elementor-widget elementor-widget-image\" data-id=\"269c1e63\" data-element_type=\"widget\" data-widget_type=\"image.default\">\n\t\t\t\t<div class=\"elementor-widget-container\">\n\t\t\t\t\t\t\t\t\t\t\t\t\t\t\t<img fetchpriority=\"high\" decoding=\"async\" width=\"1024\" height=\"683\" src=\"https:\/\/itallianhairtech.com\/wp-content\/uploads\/2025\/01\/Hidratacao-Intensiva-1Kg.png\" class=\"attachment-large size-large wp-image-3390\" alt=\"\" \/>\t\t\t\t\t\t\t\t\t\t\t\t\t\t\t<\/div>\n\t\t\t\t<\/div>\n\t\t\t\t\t<\/div>\n\t\t<\/div>\n\t\t\t\t\t<\/div>\n\t\t<\/section>\n\t\t\t\t<\/div>","protected":false},"excerpt":{"rendered":"<p>Hidrata\u00e7\u00e3o Intensiva 1Kg \u00c1GUA, \u00c1LCOOL CETOESTEAR\u00cdLICO, \u00c1LCOOL CET\u00cdLICO, CLORETO DE BEENTRIM\u00d4NIO, CLORETO DE DICETILDIM\u00d4NIO, ESTEARAMIDOPROPIL DIMETILAMINA, TREALOSE, GLICEROL, \u00d3LEO VEGETAL, FRAGR\u00c2NCIA, AMODIMETICONA, QUAT\u00c9RNIO-22, \u00c1CIDO L\u00c1CTICO, PROPILENOGLICOL, \u00c1LCOOL ISOPROP\u00cdLICO, BENZOATO DE S\u00d3DIO, SORBATO DE POT\u00c1SSIO, EDETATO DISS\u00d3DICO, POLIETILENOGLICOL-12 \u00c9TER DE \u00c1LCOOL TRIDEC\u00cdLICO, \u00d3LEO DA SEMENTE DE CAMELINA SATIVA, BENZOATO DE S\u00d3DIO, CLORETO DE CETRIM\u00d4NIO, PROTE\u00cdNA DE [&hellip;]<\/p>\n","protected":false},"author":1,"featured_media":0,"parent":0,"menu_order":0,"comment_status":"closed","ping_status":"closed","template":"","meta":{"site-sidebar-layout":"no-sidebar","site-content-layout":"page-builder","ast-site-content-layout":"full-width-container","site-content-style":"default","site-sidebar-style":"default","ast-global-header-display":"","ast-banner-title-visibility":"","ast-main-header-display":"","ast-hfb-above-header-display":"","ast-hfb-below-header-display":"","ast-hfb-mobile-header-display":"","site-post-title":"disabled","ast-breadcrumbs-content":"","ast-featured-img":"disabled","footer-sml-layout":"","ast-disable-related-posts":"","theme-transparent-header-meta":"","adv-header-id-meta":"","stick-header-meta":"","header-above-stick-meta":"","header-main-stick-meta":"","header-below-stick-meta":"","astra-migrate-meta-layouts":"set","ast-page-background-enabled":"default","ast-page-background-meta":{"desktop":{"background-color":"var(--ast-global-color-4)","background-image":"","background-repeat":"repeat","background-position":"center center","background-size":"auto","background-attachment":"scroll","background-type":"","background-media":"","overlay-type":"","overlay-color":"","overlay-opacity":"","overlay-gradient":""},"tablet":{"background-color":"","background-image":"","background-repeat":"repeat","background-position":"center center","background-size":"auto","background-attachment":"scroll","background-type":"","background-media":"","overlay-type":"","overlay-color":"","overlay-opacity":"","overlay-gradient":""},"mobile":{"background-color":"","background-image":"","background-repeat":"repeat","background-position":"center center","background-size":"auto","background-attachment":"scroll","background-type":"","background-media":"","overlay-type":"","overlay-color":"","overlay-opacity":"","overlay-gradient":""}},"ast-content-background-meta":{"desktop":{"background-color":"var(--ast-global-color-5)","background-image":"","background-repeat":"repeat","background-position":"center center","background-size":"auto","background-attachment":"scroll","background-type":"","background-media":"","overlay-type":"","overlay-color":"","overlay-opacity":"","overlay-gradient":""},"tablet":{"background-color":"var(--ast-global-color-5)","background-image":"","background-repeat":"repeat","background-position":"center center","background-size":"auto","background-attachment":"scroll","background-type":"","background-media":"","overlay-type":"","overlay-color":"","overlay-opacity":"","overlay-gradient":""},"mobile":{"background-color":"var(--ast-global-color-5)","background-image":"","background-repeat":"repeat","background-position":"center center","background-size":"auto","background-attachment":"scroll","background-type":"","background-media":"","overlay-type":"","overlay-color":"","overlay-opacity":"","overlay-gradient":""}},"footnotes":""},"class_list":["post-3388","page","type-page","status-publish","hentry"],"_links":{"self":[{"href":"https:\/\/itallianhairtech.com\/es\/wp-json\/wp\/v2\/pages\/3388","targetHints":{"allow":["GET"]}}],"collection":[{"href":"https:\/\/itallianhairtech.com\/es\/wp-json\/wp\/v2\/pages"}],"about":[{"href":"https:\/\/itallianhairtech.com\/es\/wp-json\/wp\/v2\/types\/page"}],"author":[{"embeddable":true,"href":"https:\/\/itallianhairtech.com\/es\/wp-json\/wp\/v2\/users\/1"}],"replies":[{"embeddable":true,"href":"https:\/\/itallianhairtech.com\/es\/wp-json\/wp\/v2\/comments?post=3388"}],"version-history":[{"count":9,"href":"https:\/\/itallianhairtech.com\/es\/wp-json\/wp\/v2\/pages\/3388\/revisions"}],"predecessor-version":[{"id":9177,"href":"https:\/\/itallianhairtech.com\/es\/wp-json\/wp\/v2\/pages\/3388\/revisions\/9177"}],"wp:attachment":[{"href":"https:\/\/itallianhairtech.com\/es\/wp-json\/wp\/v2\/media?parent=3388"}],"curies":[{"name":"wp","href":"https:\/\/api.w.org\/{rel}","templated":true}]}}