{"id":4483,"date":"2025-01-20T15:25:48","date_gmt":"2025-01-20T18:25:48","guid":{"rendered":"https:\/\/itallianhairtech.com\/?page_id=4483"},"modified":"2025-03-10T17:43:39","modified_gmt":"2025-03-10T20:43:39","slug":"kit-home-care-com-hidratacao-componentes","status":"publish","type":"page","link":"https:\/\/itallianhairtech.com\/es\/kit-home-care-com-hidratacao-componentes\/","title":{"rendered":"kit-home-care-com-hidratacao-componentes\/"},"content":{"rendered":"<div data-elementor-type=\"wp-page\" data-elementor-id=\"4483\" class=\"elementor elementor-4483\">\n\t\t\t\t<div class=\"elementor-element elementor-element-7cd2892 e-flex e-con-boxed e-con e-parent\" data-id=\"7cd2892\" data-element_type=\"container\">\n\t\t\t\t\t<div class=\"e-con-inner\">\n\t\t\t\t<div class=\"elementor-element elementor-element-acf8ddf elementor-widget elementor-widget-spacer\" data-id=\"acf8ddf\" data-element_type=\"widget\" data-widget_type=\"spacer.default\">\n\t\t\t\t<div class=\"elementor-widget-container\">\n\t\t\t\t\t\t\t<div class=\"elementor-spacer\">\n\t\t\t<div class=\"elementor-spacer-inner\"><\/div>\n\t\t<\/div>\n\t\t\t\t\t\t<\/div>\n\t\t\t\t<\/div>\n\t\t\t\t\t<\/div>\n\t\t\t\t<\/div>\n\t\t<div class=\"elementor-element elementor-element-520a2b5 e-flex e-con-boxed e-con e-parent\" data-id=\"520a2b5\" data-element_type=\"container\">\n\t\t\t\t\t<div class=\"e-con-inner\">\n\t\t\t\t<div class=\"elementor-element elementor-element-5114fb5 elementor-widget elementor-widget-spacer\" data-id=\"5114fb5\" data-element_type=\"widget\" data-widget_type=\"spacer.default\">\n\t\t\t\t<div class=\"elementor-widget-container\">\n\t\t\t\t\t\t\t<div class=\"elementor-spacer\">\n\t\t\t<div class=\"elementor-spacer-inner\"><\/div>\n\t\t<\/div>\n\t\t\t\t\t\t<\/div>\n\t\t\t\t<\/div>\n\t\t\t\t\t<\/div>\n\t\t\t\t<\/div>\n\t\t<div class=\"elementor-element elementor-element-17133a2 e-flex e-con-boxed e-con e-parent\" data-id=\"17133a2\" data-element_type=\"container\">\n\t\t\t\t\t<div class=\"e-con-inner\">\n\t\t\t\t<div class=\"elementor-element elementor-element-400a6a2 elementor-widget elementor-widget-spacer\" data-id=\"400a6a2\" data-element_type=\"widget\" data-widget_type=\"spacer.default\">\n\t\t\t\t<div class=\"elementor-widget-container\">\n\t\t\t\t\t\t\t<div class=\"elementor-spacer\">\n\t\t\t<div class=\"elementor-spacer-inner\"><\/div>\n\t\t<\/div>\n\t\t\t\t\t\t<\/div>\n\t\t\t\t<\/div>\n\t\t\t\t\t<\/div>\n\t\t\t\t<\/div>\n\t\t<div class=\"elementor-element elementor-element-fe934a8 e-flex e-con-boxed e-con e-parent\" data-id=\"fe934a8\" data-element_type=\"container\">\n\t\t\t\t\t<div class=\"e-con-inner\">\n\t\t\t\t<div class=\"elementor-element elementor-element-1219e75 elementor-widget elementor-widget-spacer\" data-id=\"1219e75\" data-element_type=\"widget\" data-widget_type=\"spacer.default\">\n\t\t\t\t<div class=\"elementor-widget-container\">\n\t\t\t\t\t\t\t<div class=\"elementor-spacer\">\n\t\t\t<div class=\"elementor-spacer-inner\"><\/div>\n\t\t<\/div>\n\t\t\t\t\t\t<\/div>\n\t\t\t\t<\/div>\n\t\t\t\t\t<\/div>\n\t\t\t\t<\/div>\n\t\t\t\t<section class=\"elementor-section elementor-top-section elementor-element elementor-element-1841ec37 elementor-section-boxed elementor-section-height-default elementor-section-height-default\" data-id=\"1841ec37\" data-element_type=\"section\" data-settings=\"{&quot;background_background&quot;:&quot;classic&quot;}\">\n\t\t\t\t\t\t<div class=\"elementor-container elementor-column-gap-no\">\n\t\t\t\t\t<div class=\"elementor-column elementor-col-100 elementor-top-column elementor-element elementor-element-52ac151e\" data-id=\"52ac151e\" data-element_type=\"column\">\n\t\t\t<div class=\"elementor-widget-wrap elementor-element-populated\">\n\t\t\t\t\t\t<div class=\"elementor-element elementor-element-783cf752 elementor-widget elementor-widget-heading\" data-id=\"783cf752\" data-element_type=\"widget\" data-widget_type=\"heading.default\">\n\t\t\t\t<div class=\"elementor-widget-container\">\n\t\t\t\t\t<h2 class=\"elementor-heading-title elementor-size-default\">kit home care hidrata\u00e7\u00e3o especial<\/h2>\t\t\t\t<\/div>\n\t\t\t\t<\/div>\n\t\t\t\t<section class=\"elementor-section elementor-inner-section elementor-element elementor-element-1c6b8d2 elementor-section-content-middle elementor-section-full_width elementor-section-height-default elementor-section-height-default\" data-id=\"1c6b8d2\" data-element_type=\"section\" data-settings=\"{&quot;background_background&quot;:&quot;classic&quot;}\">\n\t\t\t\t\t\t<div class=\"elementor-container elementor-column-gap-no\">\n\t\t\t\t\t<div class=\"elementor-column elementor-col-66 elementor-inner-column elementor-element elementor-element-26097e62\" data-id=\"26097e62\" data-element_type=\"column\">\n\t\t\t<div class=\"elementor-widget-wrap elementor-element-populated\">\n\t\t\t\t\t\t<div class=\"elementor-element elementor-element-49e72501 elementor-widget-mobile__width-initial elementor-widget elementor-widget-image\" data-id=\"49e72501\" data-element_type=\"widget\" data-widget_type=\"image.default\">\n\t\t\t\t<div class=\"elementor-widget-container\">\n\t\t\t\t\t\t\t\t\t\t\t\t\t\t\t<img fetchpriority=\"high\" decoding=\"async\" width=\"1200\" height=\"800\" src=\"https:\/\/itallianhairtech.com\/wp-content\/uploads\/2025\/01\/Shampoo-pos-quimica.png\" class=\"attachment-full size-full wp-image-3360\" alt=\"\" \/>\t\t\t\t\t\t\t\t\t\t\t\t\t\t\t<\/div>\n\t\t\t\t<\/div>\n\t\t\t\t\t<\/div>\n\t\t<\/div>\n\t\t\t\t<div class=\"elementor-column elementor-col-33 elementor-inner-column elementor-element elementor-element-1a7882f3\" data-id=\"1a7882f3\" data-element_type=\"column\" data-settings=\"{&quot;background_background&quot;:&quot;classic&quot;}\">\n\t\t\t<div class=\"elementor-widget-wrap elementor-element-populated\">\n\t\t\t\t\t\t<div class=\"elementor-element elementor-element-26d84ac elementor-widget-mobile__width-initial elementor-widget elementor-widget-heading\" data-id=\"26d84ac\" data-element_type=\"widget\" data-widget_type=\"heading.default\">\n\t\t\t\t<div class=\"elementor-widget-container\">\n\t\t\t\t\t<h3 class=\"elementor-heading-title elementor-size-default\">Shampoo p\u00f3s-qu\u00edmica<\/h3>\t\t\t\t<\/div>\n\t\t\t\t<\/div>\n\t\t\t\t<div class=\"elementor-element elementor-element-77f4e7ea elementor-widget-divider--view-line elementor-widget elementor-widget-divider\" data-id=\"77f4e7ea\" data-element_type=\"widget\" data-widget_type=\"divider.default\">\n\t\t\t\t<div class=\"elementor-widget-container\">\n\t\t\t\t\t\t\t<div class=\"elementor-divider\">\n\t\t\t<span class=\"elementor-divider-separator\">\n\t\t\t\t\t\t<\/span>\n\t\t<\/div>\n\t\t\t\t\t\t<\/div>\n\t\t\t\t<\/div>\n\t\t\t\t<div class=\"elementor-element elementor-element-4cc117aa elementor-widget__width-initial elementor-widget elementor-widget-text-editor\" data-id=\"4cc117aa\" data-element_type=\"widget\" data-widget_type=\"text-editor.default\">\n\t\t\t\t<div class=\"elementor-widget-container\">\n\t\t\t\t\t\t\t\t\t<p>\u00c1GUA, LAURILETERSULFATO DE S\u00d3DIO, LAURIL SULFATO DE AM\u00d4NIO, COCOAMIDOPROPILBETA\u00cdNA, LAURIL GLICOS\u00cdDEO, DIETANOLAMINA COCAMIDA, COCOATO DE POLIETILENOGLICOL-7 GLICERILA, PROPILENOGLICOL, DIESTEARATO DE ETILENOGLICOL, FRAGR\u00c2NCIA, CLORETO DE GOMA GUAR HIDROXIPROPILTRIM\u00d4NIO, HIDROXIETIL UREIA, COCO-GLICOS\u00cdDEO, MONOLEATO DE GLICERILA, \u00c1CIDO C\u00cdTRICO, BENZOATO DE S\u00d3DIO, CLORETO DE S\u00d3DIO, EDETATO DISS\u00d3DICO, SORBATO DE POT\u00c1SSIO, DIMETILIDANTO\u00cdNA, MACROGOL, UREIA, CITRATO DE S\u00d3DIO, EDETATO DE S\u00d3DIO, \u00c1CIDO BENZOICO, FENOXIETANOL, \u00d3LEO VEGETAL, IMIDAZOLIDINILUREIA, PROTE\u00cdNA DE TRIGO HIDROLISADA, PROTE\u00cdNA DE SOJA HIDROLISADA, CARBOCISTE\u00cdNA, \u00c1CIDO GLUT\u00c2MICO, \u00d3LEO DA SEMENTE DE CAMELINA SATIVA, TREONINA, SERINA, TOCOFEROL, CITRATO DE GLICER\u00cdDEOS VEGETAIS HIDROGENADOS, METILCLOROISOTIAZOLINONA E METILISOTIAZOLINONA, NITRATO DE MAGN\u00c9SIO, CLORETO DE MAGN\u00c9SIO, LINALOL, HEXIL CINAMAL,LIMONENO.<\/p>\t\t\t\t\t\t\t\t<\/div>\n\t\t\t\t<\/div>\n\t\t\t\t\t<\/div>\n\t\t<\/div>\n\t\t\t\t\t<\/div>\n\t\t<\/section>\n\t\t\t\t<section class=\"elementor-section elementor-inner-section elementor-element elementor-element-43e62854 elementor-section-content-middle elementor-reverse-tablet elementor-reverse-mobile elementor-section-boxed elementor-section-height-default elementor-section-height-default\" data-id=\"43e62854\" data-element_type=\"section\" data-settings=\"{&quot;background_background&quot;:&quot;classic&quot;}\">\n\t\t\t\t\t\t<div class=\"elementor-container elementor-column-gap-no\">\n\t\t\t\t\t<div class=\"elementor-column elementor-col-33 elementor-inner-column elementor-element elementor-element-2207b36b\" data-id=\"2207b36b\" data-element_type=\"column\" data-settings=\"{&quot;background_background&quot;:&quot;classic&quot;}\">\n\t\t\t<div class=\"elementor-widget-wrap elementor-element-populated\">\n\t\t\t\t\t\t<div class=\"elementor-element elementor-element-175b37df elementor-widget elementor-widget-heading\" data-id=\"175b37df\" data-element_type=\"widget\" data-widget_type=\"heading.default\">\n\t\t\t\t<div class=\"elementor-widget-container\">\n\t\t\t\t\t<h3 class=\"elementor-heading-title elementor-size-default\">Condicionador<\/h3>\t\t\t\t<\/div>\n\t\t\t\t<\/div>\n\t\t\t\t<div class=\"elementor-element elementor-element-4e1f422d elementor-widget-divider--view-line elementor-widget elementor-widget-divider\" data-id=\"4e1f422d\" data-element_type=\"widget\" data-widget_type=\"divider.default\">\n\t\t\t\t<div class=\"elementor-widget-container\">\n\t\t\t\t\t\t\t<div class=\"elementor-divider\">\n\t\t\t<span class=\"elementor-divider-separator\">\n\t\t\t\t\t\t<\/span>\n\t\t<\/div>\n\t\t\t\t\t\t<\/div>\n\t\t\t\t<\/div>\n\t\t\t\t<div class=\"elementor-element elementor-element-6b872a17 elementor-widget elementor-widget-text-editor\" data-id=\"6b872a17\" data-element_type=\"widget\" data-widget_type=\"text-editor.default\">\n\t\t\t\t<div class=\"elementor-widget-container\">\n\t\t\t\t\t\t\t\t\t<p>\u00c1GUA, \u00c1LCOOL CETOESTEAR\u00cdLICO, PETROLATO L\u00cdQUIDO, GLICEROL, MONOETANOLAMINA DE ACETAMIDA, \u00c1LCOOL CET\u00cdLICO, DECAMETILCICLOPENTASILOXANO, METOSSULFATO DE BEENTRIM\u00d4NIO, FRAGR\u00c2NCIA, FENIL TRIMETICONA, ESTEARAMIDOPROPIL DIMETILAMINA, \u00c1CIDO L\u00c1CTICO, CLORETO DE CETRIM\u00d4NIO, \u00c1LCOOL ETILICO, DIMETICONOL, BENZOATO DE S\u00d3DIO, EDETATO DISS\u00d3DICO, CROSPOL\u00cdMERO DE DIMETICONA, SORBATO DE POT\u00c1SSIO, \u00d3LEO VEGETAL, PROTE\u00cdNA DE TRIGO HIDROLISADA, PROTE\u00cdNA DE SOJA HIDROLISADA, CARBOCISTE\u00cdNA, \u00c1CIDO GLUT\u00c2MICO, \u00d3LEO DA SEMENTE DE CAMELINA SATIVA, TREONINA, SERINA, EDETATO DE S\u00d3DIO, \u00c1CIDO C\u00cdTRICO, LINALOL, HEXIL CINAMAL, LIMONENO.<\/p>\t\t\t\t\t\t\t\t<\/div>\n\t\t\t\t<\/div>\n\t\t\t\t\t<\/div>\n\t\t<\/div>\n\t\t\t\t<div class=\"elementor-column elementor-col-66 elementor-inner-column elementor-element elementor-element-4e8e3fc9\" data-id=\"4e8e3fc9\" data-element_type=\"column\">\n\t\t\t<div class=\"elementor-widget-wrap elementor-element-populated\">\n\t\t\t\t\t\t<div class=\"elementor-element elementor-element-6085206c elementor-widget-mobile__width-initial elementor-widget elementor-widget-image\" data-id=\"6085206c\" data-element_type=\"widget\" data-widget_type=\"image.default\">\n\t\t\t\t<div class=\"elementor-widget-container\">\n\t\t\t\t\t\t\t\t\t\t\t\t\t\t\t<img decoding=\"async\" width=\"1200\" height=\"800\" src=\"https:\/\/itallianhairtech.com\/wp-content\/uploads\/2025\/01\/Condicionador_200ml.png\" class=\"attachment-full size-full wp-image-3378\" alt=\"\" \/>\t\t\t\t\t\t\t\t\t\t\t\t\t\t\t<\/div>\n\t\t\t\t<\/div>\n\t\t\t\t\t<\/div>\n\t\t<\/div>\n\t\t\t\t\t<\/div>\n\t\t<\/section>\n\t\t\t\t<section class=\"elementor-section elementor-inner-section elementor-element elementor-element-57f18b81 elementor-section-content-middle elementor-section-boxed elementor-section-height-default elementor-section-height-default\" data-id=\"57f18b81\" data-element_type=\"section\" data-settings=\"{&quot;background_background&quot;:&quot;classic&quot;}\">\n\t\t\t\t\t\t<div class=\"elementor-container elementor-column-gap-no\">\n\t\t\t\t\t<div class=\"elementor-column elementor-col-66 elementor-inner-column elementor-element elementor-element-7b029e15\" data-id=\"7b029e15\" data-element_type=\"column\">\n\t\t\t<div class=\"elementor-widget-wrap elementor-element-populated\">\n\t\t\t\t\t\t<div class=\"elementor-element elementor-element-192e9a2c elementor-widget-mobile__width-initial elementor-widget elementor-widget-image\" data-id=\"192e9a2c\" data-element_type=\"widget\" data-widget_type=\"image.default\">\n\t\t\t\t<div class=\"elementor-widget-container\">\n\t\t\t\t\t\t\t\t\t\t\t\t\t\t\t<img decoding=\"async\" width=\"1024\" height=\"683\" src=\"https:\/\/itallianhairtech.com\/wp-content\/uploads\/2025\/01\/Hidratacao-Intensiva-200g.png\" class=\"attachment-large size-large wp-image-3384\" alt=\"\" \/>\t\t\t\t\t\t\t\t\t\t\t\t\t\t\t<\/div>\n\t\t\t\t<\/div>\n\t\t\t\t\t<\/div>\n\t\t<\/div>\n\t\t\t\t<div class=\"elementor-column elementor-col-33 elementor-inner-column elementor-element elementor-element-691b1d07\" data-id=\"691b1d07\" data-element_type=\"column\" data-settings=\"{&quot;background_background&quot;:&quot;classic&quot;}\">\n\t\t\t<div class=\"elementor-widget-wrap elementor-element-populated\">\n\t\t\t\t\t\t<div class=\"elementor-element elementor-element-4dde2c1d elementor-widget-mobile__width-initial elementor-widget elementor-widget-heading\" data-id=\"4dde2c1d\" data-element_type=\"widget\" data-widget_type=\"heading.default\">\n\t\t\t\t<div class=\"elementor-widget-container\">\n\t\t\t\t\t<h3 class=\"elementor-heading-title elementor-size-default\">Hidrata\u00e7\u00e3o Intensiva<\/h3>\t\t\t\t<\/div>\n\t\t\t\t<\/div>\n\t\t\t\t<div class=\"elementor-element elementor-element-1e029fa8 elementor-widget-divider--view-line elementor-widget elementor-widget-divider\" data-id=\"1e029fa8\" data-element_type=\"widget\" data-widget_type=\"divider.default\">\n\t\t\t\t<div class=\"elementor-widget-container\">\n\t\t\t\t\t\t\t<div class=\"elementor-divider\">\n\t\t\t<span class=\"elementor-divider-separator\">\n\t\t\t\t\t\t<\/span>\n\t\t<\/div>\n\t\t\t\t\t\t<\/div>\n\t\t\t\t<\/div>\n\t\t\t\t<div class=\"elementor-element elementor-element-36743909 elementor-widget__width-initial elementor-widget elementor-widget-text-editor\" data-id=\"36743909\" data-element_type=\"widget\" data-widget_type=\"text-editor.default\">\n\t\t\t\t<div class=\"elementor-widget-container\">\n\t\t\t\t\t\t\t\t\t<p>\u00c1GUA, \u00c1LCOOL CETOESTEAR\u00cdLICO, \u00c1LCOOL CET\u00cdLICO, CLORETO DE BEENTRIM\u00d4NIO, CLORETO DE DICETILDIM\u00d4NIO, ESTEARAMIDOPROPIL DIMETILAMINA, TREALOSE, GLICEROL, \u00d3LEO VEGETAL, FRAGR\u00c2NCIA, AMODIMETICONA, QUAT\u00c9RNIO-22, \u00c1CIDO L\u00c1CTICO, PROPILENOGLICOL, \u00c1LCOOL ISOPROP\u00cdLICO, BENZOATO DE S\u00d3DIO, SORBATO DE POT\u00c1SSIO, EDETATO DISS\u00d3DICO, POLIETILENOGLICOL-12 \u00c9TER DE \u00c1LCOOL TRIDEC\u00cdLICO, \u00d3LEO DA SEMENTE DE CAMELINA SATIVA, BENZOATO DE S\u00d3DIO, CLORETO DE CETRIM\u00d4NIO, PROTE\u00cdNA DE TRIGO HIDROLISADA, PROTE\u00cdNA DE SOJA HIDROLISADA, CARBOCISTE\u00cdNA, \u00c1CIDO GLUT\u00c2MICO, TREONINA, SERINA, EDETATO DE S\u00d3DIO, \u00c1CIDO C\u00cdTRICO, LINALOL, HEXIL CINAMAL, LIMONENO.<\/p>\t\t\t\t\t\t\t\t<\/div>\n\t\t\t\t<\/div>\n\t\t\t\t\t<\/div>\n\t\t<\/div>\n\t\t\t\t\t<\/div>\n\t\t<\/section>\n\t\t\t\t<section class=\"elementor-section elementor-inner-section elementor-element elementor-element-67b9d8a elementor-section-content-middle elementor-reverse-tablet elementor-reverse-mobile elementor-section-boxed elementor-section-height-default elementor-section-height-default\" data-id=\"67b9d8a\" data-element_type=\"section\" data-settings=\"{&quot;background_background&quot;:&quot;classic&quot;}\">\n\t\t\t\t\t\t<div class=\"elementor-container elementor-column-gap-no\">\n\t\t\t\t\t<div class=\"elementor-column elementor-col-33 elementor-inner-column elementor-element elementor-element-2a7ba024\" data-id=\"2a7ba024\" data-element_type=\"column\" data-settings=\"{&quot;background_background&quot;:&quot;classic&quot;}\">\n\t\t\t<div class=\"elementor-widget-wrap elementor-element-populated\">\n\t\t\t\t\t\t<div class=\"elementor-element elementor-element-20299f36 elementor-widget-mobile__width-initial elementor-widget elementor-widget-heading\" data-id=\"20299f36\" data-element_type=\"widget\" data-widget_type=\"heading.default\">\n\t\t\t\t<div class=\"elementor-widget-container\">\n\t\t\t\t\t<h3 class=\"elementor-heading-title elementor-size-default\">Reparador de Pontas<\/h3>\t\t\t\t<\/div>\n\t\t\t\t<\/div>\n\t\t\t\t<div class=\"elementor-element elementor-element-19b4a927 elementor-widget-divider--view-line elementor-widget elementor-widget-divider\" data-id=\"19b4a927\" data-element_type=\"widget\" data-widget_type=\"divider.default\">\n\t\t\t\t<div class=\"elementor-widget-container\">\n\t\t\t\t\t\t\t<div class=\"elementor-divider\">\n\t\t\t<span class=\"elementor-divider-separator\">\n\t\t\t\t\t\t<\/span>\n\t\t<\/div>\n\t\t\t\t\t\t<\/div>\n\t\t\t\t<\/div>\n\t\t\t\t<div class=\"elementor-element elementor-element-719e9718 elementor-widget elementor-widget-text-editor\" data-id=\"719e9718\" data-element_type=\"widget\" data-widget_type=\"text-editor.default\">\n\t\t\t\t<div class=\"elementor-widget-container\">\n\t\t\t\t\t\t\t\t\t<p>DECAMETILCICLOPENTASILOXANO, DIMETICONA, DIMETICONOL, FRAGR\u00c2NCIA, OCTINOXATO, BUTIL-HIDROXITOLUENO, LINALOL, HEXIL CINAMAL, LIMONENO.<\/p>\t\t\t\t\t\t\t\t<\/div>\n\t\t\t\t<\/div>\n\t\t\t\t\t<\/div>\n\t\t<\/div>\n\t\t\t\t<div class=\"elementor-column elementor-col-66 elementor-inner-column elementor-element elementor-element-47d4fff9\" data-id=\"47d4fff9\" data-element_type=\"column\">\n\t\t\t<div class=\"elementor-widget-wrap elementor-element-populated\">\n\t\t\t\t\t\t<div class=\"elementor-element elementor-element-3f2f955d elementor-widget-mobile__width-initial elementor-widget elementor-widget-image\" data-id=\"3f2f955d\" data-element_type=\"widget\" data-widget_type=\"image.default\">\n\t\t\t\t<div class=\"elementor-widget-container\">\n\t\t\t\t\t\t\t\t\t\t\t\t\t\t\t<img loading=\"lazy\" decoding=\"async\" width=\"1200\" height=\"800\" src=\"https:\/\/itallianhairtech.com\/wp-content\/uploads\/2025\/01\/REPARADOR-DE-PONTAS-TRIVITT-30ML_2.png\" class=\"attachment-full size-full wp-image-4236\" alt=\"\" \/>\t\t\t\t\t\t\t\t\t\t\t\t\t\t\t<\/div>\n\t\t\t\t<\/div>\n\t\t\t\t\t<\/div>\n\t\t<\/div>\n\t\t\t\t\t<\/div>\n\t\t<\/section>\n\t\t\t\t\t<\/div>\n\t\t<\/div>\n\t\t\t\t\t<\/div>\n\t\t<\/section>\n\t\t<div class=\"elementor-element elementor-element-1584335 e-flex e-con-boxed e-con e-parent\" data-id=\"1584335\" data-element_type=\"container\">\n\t\t\t\t\t<div class=\"e-con-inner\">\n\t\t\t\t<div class=\"elementor-element elementor-element-8d0e5ef elementor-widget elementor-widget-spacer\" data-id=\"8d0e5ef\" data-element_type=\"widget\" data-widget_type=\"spacer.default\">\n\t\t\t\t<div class=\"elementor-widget-container\">\n\t\t\t\t\t\t\t<div class=\"elementor-spacer\">\n\t\t\t<div class=\"elementor-spacer-inner\"><\/div>\n\t\t<\/div>\n\t\t\t\t\t\t<\/div>\n\t\t\t\t<\/div>\n\t\t\t\t\t<\/div>\n\t\t\t\t<\/div>\n\t\t\t\t<\/div>","protected":false},"excerpt":{"rendered":"<p>kit home care hidrata\u00e7\u00e3o especial Shampoo p\u00f3s-qu\u00edmica \u00c1GUA, LAURILETERSULFATO DE S\u00d3DIO, LAURIL SULFATO DE AM\u00d4NIO, COCOAMIDOPROPILBETA\u00cdNA, LAURIL GLICOS\u00cdDEO, DIETANOLAMINA COCAMIDA, COCOATO DE POLIETILENOGLICOL-7 GLICERILA, PROPILENOGLICOL, DIESTEARATO DE ETILENOGLICOL, FRAGR\u00c2NCIA, CLORETO DE GOMA GUAR HIDROXIPROPILTRIM\u00d4NIO, HIDROXIETIL UREIA, COCO-GLICOS\u00cdDEO, MONOLEATO DE GLICERILA, \u00c1CIDO C\u00cdTRICO, BENZOATO DE S\u00d3DIO, CLORETO DE S\u00d3DIO, EDETATO DISS\u00d3DICO, SORBATO DE POT\u00c1SSIO, DIMETILIDANTO\u00cdNA, MACROGOL, [&hellip;]<\/p>\n","protected":false},"author":1,"featured_media":0,"parent":0,"menu_order":0,"comment_status":"closed","ping_status":"closed","template":"","meta":{"site-sidebar-layout":"no-sidebar","site-content-layout":"page-builder","ast-site-content-layout":"full-width-container","site-content-style":"default","site-sidebar-style":"default","ast-global-header-display":"","ast-banner-title-visibility":"","ast-main-header-display":"","ast-hfb-above-header-display":"","ast-hfb-below-header-display":"","ast-hfb-mobile-header-display":"","site-post-title":"disabled","ast-breadcrumbs-content":"","ast-featured-img":"disabled","footer-sml-layout":"","ast-disable-related-posts":"","theme-transparent-header-meta":"","adv-header-id-meta":"","stick-header-meta":"","header-above-stick-meta":"","header-main-stick-meta":"","header-below-stick-meta":"","astra-migrate-meta-layouts":"default","ast-page-background-enabled":"default","ast-page-background-meta":{"desktop":{"background-color":"var(--ast-global-color-4)","background-image":"","background-repeat":"repeat","background-position":"center center","background-size":"auto","background-attachment":"scroll","background-type":"","background-media":"","overlay-type":"","overlay-color":"","overlay-opacity":"","overlay-gradient":""},"tablet":{"background-color":"","background-image":"","background-repeat":"repeat","background-position":"center center","background-size":"auto","background-attachment":"scroll","background-type":"","background-media":"","overlay-type":"","overlay-color":"","overlay-opacity":"","overlay-gradient":""},"mobile":{"background-color":"","background-image":"","background-repeat":"repeat","background-position":"center center","background-size":"auto","background-attachment":"scroll","background-type":"","background-media":"","overlay-type":"","overlay-color":"","overlay-opacity":"","overlay-gradient":""}},"ast-content-background-meta":{"desktop":{"background-color":"var(--ast-global-color-5)","background-image":"","background-repeat":"repeat","background-position":"center center","background-size":"auto","background-attachment":"scroll","background-type":"","background-media":"","overlay-type":"","overlay-color":"","overlay-opacity":"","overlay-gradient":""},"tablet":{"background-color":"var(--ast-global-color-5)","background-image":"","background-repeat":"repeat","background-position":"center center","background-size":"auto","background-attachment":"scroll","background-type":"","background-media":"","overlay-type":"","overlay-color":"","overlay-opacity":"","overlay-gradient":""},"mobile":{"background-color":"var(--ast-global-color-5)","background-image":"","background-repeat":"repeat","background-position":"center center","background-size":"auto","background-attachment":"scroll","background-type":"","background-media":"","overlay-type":"","overlay-color":"","overlay-opacity":"","overlay-gradient":""}},"footnotes":""},"class_list":["post-4483","page","type-page","status-publish","hentry"],"_links":{"self":[{"href":"https:\/\/itallianhairtech.com\/es\/wp-json\/wp\/v2\/pages\/4483","targetHints":{"allow":["GET"]}}],"collection":[{"href":"https:\/\/itallianhairtech.com\/es\/wp-json\/wp\/v2\/pages"}],"about":[{"href":"https:\/\/itallianhairtech.com\/es\/wp-json\/wp\/v2\/types\/page"}],"author":[{"embeddable":true,"href":"https:\/\/itallianhairtech.com\/es\/wp-json\/wp\/v2\/users\/1"}],"replies":[{"embeddable":true,"href":"https:\/\/itallianhairtech.com\/es\/wp-json\/wp\/v2\/comments?post=4483"}],"version-history":[{"count":15,"href":"https:\/\/itallianhairtech.com\/es\/wp-json\/wp\/v2\/pages\/4483\/revisions"}],"predecessor-version":[{"id":7067,"href":"https:\/\/itallianhairtech.com\/es\/wp-json\/wp\/v2\/pages\/4483\/revisions\/7067"}],"wp:attachment":[{"href":"https:\/\/itallianhairtech.com\/es\/wp-json\/wp\/v2\/media?parent=4483"}],"curies":[{"name":"wp","href":"https:\/\/api.w.org\/{rel}","templated":true}]}}