{"id":4496,"date":"2025-01-20T15:43:50","date_gmt":"2025-01-20T18:43:50","guid":{"rendered":"https:\/\/itallianhairtech.com\/?page_id=4496"},"modified":"2025-07-30T17:47:55","modified_gmt":"2025-07-30T20:47:55","slug":"qrcodes-home-care-trivitt-sh-cond","status":"publish","type":"page","link":"https:\/\/itallianhairtech.com\/es\/qrcodes-home-care-trivitt-sh-cond\/","title":{"rendered":"QRCODES\/home-care-trivitt-sh-cond\/"},"content":{"rendered":"<div data-elementor-type=\"wp-page\" data-elementor-id=\"4496\" class=\"elementor elementor-4496\">\n\t\t\t\t<div class=\"elementor-element elementor-element-a52fd31 e-flex e-con-boxed e-con e-parent\" data-id=\"a52fd31\" data-element_type=\"container\">\n\t\t\t\t\t<div class=\"e-con-inner\">\n\t\t\t\t<div class=\"elementor-element elementor-element-05a55cf elementor-widget elementor-widget-spacer\" data-id=\"05a55cf\" data-element_type=\"widget\" data-widget_type=\"spacer.default\">\n\t\t\t\t<div class=\"elementor-widget-container\">\n\t\t\t\t\t\t\t<div class=\"elementor-spacer\">\n\t\t\t<div class=\"elementor-spacer-inner\"><\/div>\n\t\t<\/div>\n\t\t\t\t\t\t<\/div>\n\t\t\t\t<\/div>\n\t\t\t\t\t<\/div>\n\t\t\t\t<\/div>\n\t\t<div class=\"elementor-element elementor-element-d17672e e-flex e-con-boxed e-con e-parent\" data-id=\"d17672e\" data-element_type=\"container\">\n\t\t\t\t\t<div class=\"e-con-inner\">\n\t\t\t\t<div class=\"elementor-element elementor-element-2aed17f elementor-widget elementor-widget-spacer\" data-id=\"2aed17f\" data-element_type=\"widget\" data-widget_type=\"spacer.default\">\n\t\t\t\t<div class=\"elementor-widget-container\">\n\t\t\t\t\t\t\t<div class=\"elementor-spacer\">\n\t\t\t<div class=\"elementor-spacer-inner\"><\/div>\n\t\t<\/div>\n\t\t\t\t\t\t<\/div>\n\t\t\t\t<\/div>\n\t\t\t\t\t<\/div>\n\t\t\t\t<\/div>\n\t\t<div class=\"elementor-element elementor-element-bc60924 e-flex e-con-boxed e-con e-parent\" data-id=\"bc60924\" data-element_type=\"container\">\n\t\t\t\t\t<div class=\"e-con-inner\">\n\t\t\t\t<div class=\"elementor-element elementor-element-4d4bbe0 elementor-widget elementor-widget-spacer\" data-id=\"4d4bbe0\" data-element_type=\"widget\" data-widget_type=\"spacer.default\">\n\t\t\t\t<div class=\"elementor-widget-container\">\n\t\t\t\t\t\t\t<div class=\"elementor-spacer\">\n\t\t\t<div class=\"elementor-spacer-inner\"><\/div>\n\t\t<\/div>\n\t\t\t\t\t\t<\/div>\n\t\t\t\t<\/div>\n\t\t\t\t\t<\/div>\n\t\t\t\t<\/div>\n\t\t<div class=\"elementor-element elementor-element-d9c143b e-flex e-con-boxed e-con e-parent\" data-id=\"d9c143b\" data-element_type=\"container\">\n\t\t\t\t\t<div class=\"e-con-inner\">\n\t\t\t\t<div class=\"elementor-element elementor-element-5269a5e elementor-widget elementor-widget-spacer\" data-id=\"5269a5e\" data-element_type=\"widget\" data-widget_type=\"spacer.default\">\n\t\t\t\t<div class=\"elementor-widget-container\">\n\t\t\t\t\t\t\t<div class=\"elementor-spacer\">\n\t\t\t<div class=\"elementor-spacer-inner\"><\/div>\n\t\t<\/div>\n\t\t\t\t\t\t<\/div>\n\t\t\t\t<\/div>\n\t\t\t\t\t<\/div>\n\t\t\t\t<\/div>\n\t\t\t\t<section class=\"elementor-section elementor-top-section elementor-element elementor-element-4d918ffe elementor-section-boxed elementor-section-height-default elementor-section-height-default\" data-id=\"4d918ffe\" data-element_type=\"section\" data-settings=\"{&quot;background_background&quot;:&quot;classic&quot;}\">\n\t\t\t\t\t\t<div class=\"elementor-container elementor-column-gap-no\">\n\t\t\t\t\t<div class=\"elementor-column elementor-col-100 elementor-top-column elementor-element elementor-element-452658d0\" data-id=\"452658d0\" data-element_type=\"column\">\n\t\t\t<div class=\"elementor-widget-wrap elementor-element-populated\">\n\t\t\t\t\t\t<div class=\"elementor-element elementor-element-7ea268b3 elementor-widget elementor-widget-heading\" data-id=\"7ea268b3\" data-element_type=\"widget\" data-widget_type=\"heading.default\">\n\t\t\t\t<div class=\"elementor-widget-container\">\n\t\t\t\t\t<h2 class=\"elementor-heading-title elementor-size-default\">Home Care Trivitt Shampoo\/Condicionador<\/h2>\t\t\t\t<\/div>\n\t\t\t\t<\/div>\n\t\t\t\t<section class=\"elementor-section elementor-inner-section elementor-element elementor-element-792eb14b elementor-section-content-middle elementor-section-full_width elementor-section-height-default elementor-section-height-default\" data-id=\"792eb14b\" data-element_type=\"section\" data-settings=\"{&quot;background_background&quot;:&quot;classic&quot;}\">\n\t\t\t\t\t\t<div class=\"elementor-container elementor-column-gap-no\">\n\t\t\t\t\t<div class=\"elementor-column elementor-col-66 elementor-inner-column elementor-element elementor-element-6fa6a6ec\" data-id=\"6fa6a6ec\" data-element_type=\"column\">\n\t\t\t<div class=\"elementor-widget-wrap elementor-element-populated\">\n\t\t\t\t\t\t<div class=\"elementor-element elementor-element-36c1bfec elementor-widget-mobile__width-initial elementor-widget elementor-widget-image\" data-id=\"36c1bfec\" data-element_type=\"widget\" data-widget_type=\"image.default\">\n\t\t\t\t<div class=\"elementor-widget-container\">\n\t\t\t\t\t\t\t\t\t\t\t\t\t\t\t<img fetchpriority=\"high\" decoding=\"async\" width=\"1200\" height=\"800\" src=\"https:\/\/itallianhairtech.com\/wp-content\/uploads\/2025\/01\/Home-Care-Trivitt-ShampooCondicionador.png\" class=\"attachment-full size-full wp-image-4497\" alt=\"\" \/>\t\t\t\t\t\t\t\t\t\t\t\t\t\t\t<\/div>\n\t\t\t\t<\/div>\n\t\t\t\t\t<\/div>\n\t\t<\/div>\n\t\t\t\t<div class=\"elementor-column elementor-col-33 elementor-inner-column elementor-element elementor-element-24c24deb\" data-id=\"24c24deb\" data-element_type=\"column\" data-settings=\"{&quot;background_background&quot;:&quot;classic&quot;}\">\n\t\t\t<div class=\"elementor-widget-wrap elementor-element-populated\">\n\t\t\t\t\t\t<div class=\"elementor-element elementor-element-203ba3bf elementor-widget elementor-widget-heading\" data-id=\"203ba3bf\" data-element_type=\"widget\" data-widget_type=\"heading.default\">\n\t\t\t\t<div class=\"elementor-widget-container\">\n\t\t\t\t\t<h3 class=\"elementor-heading-title elementor-size-default\">COMPOSI\u00c7\u00c3O:\nSHAMPOO P\u00d3S-QU\u00cdMICA 250ML<\/h3>\t\t\t\t<\/div>\n\t\t\t\t<\/div>\n\t\t\t\t<div class=\"elementor-element elementor-element-1210ea0f elementor-widget-divider--view-line elementor-widget elementor-widget-divider\" data-id=\"1210ea0f\" data-element_type=\"widget\" data-widget_type=\"divider.default\">\n\t\t\t\t<div class=\"elementor-widget-container\">\n\t\t\t\t\t\t\t<div class=\"elementor-divider\">\n\t\t\t<span class=\"elementor-divider-separator\">\n\t\t\t\t\t\t<\/span>\n\t\t<\/div>\n\t\t\t\t\t\t<\/div>\n\t\t\t\t<\/div>\n\t\t\t\t<div class=\"elementor-element elementor-element-6143a604 elementor-widget__width-initial elementor-widget elementor-widget-text-editor\" data-id=\"6143a604\" data-element_type=\"widget\" data-widget_type=\"text-editor.default\">\n\t\t\t\t<div class=\"elementor-widget-container\">\n\t\t\t\t\t\t\t\t\t<p>SHAMPOO P\u00d3S-QU\u00cdMICA 250ML: \u00c1GUA, LAURILETERSULFATO DE S\u00d3DIO, LAURIL SULFATO DE AM\u00d4NIO, COCOAMIDOPROPILBETA\u00cdNA, LAURIL GLICOS\u00cdDEO, DIETANOLAMINA COCAMIDA, COCOATO DE POLIETILENOGLICOL-7 GLICERILA, PROPILENOGLICOL, DIESTEARATO DE ETILENOGLICOL, FRAGR\u00c2NCIA, CLORETO DE GOMA GUAR HIDROXIPROPILTRIM\u00d4NIO, HIDROXIETIL UREIA, COCO-GLICOS\u00cdDEO, MONOLEATO DE GLICERILA, \u00c1CIDO C\u00cdTRICO, BENZOATO DE S\u00d3DIO, CLORETO DE S\u00d3DIO, EDETATO DISS\u00d3DICO, SORBATO DE POT\u00c1SSIO, DIMETILIDANTO\u00cdNA, MACROGOL, UREIA, CITRATO DE S\u00d3DIO, EDETATO DE S\u00d3DIO, \u00c1CIDO BENZOICO, FENOXIETANOL, \u00d3LEO VEGETAL, IMIDAZOLIDINILUREIA, PROTE\u00cdNA DE TRIGO HIDROLISADA, PROTE\u00cdNA DE SOJA HIDROLISADA, CARBOCISTE\u00cdNA, \u00c1CIDO GLUT\u00c2MICO, \u00d3LEO DA SEMENTE DE CAMELINA SATIVA, TREONINA, SERINA, TOCOFEROL, CITRATO DE GLICER\u00cdDEOS VEGETAIS HIDROGENADOS, METILCLOROISOTIAZOLINONA E METILISOTIAZOLINONA, NITRATO DE MAGN\u00c9SIO, CLORETO DE MAGN\u00c9SIO, LINALOL, HEXIL CINAMAL,LIMONENO.<\/p>\t\t\t\t\t\t\t\t<\/div>\n\t\t\t\t<\/div>\n\t\t\t\t\t<\/div>\n\t\t<\/div>\n\t\t\t\t\t<\/div>\n\t\t<\/section>\n\t\t\t\t<section class=\"elementor-section elementor-inner-section elementor-element elementor-element-518fe50c elementor-section-content-middle elementor-reverse-tablet elementor-reverse-mobile elementor-section-boxed elementor-section-height-default elementor-section-height-default\" data-id=\"518fe50c\" data-element_type=\"section\" data-settings=\"{&quot;background_background&quot;:&quot;classic&quot;}\">\n\t\t\t\t\t\t<div class=\"elementor-container elementor-column-gap-no\">\n\t\t\t\t\t<div class=\"elementor-column elementor-col-33 elementor-inner-column elementor-element elementor-element-6c313671\" data-id=\"6c313671\" data-element_type=\"column\" data-settings=\"{&quot;background_background&quot;:&quot;classic&quot;}\">\n\t\t\t<div class=\"elementor-widget-wrap elementor-element-populated\">\n\t\t\t\t\t\t<div class=\"elementor-element elementor-element-73cc6f46 elementor-widget-mobile__width-initial elementor-widget elementor-widget-heading\" data-id=\"73cc6f46\" data-element_type=\"widget\" data-widget_type=\"heading.default\">\n\t\t\t\t<div class=\"elementor-widget-container\">\n\t\t\t\t\t<h3 class=\"elementor-heading-title elementor-size-default\">composi\u00e7\u00e3o: condicionador 250ml<\/h3>\t\t\t\t<\/div>\n\t\t\t\t<\/div>\n\t\t\t\t<div class=\"elementor-element elementor-element-60181f4b elementor-widget-divider--view-line elementor-widget elementor-widget-divider\" data-id=\"60181f4b\" data-element_type=\"widget\" data-widget_type=\"divider.default\">\n\t\t\t\t<div class=\"elementor-widget-container\">\n\t\t\t\t\t\t\t<div class=\"elementor-divider\">\n\t\t\t<span class=\"elementor-divider-separator\">\n\t\t\t\t\t\t<\/span>\n\t\t<\/div>\n\t\t\t\t\t\t<\/div>\n\t\t\t\t<\/div>\n\t\t\t\t<div class=\"elementor-element elementor-element-4879faca elementor-widget elementor-widget-text-editor\" data-id=\"4879faca\" data-element_type=\"widget\" data-widget_type=\"text-editor.default\">\n\t\t\t\t<div class=\"elementor-widget-container\">\n\t\t\t\t\t\t\t\t\t<p>CONDICIONADOR 200ML: \u00c1GUA, \u00c1LCOOL CETOESTEAR\u00cdLICO, PETROLATO L\u00cdQUIDO, GLICEROL, MONOETANOLAMINA DE ACETAMIDA, \u00c1LCOOL CET\u00cdLICO, DECAMETILCICLOPENTASILOXANO, METOSSULFATO DE BEENTRIM\u00d4NIO, FRAGR\u00c2NCIA, FENIL TRIMETICONA, ESTEARAMIDOPROPIL DIMETILAMINA, \u00c1CIDO L\u00c1CTICO, CLORETO DE CETRIM\u00d4NIO, \u00c1LCOOL ETILICO, DIMETICONOL, BENZOATO DE S\u00d3DIO, EDETATO DISS\u00d3DICO, CROSPOL\u00cdMERO DE DIMETICONA, SORBATO DE POT\u00c1SSIO, \u00d3LEO VEGETAL, PROTE\u00cdNA DE TRIGO HIDROLISADA, PROTE\u00cdNA DE SOJA HIDROLISADA, CARBOCISTE\u00cdNA, \u00c1CIDO GLUT\u00c2MICO, \u00d3LEO DA SEMENTE DE CAMELINA SATIVA, TREONINA, SERINA, EDETATO DE S\u00d3DIO, \u00c1CIDO C\u00cdTRICO, LINALOL, HEXIL CINAMAL, LIMONENO.<\/p>\t\t\t\t\t\t\t\t<\/div>\n\t\t\t\t<\/div>\n\t\t\t\t\t<\/div>\n\t\t<\/div>\n\t\t\t\t<div class=\"elementor-column elementor-col-66 elementor-inner-column elementor-element elementor-element-309cbfb5\" data-id=\"309cbfb5\" data-element_type=\"column\">\n\t\t\t<div class=\"elementor-widget-wrap elementor-element-populated\">\n\t\t\t\t\t\t<div class=\"elementor-element elementor-element-5c9fa6d elementor-widget-mobile__width-initial elementor-widget elementor-widget-image\" data-id=\"5c9fa6d\" data-element_type=\"widget\" data-widget_type=\"image.default\">\n\t\t\t\t<div class=\"elementor-widget-container\">\n\t\t\t\t\t\t\t\t\t\t\t\t\t\t\t<img fetchpriority=\"high\" decoding=\"async\" width=\"1200\" height=\"800\" src=\"https:\/\/itallianhairtech.com\/wp-content\/uploads\/2025\/01\/Home-Care-Trivitt-ShampooCondicionador.png\" class=\"attachment-full size-full wp-image-4497\" alt=\"\" \/>\t\t\t\t\t\t\t\t\t\t\t\t\t\t\t<\/div>\n\t\t\t\t<\/div>\n\t\t\t\t\t<\/div>\n\t\t<\/div>\n\t\t\t\t\t<\/div>\n\t\t<\/section>\n\t\t\t\t\t<\/div>\n\t\t<\/div>\n\t\t\t\t\t<\/div>\n\t\t<\/section>\n\t\t<div class=\"elementor-element elementor-element-dc88c37 e-flex e-con-boxed e-con e-parent\" data-id=\"dc88c37\" data-element_type=\"container\">\n\t\t\t\t\t<div class=\"e-con-inner\">\n\t\t\t\t<div class=\"elementor-element elementor-element-8f80e1b elementor-widget elementor-widget-spacer\" data-id=\"8f80e1b\" data-element_type=\"widget\" data-widget_type=\"spacer.default\">\n\t\t\t\t<div class=\"elementor-widget-container\">\n\t\t\t\t\t\t\t<div class=\"elementor-spacer\">\n\t\t\t<div class=\"elementor-spacer-inner\"><\/div>\n\t\t<\/div>\n\t\t\t\t\t\t<\/div>\n\t\t\t\t<\/div>\n\t\t\t\t\t<\/div>\n\t\t\t\t<\/div>\n\t\t\t\t<\/div>","protected":false},"excerpt":{"rendered":"<p>Home Care Trivitt Shampoo\/Condicionador COMPOSI\u00c7\u00c3O: SHAMPOO P\u00d3S-QU\u00cdMICA 250ML SHAMPOO P\u00d3S-QU\u00cdMICA 250ML: \u00c1GUA, LAURILETERSULFATO DE S\u00d3DIO, LAURIL SULFATO DE AM\u00d4NIO, COCOAMIDOPROPILBETA\u00cdNA, LAURIL GLICOS\u00cdDEO, DIETANOLAMINA COCAMIDA, COCOATO DE POLIETILENOGLICOL-7 GLICERILA, PROPILENOGLICOL, DIESTEARATO DE ETILENOGLICOL, FRAGR\u00c2NCIA, CLORETO DE GOMA GUAR HIDROXIPROPILTRIM\u00d4NIO, HIDROXIETIL UREIA, COCO-GLICOS\u00cdDEO, MONOLEATO DE GLICERILA, \u00c1CIDO C\u00cdTRICO, BENZOATO DE S\u00d3DIO, CLORETO DE S\u00d3DIO, EDETATO DISS\u00d3DICO, SORBATO [&hellip;]<\/p>\n","protected":false},"author":1,"featured_media":0,"parent":0,"menu_order":0,"comment_status":"closed","ping_status":"closed","template":"","meta":{"site-sidebar-layout":"no-sidebar","site-content-layout":"page-builder","ast-site-content-layout":"full-width-container","site-content-style":"unboxed","site-sidebar-style":"unboxed","ast-global-header-display":"","ast-banner-title-visibility":"","ast-main-header-display":"","ast-hfb-above-header-display":"","ast-hfb-below-header-display":"","ast-hfb-mobile-header-display":"","site-post-title":"disabled","ast-breadcrumbs-content":"","ast-featured-img":"disabled","footer-sml-layout":"","ast-disable-related-posts":"","theme-transparent-header-meta":"","adv-header-id-meta":"","stick-header-meta":"","header-above-stick-meta":"","header-main-stick-meta":"","header-below-stick-meta":"","astra-migrate-meta-layouts":"set","ast-page-background-enabled":"default","ast-page-background-meta":{"desktop":{"background-color":"var(--ast-global-color-4)","background-image":"","background-repeat":"repeat","background-position":"center center","background-size":"auto","background-attachment":"scroll","background-type":"","background-media":"","overlay-type":"","overlay-color":"","overlay-opacity":"","overlay-gradient":""},"tablet":{"background-color":"","background-image":"","background-repeat":"repeat","background-position":"center center","background-size":"auto","background-attachment":"scroll","background-type":"","background-media":"","overlay-type":"","overlay-color":"","overlay-opacity":"","overlay-gradient":""},"mobile":{"background-color":"","background-image":"","background-repeat":"repeat","background-position":"center center","background-size":"auto","background-attachment":"scroll","background-type":"","background-media":"","overlay-type":"","overlay-color":"","overlay-opacity":"","overlay-gradient":""}},"ast-content-background-meta":{"desktop":{"background-color":"var(--ast-global-color-5)","background-image":"","background-repeat":"repeat","background-position":"center center","background-size":"auto","background-attachment":"scroll","background-type":"","background-media":"","overlay-type":"","overlay-color":"","overlay-opacity":"","overlay-gradient":""},"tablet":{"background-color":"var(--ast-global-color-5)","background-image":"","background-repeat":"repeat","background-position":"center center","background-size":"auto","background-attachment":"scroll","background-type":"","background-media":"","overlay-type":"","overlay-color":"","overlay-opacity":"","overlay-gradient":""},"mobile":{"background-color":"var(--ast-global-color-5)","background-image":"","background-repeat":"repeat","background-position":"center center","background-size":"auto","background-attachment":"scroll","background-type":"","background-media":"","overlay-type":"","overlay-color":"","overlay-opacity":"","overlay-gradient":""}},"footnotes":""},"class_list":["post-4496","page","type-page","status-publish","hentry"],"_links":{"self":[{"href":"https:\/\/itallianhairtech.com\/es\/wp-json\/wp\/v2\/pages\/4496","targetHints":{"allow":["GET"]}}],"collection":[{"href":"https:\/\/itallianhairtech.com\/es\/wp-json\/wp\/v2\/pages"}],"about":[{"href":"https:\/\/itallianhairtech.com\/es\/wp-json\/wp\/v2\/types\/page"}],"author":[{"embeddable":true,"href":"https:\/\/itallianhairtech.com\/es\/wp-json\/wp\/v2\/users\/1"}],"replies":[{"embeddable":true,"href":"https:\/\/itallianhairtech.com\/es\/wp-json\/wp\/v2\/comments?post=4496"}],"version-history":[{"count":21,"href":"https:\/\/itallianhairtech.com\/es\/wp-json\/wp\/v2\/pages\/4496\/revisions"}],"predecessor-version":[{"id":9051,"href":"https:\/\/itallianhairtech.com\/es\/wp-json\/wp\/v2\/pages\/4496\/revisions\/9051"}],"wp:attachment":[{"href":"https:\/\/itallianhairtech.com\/es\/wp-json\/wp\/v2\/media?parent=4496"}],"curies":[{"name":"wp","href":"https:\/\/api.w.org\/{rel}","templated":true}]}}