{"id":4912,"date":"2025-01-22T11:21:14","date_gmt":"2025-01-22T14:21:14","guid":{"rendered":"https:\/\/itallianhairtech.com\/?page_id=4912"},"modified":"2025-01-22T11:31:47","modified_gmt":"2025-01-22T14:31:47","slug":"kit-cronograma-capilar","status":"publish","type":"page","link":"https:\/\/itallianhairtech.com\/es\/kit-cronograma-capilar\/","title":{"rendered":"kit-cronograma-capilar"},"content":{"rendered":"<div data-elementor-type=\"wp-page\" data-elementor-id=\"4912\" class=\"elementor elementor-4912\">\n\t\t\t\t<div class=\"elementor-element elementor-element-5624a3a e-flex e-con-boxed e-con e-parent\" data-id=\"5624a3a\" data-element_type=\"container\">\n\t\t\t\t\t<div class=\"e-con-inner\">\n\t\t\t\t<div class=\"elementor-element elementor-element-7807f75 elementor-widget elementor-widget-spacer\" data-id=\"7807f75\" data-element_type=\"widget\" data-widget_type=\"spacer.default\">\n\t\t\t\t<div class=\"elementor-widget-container\">\n\t\t\t\t\t\t\t<div class=\"elementor-spacer\">\n\t\t\t<div class=\"elementor-spacer-inner\"><\/div>\n\t\t<\/div>\n\t\t\t\t\t\t<\/div>\n\t\t\t\t<\/div>\n\t\t\t\t\t<\/div>\n\t\t\t\t<\/div>\n\t\t<div class=\"elementor-element elementor-element-4977e8c e-flex e-con-boxed e-con e-parent\" data-id=\"4977e8c\" data-element_type=\"container\">\n\t\t\t\t\t<div class=\"e-con-inner\">\n\t\t\t\t<div class=\"elementor-element elementor-element-934b694 elementor-widget elementor-widget-spacer\" data-id=\"934b694\" data-element_type=\"widget\" data-widget_type=\"spacer.default\">\n\t\t\t\t<div class=\"elementor-widget-container\">\n\t\t\t\t\t\t\t<div class=\"elementor-spacer\">\n\t\t\t<div class=\"elementor-spacer-inner\"><\/div>\n\t\t<\/div>\n\t\t\t\t\t\t<\/div>\n\t\t\t\t<\/div>\n\t\t\t\t\t<\/div>\n\t\t\t\t<\/div>\n\t\t<div class=\"elementor-element elementor-element-52c3cc8 e-flex e-con-boxed e-con e-parent\" data-id=\"52c3cc8\" data-element_type=\"container\">\n\t\t\t\t\t<div class=\"e-con-inner\">\n\t\t\t\t<div class=\"elementor-element elementor-element-5c4bebe elementor-widget elementor-widget-spacer\" data-id=\"5c4bebe\" data-element_type=\"widget\" data-widget_type=\"spacer.default\">\n\t\t\t\t<div class=\"elementor-widget-container\">\n\t\t\t\t\t\t\t<div class=\"elementor-spacer\">\n\t\t\t<div class=\"elementor-spacer-inner\"><\/div>\n\t\t<\/div>\n\t\t\t\t\t\t<\/div>\n\t\t\t\t<\/div>\n\t\t\t\t\t<\/div>\n\t\t\t\t<\/div>\n\t\t\t\t<section class=\"elementor-section elementor-top-section elementor-element elementor-element-46773d40 elementor-section-boxed elementor-section-height-default elementor-section-height-default\" data-id=\"46773d40\" data-element_type=\"section\" data-settings=\"{&quot;background_background&quot;:&quot;classic&quot;}\">\n\t\t\t\t\t\t<div class=\"elementor-container elementor-column-gap-no\">\n\t\t\t\t\t<div class=\"elementor-column elementor-col-100 elementor-top-column elementor-element elementor-element-3d03ff90\" data-id=\"3d03ff90\" data-element_type=\"column\">\n\t\t\t<div class=\"elementor-widget-wrap elementor-element-populated\">\n\t\t\t\t\t\t<section class=\"elementor-section elementor-inner-section elementor-element elementor-element-577023d6 elementor-section-content-middle elementor-section-full_width elementor-section-height-default elementor-section-height-default\" data-id=\"577023d6\" data-element_type=\"section\" data-settings=\"{&quot;background_background&quot;:&quot;classic&quot;}\">\n\t\t\t\t\t\t<div class=\"elementor-container elementor-column-gap-no\">\n\t\t\t\t\t<div class=\"elementor-column elementor-col-66 elementor-inner-column elementor-element elementor-element-13dde789\" data-id=\"13dde789\" data-element_type=\"column\">\n\t\t\t<div class=\"elementor-widget-wrap elementor-element-populated\">\n\t\t\t\t\t\t<div class=\"elementor-element elementor-element-2d63a5b3 elementor-widget-mobile__width-initial elementor-widget elementor-widget-image\" data-id=\"2d63a5b3\" data-element_type=\"widget\" data-widget_type=\"image.default\">\n\t\t\t\t<div class=\"elementor-widget-container\">\n\t\t\t\t\t\t\t\t\t\t\t\t\t\t\t<img fetchpriority=\"high\" decoding=\"async\" width=\"1200\" height=\"800\" src=\"https:\/\/itallianhairtech.com\/wp-content\/uploads\/2025\/01\/Itallian-Hairtech-Kit-de-Cronograma-Capilar_homecare.png\" class=\"attachment-full size-full wp-image-3199\" alt=\"\" \/>\t\t\t\t\t\t\t\t\t\t\t\t\t\t\t<\/div>\n\t\t\t\t<\/div>\n\t\t\t\t\t<\/div>\n\t\t<\/div>\n\t\t\t\t<div class=\"elementor-column elementor-col-33 elementor-inner-column elementor-element elementor-element-7f60f63e\" data-id=\"7f60f63e\" data-element_type=\"column\" data-settings=\"{&quot;background_background&quot;:&quot;classic&quot;}\">\n\t\t\t<div class=\"elementor-widget-wrap elementor-element-populated\">\n\t\t\t\t\t\t<div class=\"elementor-element elementor-element-2104d2aa elementor-widget elementor-widget-heading\" data-id=\"2104d2aa\" data-element_type=\"widget\" data-widget_type=\"heading.default\">\n\t\t\t\t<div class=\"elementor-widget-container\">\n\t\t\t\t\t<h3 class=\"elementor-heading-title elementor-size-default\">Kit Cronograma Capilar<\/h3>\t\t\t\t<\/div>\n\t\t\t\t<\/div>\n\t\t\t\t<div class=\"elementor-element elementor-element-3f4aa595 elementor-widget-divider--view-line elementor-widget elementor-widget-divider\" data-id=\"3f4aa595\" data-element_type=\"widget\" data-widget_type=\"divider.default\">\n\t\t\t\t<div class=\"elementor-widget-container\">\n\t\t\t\t\t\t\t<div class=\"elementor-divider\">\n\t\t\t<span class=\"elementor-divider-separator\">\n\t\t\t\t\t\t<\/span>\n\t\t<\/div>\n\t\t\t\t\t\t<\/div>\n\t\t\t\t<\/div>\n\t\t\t\t\t<\/div>\n\t\t<\/div>\n\t\t\t\t\t<\/div>\n\t\t<\/section>\n\t\t\t\t<section class=\"elementor-section elementor-inner-section elementor-element elementor-element-46c5a845 elementor-section-content-middle elementor-reverse-tablet elementor-reverse-mobile elementor-section-boxed elementor-section-height-default elementor-section-height-default\" data-id=\"46c5a845\" data-element_type=\"section\" data-settings=\"{&quot;background_background&quot;:&quot;classic&quot;}\">\n\t\t\t\t\t\t<div class=\"elementor-container elementor-column-gap-no\">\n\t\t\t\t\t<div class=\"elementor-column elementor-col-33 elementor-inner-column elementor-element elementor-element-ab0008c\" data-id=\"ab0008c\" data-element_type=\"column\" data-settings=\"{&quot;background_background&quot;:&quot;classic&quot;}\">\n\t\t\t<div class=\"elementor-widget-wrap elementor-element-populated\">\n\t\t\t\t\t\t<div class=\"elementor-element elementor-element-1889d605 elementor-widget__width-initial elementor-widget elementor-widget-heading\" data-id=\"1889d605\" data-element_type=\"widget\" data-widget_type=\"heading.default\">\n\t\t\t\t<div class=\"elementor-widget-container\">\n\t\t\t\t\t<h3 class=\"elementor-heading-title elementor-size-default\">Hidrata\u00e7\u00e3o Intensiva<\/h3>\t\t\t\t<\/div>\n\t\t\t\t<\/div>\n\t\t\t\t<div class=\"elementor-element elementor-element-7a89e21 elementor-widget-divider--view-line elementor-widget elementor-widget-divider\" data-id=\"7a89e21\" data-element_type=\"widget\" data-widget_type=\"divider.default\">\n\t\t\t\t<div class=\"elementor-widget-container\">\n\t\t\t\t\t\t\t<div class=\"elementor-divider\">\n\t\t\t<span class=\"elementor-divider-separator\">\n\t\t\t\t\t\t<\/span>\n\t\t<\/div>\n\t\t\t\t\t\t<\/div>\n\t\t\t\t<\/div>\n\t\t\t\t<div class=\"elementor-element elementor-element-20f9deed elementor-widget elementor-widget-text-editor\" data-id=\"20f9deed\" data-element_type=\"widget\" data-widget_type=\"text-editor.default\">\n\t\t\t\t<div class=\"elementor-widget-container\">\n\t\t\t\t\t\t\t\t\t<p>\u00c1GUA, \u00c1LCOOL CETOESTEAR\u00cdLICO, \u00c1LCOOL CET\u00cdLICO, CLORETO DE BEENTRIM\u00d4NIO, CLORETO DE DICETILDIM\u00d4NIO, ESTEARAMIDOPROPIL DIMETILAMINA, TREALOSE, GLICEROL, \u00d3LEO VEGETAL, FRAGR\u00c2NCIA, AMODIMETICONA, QUAT\u00c9RNIO-22, \u00c1CIDO L\u00c1CTICO, PROPILENOGLICOL, \u00c1LCOOL ISOPROP\u00cdLICO, BENZOATO DE S\u00d3DIO, SORBATO DE POT\u00c1SSIO, EDETATO DISS\u00d3DICO, POLIETILENOGLICOL-12 \u00c9TER DE \u00c1LCOOL TRIDEC\u00cdLICO, \u00d3LEO DA SEMENTE DE CAMELINA SATIVA, BENZOATO DE S\u00d3DIO, CLORETO DE CETRIM\u00d4NIO, PROTE\u00cdNA DE TRIGO HIDROLISADA, PROTE\u00cdNA DE SOJA HIDROLISADA, CARBOCISTE\u00cdNA, \u00c1CIDO GLUT\u00c2MICO, TREONINA, SERINA, EDETATO DE S\u00d3DIO, \u00c1CIDO C\u00cdTRICO, LINALOL, HEXIL CINAMAL, LIMONENO.<\/p>\t\t\t\t\t\t\t\t<\/div>\n\t\t\t\t<\/div>\n\t\t\t\t\t<\/div>\n\t\t<\/div>\n\t\t\t\t<div class=\"elementor-column elementor-col-66 elementor-inner-column elementor-element elementor-element-44545a33\" data-id=\"44545a33\" data-element_type=\"column\">\n\t\t\t<div class=\"elementor-widget-wrap elementor-element-populated\">\n\t\t\t\t\t\t<div class=\"elementor-element elementor-element-1af9d5ca elementor-widget-mobile__width-initial elementor-widget elementor-widget-image\" data-id=\"1af9d5ca\" data-element_type=\"widget\" data-widget_type=\"image.default\">\n\t\t\t\t<div class=\"elementor-widget-container\">\n\t\t\t\t\t\t\t\t\t\t\t\t\t\t\t<img decoding=\"async\" width=\"1200\" height=\"800\" src=\"https:\/\/itallianhairtech.com\/wp-content\/uploads\/2025\/01\/HIDRTACAO-INTENSIVA-200g-TRIVITT.png\" class=\"attachment-full size-full wp-image-3811\" alt=\"\" \/>\t\t\t\t\t\t\t\t\t\t\t\t\t\t\t<\/div>\n\t\t\t\t<\/div>\n\t\t\t\t\t<\/div>\n\t\t<\/div>\n\t\t\t\t\t<\/div>\n\t\t<\/section>\n\t\t\t\t<section class=\"elementor-section elementor-inner-section elementor-element elementor-element-3711d23c elementor-section-content-middle elementor-section-boxed elementor-section-height-default elementor-section-height-default\" data-id=\"3711d23c\" data-element_type=\"section\" data-settings=\"{&quot;background_background&quot;:&quot;classic&quot;}\">\n\t\t\t\t\t\t<div class=\"elementor-container elementor-column-gap-no\">\n\t\t\t\t\t<div class=\"elementor-column elementor-col-66 elementor-inner-column elementor-element elementor-element-7f9c560d\" data-id=\"7f9c560d\" data-element_type=\"column\">\n\t\t\t<div class=\"elementor-widget-wrap elementor-element-populated\">\n\t\t\t\t\t\t<div class=\"elementor-element elementor-element-11d3df4e elementor-widget-mobile__width-initial elementor-widget elementor-widget-image\" data-id=\"11d3df4e\" data-element_type=\"widget\" data-widget_type=\"image.default\">\n\t\t\t\t<div class=\"elementor-widget-container\">\n\t\t\t\t\t\t\t\t\t\t\t\t\t\t\t<img decoding=\"async\" width=\"1200\" height=\"800\" src=\"https:\/\/itallianhairtech.com\/wp-content\/uploads\/2025\/01\/Extreme-Up-Reconstrucao-Profunda_2.png\" class=\"attachment-full size-full wp-image-4813\" alt=\"\" \/>\t\t\t\t\t\t\t\t\t\t\t\t\t\t\t<\/div>\n\t\t\t\t<\/div>\n\t\t\t\t\t<\/div>\n\t\t<\/div>\n\t\t\t\t<div class=\"elementor-column elementor-col-33 elementor-inner-column elementor-element elementor-element-31c40b8d\" data-id=\"31c40b8d\" data-element_type=\"column\" data-settings=\"{&quot;background_background&quot;:&quot;classic&quot;}\">\n\t\t\t<div class=\"elementor-widget-wrap elementor-element-populated\">\n\t\t\t\t\t\t<div class=\"elementor-element elementor-element-665c7f elementor-widget elementor-widget-heading\" data-id=\"665c7f\" data-element_type=\"widget\" data-widget_type=\"heading.default\">\n\t\t\t\t<div class=\"elementor-widget-container\">\n\t\t\t\t\t<h3 class=\"elementor-heading-title elementor-size-default\">Reconstru\u00e7\u00e3o Profunda<\/h3>\t\t\t\t<\/div>\n\t\t\t\t<\/div>\n\t\t\t\t<div class=\"elementor-element elementor-element-1b80e518 elementor-widget-divider--view-line elementor-widget elementor-widget-divider\" data-id=\"1b80e518\" data-element_type=\"widget\" data-widget_type=\"divider.default\">\n\t\t\t\t<div class=\"elementor-widget-container\">\n\t\t\t\t\t\t\t<div class=\"elementor-divider\">\n\t\t\t<span class=\"elementor-divider-separator\">\n\t\t\t\t\t\t<\/span>\n\t\t<\/div>\n\t\t\t\t\t\t<\/div>\n\t\t\t\t<\/div>\n\t\t\t\t<div class=\"elementor-element elementor-element-2ba87fac elementor-widget__width-initial elementor-widget elementor-widget-text-editor\" data-id=\"2ba87fac\" data-element_type=\"widget\" data-widget_type=\"text-editor.default\">\n\t\t\t\t<div class=\"elementor-widget-container\">\n\t\t\t\t\t\t\t\t\t<p>\u00c1GUA, \u00c1LCOOL CETOESTEAR\u00cdLICO, GLICEROL, QUAT\u00c9RNIO-87, \u00c1LCOOL CET\u00cdLICO, METOSSULFATO DE BEENTRIM\u00d4NIO, BENZOATO DE ALQUILA C12-15, \u00c9STERES CET\u00cdLICOS, CLORETO DE BEENTRIM\u00d4NIO, AMODIMETICONA, CETOMACROGOL 1000, FRAGR\u00c2NCIA, PROPILENOGLICOL, DIMETILIDANTO\u00cdNA, \u00c1LCOOL ISOPROP\u00cdLICO, EDETATO DISS\u00d3DICO, FENOXIETANOL, CLORETO DE CETRIM\u00d4NIO, PEG-12 \u00c9TER DE \u00c1LCOOL TRIDEC\u00cdLICO, BUTIL-HIDROXITOLUENO, \u00c1CIDO C\u00cdTRICO, EXTRATO DE SEMENTE DE CERATONIA SILIQUA, PROTE\u00cdNA DE SOJA HIDROLISADA, AMIDO, BENZOATO DE S\u00d3DIO, CAPRILILGLICOL, POLIQUAT\u00c9RNIO-16, SORBATO DE POT\u00c1SSIO, CLORETO DE GOMA GUAR HIDROXIPROPILTRIM\u00d4NIO, POLIQUAT\u00c9RNIO-7, HEXIL CINAMAL, LINALOL, SALICILATO DE BENZILA.<\/p>\t\t\t\t\t\t\t\t<\/div>\n\t\t\t\t<\/div>\n\t\t\t\t\t<\/div>\n\t\t<\/div>\n\t\t\t\t\t<\/div>\n\t\t<\/section>\n\t\t\t\t<section class=\"elementor-section elementor-inner-section elementor-element elementor-element-35a57caf elementor-section-content-middle elementor-reverse-tablet elementor-reverse-mobile elementor-section-boxed elementor-section-height-default elementor-section-height-default\" data-id=\"35a57caf\" data-element_type=\"section\" data-settings=\"{&quot;background_background&quot;:&quot;classic&quot;}\">\n\t\t\t\t\t\t<div class=\"elementor-container elementor-column-gap-no\">\n\t\t\t\t\t<div class=\"elementor-column elementor-col-33 elementor-inner-column elementor-element elementor-element-2aa264b4\" data-id=\"2aa264b4\" data-element_type=\"column\" data-settings=\"{&quot;background_background&quot;:&quot;classic&quot;}\">\n\t\t\t<div class=\"elementor-widget-wrap elementor-element-populated\">\n\t\t\t\t\t\t<div class=\"elementor-element elementor-element-68ddb49d elementor-widget elementor-widget-heading\" data-id=\"68ddb49d\" data-element_type=\"widget\" data-widget_type=\"heading.default\">\n\t\t\t\t<div class=\"elementor-widget-container\">\n\t\t\t\t\t<h3 class=\"elementor-heading-title elementor-size-default\">\nHidrata\u00e7\u00e3o Condicionante<\/h3>\t\t\t\t<\/div>\n\t\t\t\t<\/div>\n\t\t\t\t<div class=\"elementor-element elementor-element-6f50a91b elementor-widget-divider--view-line elementor-widget elementor-widget-divider\" data-id=\"6f50a91b\" data-element_type=\"widget\" data-widget_type=\"divider.default\">\n\t\t\t\t<div class=\"elementor-widget-container\">\n\t\t\t\t\t\t\t<div class=\"elementor-divider\">\n\t\t\t<span class=\"elementor-divider-separator\">\n\t\t\t\t\t\t<\/span>\n\t\t<\/div>\n\t\t\t\t\t\t<\/div>\n\t\t\t\t<\/div>\n\t\t\t\t<div class=\"elementor-element elementor-element-2efc7151 elementor-widget elementor-widget-text-editor\" data-id=\"2efc7151\" data-element_type=\"widget\" data-widget_type=\"text-editor.default\">\n\t\t\t\t<div class=\"elementor-widget-container\">\n\t\t\t\t\t\t\t\t\t<p>\u00c1GUA, \u00c1LCOOL CETOESTEAR\u00cdLICO, \u00c1CIDO M\u00c1LICO, BRASSICA-AMIDOPROPIL DIMETILAMINA, CLORETO DE CETRIM\u00d4NIO, \u00c1LCOOL CET\u00cdLICO, \u00c9STERES CET\u00cdLICOS, GLICEROL, \u00d3LEO DA SEMENTE DE ORBIGNYA SPECIOSA, \u00c1LCOOL ET\u00cdLICO, MANTEIGA DA SEMENTE DE ASTROCARYUM MURUMURU, FRAGR\u00c2NCIA, \u00d3LEO DA SEMENTE PISTACIA VERA, CLORETO DE BEENTRIM\u00d4NIO, \u00c1GUA DO MAR, \u00d3LEO DE SOJA HIDROGENADO, DIMETILIDANTO\u00cdNA, POLIQUAT\u00c9RNIO-7, EDETATO DISS\u00d3DICO, BUTIL-HIDROXITOLUENO, FENOXIETANOL, \u00d3LEO DE COCO, \u00d3LEO DA SEMENTE DE LINUM USITATISSIMUM, BENZOATO DE S\u00d3DIO, CAPRILILGLICOL, T-BUTILIDROQUINONA , TOCOFEROL, LINALOL, GERANIOL, BUTILFENIL METILPROPIONAL, CITRONELOL, ALFA-ISOMETIL IONONA, LIMONENO.<\/p>\t\t\t\t\t\t\t\t<\/div>\n\t\t\t\t<\/div>\n\t\t\t\t\t<\/div>\n\t\t<\/div>\n\t\t\t\t<div class=\"elementor-column elementor-col-66 elementor-inner-column elementor-element elementor-element-2edeaaa4\" data-id=\"2edeaaa4\" data-element_type=\"column\">\n\t\t\t<div class=\"elementor-widget-wrap elementor-element-populated\">\n\t\t\t\t\t\t<div class=\"elementor-element elementor-element-c82c6d0 elementor-widget-mobile__width-initial elementor-widget elementor-widget-image\" data-id=\"c82c6d0\" data-element_type=\"widget\" data-widget_type=\"image.default\">\n\t\t\t\t<div class=\"elementor-widget-container\">\n\t\t\t\t\t\t\t\t\t\t\t\t\t\t\t<img decoding=\"async\" src=\"https:\/\/itallianhairtech.com\/wp-content\/uploads\/2025\/01\/Hidratacao-Condicionante-250g.png\" title=\"\" alt=\"\" loading=\"lazy\" \/>\t\t\t\t\t\t\t\t\t\t\t\t\t\t\t<\/div>\n\t\t\t\t<\/div>\n\t\t\t\t\t<\/div>\n\t\t<\/div>\n\t\t\t\t\t<\/div>\n\t\t<\/section>\n\t\t\t\t\t<\/div>\n\t\t<\/div>\n\t\t\t\t\t<\/div>\n\t\t<\/section>\n\t\t<div class=\"elementor-element elementor-element-9a5e2e7 e-flex e-con-boxed e-con e-parent\" data-id=\"9a5e2e7\" data-element_type=\"container\">\n\t\t\t\t\t<div class=\"e-con-inner\">\n\t\t\t\t<div class=\"elementor-element elementor-element-9da1740 elementor-widget elementor-widget-spacer\" data-id=\"9da1740\" data-element_type=\"widget\" data-widget_type=\"spacer.default\">\n\t\t\t\t<div class=\"elementor-widget-container\">\n\t\t\t\t\t\t\t<div class=\"elementor-spacer\">\n\t\t\t<div class=\"elementor-spacer-inner\"><\/div>\n\t\t<\/div>\n\t\t\t\t\t\t<\/div>\n\t\t\t\t<\/div>\n\t\t\t\t\t<\/div>\n\t\t\t\t<\/div>\n\t\t\t\t<\/div>","protected":false},"excerpt":{"rendered":"<p>Kit Cronograma Capilar Hidrata\u00e7\u00e3o Intensiva \u00c1GUA, \u00c1LCOOL CETOESTEAR\u00cdLICO, \u00c1LCOOL CET\u00cdLICO, CLORETO DE BEENTRIM\u00d4NIO, CLORETO DE DICETILDIM\u00d4NIO, ESTEARAMIDOPROPIL DIMETILAMINA, TREALOSE, GLICEROL, \u00d3LEO VEGETAL, FRAGR\u00c2NCIA, AMODIMETICONA, QUAT\u00c9RNIO-22, \u00c1CIDO L\u00c1CTICO, PROPILENOGLICOL, \u00c1LCOOL ISOPROP\u00cdLICO, BENZOATO DE S\u00d3DIO, SORBATO DE POT\u00c1SSIO, EDETATO DISS\u00d3DICO, POLIETILENOGLICOL-12 \u00c9TER DE \u00c1LCOOL TRIDEC\u00cdLICO, \u00d3LEO DA SEMENTE DE CAMELINA SATIVA, BENZOATO DE S\u00d3DIO, CLORETO DE CETRIM\u00d4NIO, [&hellip;]<\/p>\n","protected":false},"author":1,"featured_media":0,"parent":0,"menu_order":0,"comment_status":"closed","ping_status":"closed","template":"","meta":{"site-sidebar-layout":"no-sidebar","site-content-layout":"page-builder","ast-site-content-layout":"full-width-container","site-content-style":"default","site-sidebar-style":"default","ast-global-header-display":"","ast-banner-title-visibility":"","ast-main-header-display":"","ast-hfb-above-header-display":"","ast-hfb-below-header-display":"","ast-hfb-mobile-header-display":"","site-post-title":"disabled","ast-breadcrumbs-content":"","ast-featured-img":"disabled","footer-sml-layout":"","ast-disable-related-posts":"","theme-transparent-header-meta":"","adv-header-id-meta":"","stick-header-meta":"","header-above-stick-meta":"","header-main-stick-meta":"","header-below-stick-meta":"","astra-migrate-meta-layouts":"set","ast-page-background-enabled":"default","ast-page-background-meta":{"desktop":{"background-color":"var(--ast-global-color-4)","background-image":"","background-repeat":"repeat","background-position":"center center","background-size":"auto","background-attachment":"scroll","background-type":"","background-media":"","overlay-type":"","overlay-color":"","overlay-opacity":"","overlay-gradient":""},"tablet":{"background-color":"","background-image":"","background-repeat":"repeat","background-position":"center center","background-size":"auto","background-attachment":"scroll","background-type":"","background-media":"","overlay-type":"","overlay-color":"","overlay-opacity":"","overlay-gradient":""},"mobile":{"background-color":"","background-image":"","background-repeat":"repeat","background-position":"center center","background-size":"auto","background-attachment":"scroll","background-type":"","background-media":"","overlay-type":"","overlay-color":"","overlay-opacity":"","overlay-gradient":""}},"ast-content-background-meta":{"desktop":{"background-color":"var(--ast-global-color-5)","background-image":"","background-repeat":"repeat","background-position":"center center","background-size":"auto","background-attachment":"scroll","background-type":"","background-media":"","overlay-type":"","overlay-color":"","overlay-opacity":"","overlay-gradient":""},"tablet":{"background-color":"var(--ast-global-color-5)","background-image":"","background-repeat":"repeat","background-position":"center center","background-size":"auto","background-attachment":"scroll","background-type":"","background-media":"","overlay-type":"","overlay-color":"","overlay-opacity":"","overlay-gradient":""},"mobile":{"background-color":"var(--ast-global-color-5)","background-image":"","background-repeat":"repeat","background-position":"center center","background-size":"auto","background-attachment":"scroll","background-type":"","background-media":"","overlay-type":"","overlay-color":"","overlay-opacity":"","overlay-gradient":""}},"footnotes":""},"class_list":["post-4912","page","type-page","status-publish","hentry"],"_links":{"self":[{"href":"https:\/\/itallianhairtech.com\/es\/wp-json\/wp\/v2\/pages\/4912","targetHints":{"allow":["GET"]}}],"collection":[{"href":"https:\/\/itallianhairtech.com\/es\/wp-json\/wp\/v2\/pages"}],"about":[{"href":"https:\/\/itallianhairtech.com\/es\/wp-json\/wp\/v2\/types\/page"}],"author":[{"embeddable":true,"href":"https:\/\/itallianhairtech.com\/es\/wp-json\/wp\/v2\/users\/1"}],"replies":[{"embeddable":true,"href":"https:\/\/itallianhairtech.com\/es\/wp-json\/wp\/v2\/comments?post=4912"}],"version-history":[{"count":7,"href":"https:\/\/itallianhairtech.com\/es\/wp-json\/wp\/v2\/pages\/4912\/revisions"}],"predecessor-version":[{"id":4919,"href":"https:\/\/itallianhairtech.com\/es\/wp-json\/wp\/v2\/pages\/4912\/revisions\/4919"}],"wp:attachment":[{"href":"https:\/\/itallianhairtech.com\/es\/wp-json\/wp\/v2\/media?parent=4912"}],"curies":[{"name":"wp","href":"https:\/\/api.w.org\/{rel}","templated":true}]}}