{"id":5457,"date":"2025-01-24T08:28:11","date_gmt":"2025-01-24T11:28:11","guid":{"rendered":"https:\/\/itallianhairtech.com\/?page_id=5457"},"modified":"2025-11-10T11:54:20","modified_gmt":"2025-11-10T14:54:20","slug":"shampoo-lavatorio-2-5l","status":"publish","type":"page","link":"https:\/\/itallianhairtech.com\/es\/shampoo-lavatorio-2-5l\/","title":{"rendered":"shampoo-lavatorio-2-5l"},"content":{"rendered":"<div data-elementor-type=\"wp-page\" data-elementor-id=\"5457\" class=\"elementor elementor-5457\">\n\t\t\t\t<div class=\"elementor-element elementor-element-800a4c0 e-flex e-con-boxed e-con e-parent\" data-id=\"800a4c0\" data-element_type=\"container\">\n\t\t\t\t\t<div class=\"e-con-inner\">\n\t\t\t\t<div class=\"elementor-element elementor-element-59c3d81 elementor-widget elementor-widget-spacer\" data-id=\"59c3d81\" data-element_type=\"widget\" data-widget_type=\"spacer.default\">\n\t\t\t\t<div class=\"elementor-widget-container\">\n\t\t\t\t\t\t\t<div class=\"elementor-spacer\">\n\t\t\t<div class=\"elementor-spacer-inner\"><\/div>\n\t\t<\/div>\n\t\t\t\t\t\t<\/div>\n\t\t\t\t<\/div>\n\t\t\t\t\t<\/div>\n\t\t\t\t<\/div>\n\t\t<div class=\"elementor-element elementor-element-16bef33 e-flex e-con-boxed e-con e-parent\" data-id=\"16bef33\" data-element_type=\"container\">\n\t\t\t\t\t<div class=\"e-con-inner\">\n\t\t\t\t<div class=\"elementor-element elementor-element-07dc249 elementor-widget elementor-widget-spacer\" data-id=\"07dc249\" data-element_type=\"widget\" data-widget_type=\"spacer.default\">\n\t\t\t\t<div class=\"elementor-widget-container\">\n\t\t\t\t\t\t\t<div class=\"elementor-spacer\">\n\t\t\t<div class=\"elementor-spacer-inner\"><\/div>\n\t\t<\/div>\n\t\t\t\t\t\t<\/div>\n\t\t\t\t<\/div>\n\t\t\t\t\t<\/div>\n\t\t\t\t<\/div>\n\t\t\t\t<section class=\"elementor-section elementor-inner-section elementor-element elementor-element-7a64217c elementor-section-content-middle elementor-reverse-tablet elementor-reverse-mobile elementor-section-boxed elementor-section-height-default elementor-section-height-default\" data-id=\"7a64217c\" data-element_type=\"section\" id=\"coloratto\" data-settings=\"{&quot;background_background&quot;:&quot;classic&quot;}\">\n\t\t\t\t\t\t<div class=\"elementor-container elementor-column-gap-no\">\n\t\t\t\t\t<div class=\"elementor-column elementor-col-33 elementor-inner-column elementor-element elementor-element-6b6ee609\" data-id=\"6b6ee609\" data-element_type=\"column\" data-settings=\"{&quot;background_background&quot;:&quot;classic&quot;}\">\n\t\t\t<div class=\"elementor-widget-wrap elementor-element-populated\">\n\t\t\t\t\t\t<div class=\"elementor-element elementor-element-620c8fd elementor-widget-mobile__width-initial elementor-widget elementor-widget-heading\" data-id=\"620c8fd\" data-element_type=\"widget\" data-widget_type=\"heading.default\">\n\t\t\t\t<div class=\"elementor-widget-container\">\n\t\t\t\t\t<h3 class=\"elementor-heading-title elementor-size-default\">Shampoo Hidratante 2,5L<\/h3>\t\t\t\t<\/div>\n\t\t\t\t<\/div>\n\t\t\t\t<div class=\"elementor-element elementor-element-45b36883 elementor-widget-divider--view-line elementor-widget elementor-widget-divider\" data-id=\"45b36883\" data-element_type=\"widget\" data-widget_type=\"divider.default\">\n\t\t\t\t<div class=\"elementor-widget-container\">\n\t\t\t\t\t\t\t<div class=\"elementor-divider\">\n\t\t\t<span class=\"elementor-divider-separator\">\n\t\t\t\t\t\t<\/span>\n\t\t<\/div>\n\t\t\t\t\t\t<\/div>\n\t\t\t\t<\/div>\n\t\t\t\t<div class=\"elementor-element elementor-element-2326f322 elementor-widget__width-initial elementor-widget elementor-widget-text-editor\" data-id=\"2326f322\" data-element_type=\"widget\" data-widget_type=\"text-editor.default\">\n\t\t\t\t<div class=\"elementor-widget-container\">\n\t\t\t\t\t\t\t\t\t<p style=\"text-align: left;\">\u00c1GUA, LAURILETERSULFATO DE S\u00d3DIO, DIETANOLAMINA COCAMIDA, COCOAMIDOPROPIL BETA\u00cdNA, PERFUME, DIESTEARATO DE ETILENOGLICOL, DIMETILIDANTO\u00cdNA, POLIQUAT\u00c9RNIO-7, OLEATO DE ETILA, CLORETO DE S\u00d3DIO, CLORETO DE GUAR HIDROXIPROPILTRIM\u00d4NIO, \u00c1CIDO C\u00cdTRICO, EDETATO DISS\u00d3DICO, \u00d3LEO DA SEMENTE DE GIRASSOL, LINOLEATO DE ETILA, \u00c1LCOOL ET\u00cdLICO, LAURATO DE ETILA, CITRATO DE S\u00d3DIO, CERA DE FARELO DE ARROZ, BENZOATO DE S\u00d3DIO, PEG-90M, \u00c1CIDO BENZOICO, FENOXIETANOL, IMIDAZOLIDINILUREIA, \u00d3LEO DA SEMENTE DE ALGOD\u00c3O, \u00c9STERES DA JOJOBA, EXTRATO DA RAIZ DE C\u00c1LAMO-AROMATICO, EXTRATO DA FOLHA DE ALOE VERA, MANTEIGA DE KARIT\u00c9, EXTRATO DA FOLHA DE CH\u00c1-DA-\u00cdNDIA, EXTRATO DA FLOR DE CAMOMILA, EXTRATO DA CASCA DE CANELEIRA, EXTRATO DO FRUTO DE COQUEIRO, EXTRATO DE RESINA DE MIRRA, \u00d3LEO DA SEMENTE DE MACADAMIA TERNIFOLIA, \u00d3LEO DO FRUTO DE OLIVEIRA, \u00d3LEO DA SEMENTE DE CASTANHA DE ARGAN, GLICEROL, MONOESTEARATO DE GLICERILA, LECITINA, DIISOESTEARATO DE POLIGLICERILA-3, NITRATO DE MAGN\u00c9SIO, METILCLOROISOTIAZOLINONA e METILISOTIAZOLINONA, CLORETO DE MAGN\u00c9SIO, CITRONELOL.<\/p>\t\t\t\t\t\t\t\t<\/div>\n\t\t\t\t<\/div>\n\t\t\t\t\t<\/div>\n\t\t<\/div>\n\t\t\t\t<div class=\"elementor-column elementor-col-66 elementor-inner-column elementor-element elementor-element-4935fd07\" data-id=\"4935fd07\" data-element_type=\"column\">\n\t\t\t<div class=\"elementor-widget-wrap elementor-element-populated\">\n\t\t\t\t\t\t<div class=\"elementor-element elementor-element-70e7a927 elementor-widget elementor-widget-image\" data-id=\"70e7a927\" data-element_type=\"widget\" data-widget_type=\"image.default\">\n\t\t\t\t<div class=\"elementor-widget-container\">\n\t\t\t\t\t\t\t\t\t\t\t\t\t\t\t<img fetchpriority=\"high\" decoding=\"async\" width=\"1024\" height=\"683\" src=\"https:\/\/itallianhairtech.com\/wp-content\/uploads\/2025\/01\/Shampoo-Hidratante-25L.png\" class=\"attachment-large size-large wp-image-5459\" alt=\"\" \/>\t\t\t\t\t\t\t\t\t\t\t\t\t\t\t<\/div>\n\t\t\t\t<\/div>\n\t\t\t\t\t<\/div>\n\t\t<\/div>\n\t\t\t\t\t<\/div>\n\t\t<\/section>\n\t\t<div class=\"elementor-element elementor-element-df145e0 e-flex e-con-boxed e-con e-parent\" data-id=\"df145e0\" data-element_type=\"container\">\n\t\t\t\t\t<div class=\"e-con-inner\">\n\t\t\t\t<div class=\"elementor-element elementor-element-e62b017 elementor-widget elementor-widget-spacer\" data-id=\"e62b017\" data-element_type=\"widget\" data-widget_type=\"spacer.default\">\n\t\t\t\t<div class=\"elementor-widget-container\">\n\t\t\t\t\t\t\t<div class=\"elementor-spacer\">\n\t\t\t<div class=\"elementor-spacer-inner\"><\/div>\n\t\t<\/div>\n\t\t\t\t\t\t<\/div>\n\t\t\t\t<\/div>\n\t\t\t\t\t<\/div>\n\t\t\t\t<\/div>\n\t\t\t\t<\/div>","protected":false},"excerpt":{"rendered":"<p>Shampoo Hidratante 2,5L \u00c1GUA, LAURILETERSULFATO DE S\u00d3DIO, DIETANOLAMINA COCAMIDA, COCOAMIDOPROPIL BETA\u00cdNA, PERFUME, DIESTEARATO DE ETILENOGLICOL, DIMETILIDANTO\u00cdNA, POLIQUAT\u00c9RNIO-7, OLEATO DE ETILA, CLORETO DE S\u00d3DIO, CLORETO DE GUAR HIDROXIPROPILTRIM\u00d4NIO, \u00c1CIDO C\u00cdTRICO, EDETATO DISS\u00d3DICO, \u00d3LEO DA SEMENTE DE GIRASSOL, LINOLEATO DE ETILA, \u00c1LCOOL ET\u00cdLICO, LAURATO DE ETILA, CITRATO DE S\u00d3DIO, CERA DE FARELO DE ARROZ, BENZOATO DE S\u00d3DIO, [&hellip;]<\/p>\n","protected":false},"author":1,"featured_media":0,"parent":0,"menu_order":0,"comment_status":"closed","ping_status":"closed","template":"","meta":{"site-sidebar-layout":"no-sidebar","site-content-layout":"page-builder","ast-site-content-layout":"full-width-container","site-content-style":"default","site-sidebar-style":"default","ast-global-header-display":"","ast-banner-title-visibility":"","ast-main-header-display":"","ast-hfb-above-header-display":"","ast-hfb-below-header-display":"","ast-hfb-mobile-header-display":"","site-post-title":"disabled","ast-breadcrumbs-content":"","ast-featured-img":"disabled","footer-sml-layout":"","ast-disable-related-posts":"","theme-transparent-header-meta":"","adv-header-id-meta":"","stick-header-meta":"","header-above-stick-meta":"","header-main-stick-meta":"","header-below-stick-meta":"","astra-migrate-meta-layouts":"set","ast-page-background-enabled":"default","ast-page-background-meta":{"desktop":{"background-color":"var(--ast-global-color-4)","background-image":"","background-repeat":"repeat","background-position":"center center","background-size":"auto","background-attachment":"scroll","background-type":"","background-media":"","overlay-type":"","overlay-color":"","overlay-opacity":"","overlay-gradient":""},"tablet":{"background-color":"","background-image":"","background-repeat":"repeat","background-position":"center center","background-size":"auto","background-attachment":"scroll","background-type":"","background-media":"","overlay-type":"","overlay-color":"","overlay-opacity":"","overlay-gradient":""},"mobile":{"background-color":"","background-image":"","background-repeat":"repeat","background-position":"center center","background-size":"auto","background-attachment":"scroll","background-type":"","background-media":"","overlay-type":"","overlay-color":"","overlay-opacity":"","overlay-gradient":""}},"ast-content-background-meta":{"desktop":{"background-color":"var(--ast-global-color-5)","background-image":"","background-repeat":"repeat","background-position":"center center","background-size":"auto","background-attachment":"scroll","background-type":"","background-media":"","overlay-type":"","overlay-color":"","overlay-opacity":"","overlay-gradient":""},"tablet":{"background-color":"var(--ast-global-color-5)","background-image":"","background-repeat":"repeat","background-position":"center center","background-size":"auto","background-attachment":"scroll","background-type":"","background-media":"","overlay-type":"","overlay-color":"","overlay-opacity":"","overlay-gradient":""},"mobile":{"background-color":"var(--ast-global-color-5)","background-image":"","background-repeat":"repeat","background-position":"center center","background-size":"auto","background-attachment":"scroll","background-type":"","background-media":"","overlay-type":"","overlay-color":"","overlay-opacity":"","overlay-gradient":""}},"footnotes":""},"class_list":["post-5457","page","type-page","status-publish","hentry"],"_links":{"self":[{"href":"https:\/\/itallianhairtech.com\/es\/wp-json\/wp\/v2\/pages\/5457","targetHints":{"allow":["GET"]}}],"collection":[{"href":"https:\/\/itallianhairtech.com\/es\/wp-json\/wp\/v2\/pages"}],"about":[{"href":"https:\/\/itallianhairtech.com\/es\/wp-json\/wp\/v2\/types\/page"}],"author":[{"embeddable":true,"href":"https:\/\/itallianhairtech.com\/es\/wp-json\/wp\/v2\/users\/1"}],"replies":[{"embeddable":true,"href":"https:\/\/itallianhairtech.com\/es\/wp-json\/wp\/v2\/comments?post=5457"}],"version-history":[{"count":13,"href":"https:\/\/itallianhairtech.com\/es\/wp-json\/wp\/v2\/pages\/5457\/revisions"}],"predecessor-version":[{"id":9162,"href":"https:\/\/itallianhairtech.com\/es\/wp-json\/wp\/v2\/pages\/5457\/revisions\/9162"}],"wp:attachment":[{"href":"https:\/\/itallianhairtech.com\/es\/wp-json\/wp\/v2\/media?parent=5457"}],"curies":[{"name":"wp","href":"https:\/\/api.w.org\/{rel}","templated":true}]}}