{"id":5469,"date":"2025-01-24T08:38:31","date_gmt":"2025-01-24T11:38:31","guid":{"rendered":"https:\/\/itallianhairtech.com\/?page_id=5469"},"modified":"2025-09-01T16:14:20","modified_gmt":"2025-09-01T19:14:20","slug":"condicionador-hidratante-2500-ml","status":"publish","type":"page","link":"https:\/\/itallianhairtech.com\/es\/qrcodes\/condicionador-hidratante-2500-ml\/","title":{"rendered":"condicionador-hidratante-2500-ml\/"},"content":{"rendered":"<div data-elementor-type=\"wp-page\" data-elementor-id=\"5469\" class=\"elementor elementor-5469\">\n\t\t\t\t<div class=\"elementor-element elementor-element-0e61554 e-flex e-con-boxed e-con e-parent\" data-id=\"0e61554\" data-element_type=\"container\">\n\t\t\t\t\t<div class=\"e-con-inner\">\n\t\t\t\t<div class=\"elementor-element elementor-element-8357797 elementor-widget elementor-widget-spacer\" data-id=\"8357797\" data-element_type=\"widget\" data-widget_type=\"spacer.default\">\n\t\t\t\t<div class=\"elementor-widget-container\">\n\t\t\t\t\t\t\t<div class=\"elementor-spacer\">\n\t\t\t<div class=\"elementor-spacer-inner\"><\/div>\n\t\t<\/div>\n\t\t\t\t\t\t<\/div>\n\t\t\t\t<\/div>\n\t\t\t\t\t<\/div>\n\t\t\t\t<\/div>\n\t\t<div class=\"elementor-element elementor-element-a305585 e-flex e-con-boxed e-con e-parent\" data-id=\"a305585\" data-element_type=\"container\">\n\t\t\t\t\t<div class=\"e-con-inner\">\n\t\t\t\t<div class=\"elementor-element elementor-element-214e1a0 elementor-widget elementor-widget-spacer\" data-id=\"214e1a0\" data-element_type=\"widget\" data-widget_type=\"spacer.default\">\n\t\t\t\t<div class=\"elementor-widget-container\">\n\t\t\t\t\t\t\t<div class=\"elementor-spacer\">\n\t\t\t<div class=\"elementor-spacer-inner\"><\/div>\n\t\t<\/div>\n\t\t\t\t\t\t<\/div>\n\t\t\t\t<\/div>\n\t\t\t\t\t<\/div>\n\t\t\t\t<\/div>\n\t\t\t\t<section class=\"elementor-section elementor-inner-section elementor-element elementor-element-3208f54c elementor-section-content-middle elementor-reverse-tablet elementor-reverse-mobile elementor-section-boxed elementor-section-height-default elementor-section-height-default\" data-id=\"3208f54c\" data-element_type=\"section\" id=\"coloratto\" data-settings=\"{&quot;background_background&quot;:&quot;classic&quot;}\">\n\t\t\t\t\t\t<div class=\"elementor-container elementor-column-gap-no\">\n\t\t\t\t\t<div class=\"elementor-column elementor-col-33 elementor-inner-column elementor-element elementor-element-1c62a9f8\" data-id=\"1c62a9f8\" data-element_type=\"column\" data-settings=\"{&quot;background_background&quot;:&quot;classic&quot;}\">\n\t\t\t<div class=\"elementor-widget-wrap elementor-element-populated\">\n\t\t\t\t\t\t<div class=\"elementor-element elementor-element-7276ebb1 elementor-widget-mobile__width-initial elementor-widget elementor-widget-heading\" data-id=\"7276ebb1\" data-element_type=\"widget\" data-widget_type=\"heading.default\">\n\t\t\t\t<div class=\"elementor-widget-container\">\n\t\t\t\t\t<h3 class=\"elementor-heading-title elementor-size-default\">Condicionador Hidratante 2,5L<\/h3>\t\t\t\t<\/div>\n\t\t\t\t<\/div>\n\t\t\t\t<div class=\"elementor-element elementor-element-54cc8e52 elementor-widget-divider--view-line elementor-widget elementor-widget-divider\" data-id=\"54cc8e52\" data-element_type=\"widget\" data-widget_type=\"divider.default\">\n\t\t\t\t<div class=\"elementor-widget-container\">\n\t\t\t\t\t\t\t<div class=\"elementor-divider\">\n\t\t\t<span class=\"elementor-divider-separator\">\n\t\t\t\t\t\t<\/span>\n\t\t<\/div>\n\t\t\t\t\t\t<\/div>\n\t\t\t\t<\/div>\n\t\t\t\t<div class=\"elementor-element elementor-element-c3b9ba3 elementor-widget__width-initial elementor-widget elementor-widget-text-editor\" data-id=\"c3b9ba3\" data-element_type=\"widget\" data-widget_type=\"text-editor.default\">\n\t\t\t\t<div class=\"elementor-widget-container\">\n\t\t\t\t\t\t\t\t\t<p>\u00c1GUA, \u00c1LCOOL CETEAR\u00cdLICO, DIMETICONA, CLORETO DE CETRIM\u00d4NIO, \u00c1LCOOL ET\u00cdLICO, CETEARETE-20, PERFUME, BENZOATO DE S\u00d3DIO, OLIVATO DE ETILA, \u00c1CIDO C\u00cdTRICO, EDETATO DISS\u00d3DICO, \u00d3LEO DA SEMENTE DE GIRASSOL, SORBATO DE POT\u00c1SSIO, LINOLEATO DE ETILA, \u00d3LEO DA SEMENTE DE ALGOD\u00c3O, BUTIL-HIDROXITOLUENO, LAURATO DE ETILA, CERA DO FARELO DE ARROZ, EXTRATO DA RAIZ DE C\u00c1LAMO-AROM\u00c1TICO, EXTRATO DA FOLHA DE ALOE VERA, MANTEIGA DE KARIT\u00c9, EXTRATO DA FOLHA DE CH\u00c1-DA-\u00cdNDIA, EXTRATO DA FLOR DE CAMOMILA, EXTRATO DA CASCA DE CANELEIRA, EXTRATO DO FRUTO DE COQUEIRO, EXTRATO DE RESINA DE MIRRA, \u00d3LEO DA SEMENTE DE MACADAMIA TERNIFOLIA, \u00d3LEO DO FRUTO DE OLIVEIRA, \u00d3LEO DA CASTANHA DE ARGAN, GLICEROL, MONOESTEARATO DE GLICERILA, LECITINA, DIISOESTEARATO DE POLIGLICERILA-3, FENOXIETANOL, \u00c9STERES DA JOJOBA.<\/p>\t\t\t\t\t\t\t\t<\/div>\n\t\t\t\t<\/div>\n\t\t\t\t\t<\/div>\n\t\t<\/div>\n\t\t\t\t<div class=\"elementor-column elementor-col-66 elementor-inner-column elementor-element elementor-element-443ffef5\" data-id=\"443ffef5\" data-element_type=\"column\">\n\t\t\t<div class=\"elementor-widget-wrap elementor-element-populated\">\n\t\t\t\t\t\t<div class=\"elementor-element elementor-element-360c95ed elementor-widget elementor-widget-image\" data-id=\"360c95ed\" data-element_type=\"widget\" data-widget_type=\"image.default\">\n\t\t\t\t<div class=\"elementor-widget-container\">\n\t\t\t\t\t\t\t\t\t\t\t\t\t\t\t<img fetchpriority=\"high\" decoding=\"async\" width=\"1024\" height=\"683\" src=\"https:\/\/itallianhairtech.com\/wp-content\/uploads\/2025\/04\/produtos_1200x800px_itcolor_condicionardor_2500ml-1024x683.png\" class=\"attachment-large size-large wp-image-7766\" alt=\"\" srcset=\"https:\/\/itallianhairtech.com\/wp-content\/uploads\/2025\/04\/produtos_1200x800px_itcolor_condicionardor_2500ml-1024x683.png 1024w, https:\/\/itallianhairtech.com\/wp-content\/uploads\/2025\/04\/produtos_1200x800px_itcolor_condicionardor_2500ml-300x200.png 300w, https:\/\/itallianhairtech.com\/wp-content\/uploads\/2025\/04\/produtos_1200x800px_itcolor_condicionardor_2500ml-768x512.png 768w, https:\/\/itallianhairtech.com\/wp-content\/uploads\/2025\/04\/produtos_1200x800px_itcolor_condicionardor_2500ml.png 1200w\" sizes=\"(max-width: 1024px) 100vw, 1024px\" \/>\t\t\t\t\t\t\t\t\t\t\t\t\t\t\t<\/div>\n\t\t\t\t<\/div>\n\t\t\t\t\t<\/div>\n\t\t<\/div>\n\t\t\t\t\t<\/div>\n\t\t<\/section>\n\t\t<div class=\"elementor-element elementor-element-7fca5e9 e-flex e-con-boxed e-con e-parent\" data-id=\"7fca5e9\" data-element_type=\"container\">\n\t\t\t\t\t<div class=\"e-con-inner\">\n\t\t\t\t<div class=\"elementor-element elementor-element-840a908 elementor-widget elementor-widget-spacer\" data-id=\"840a908\" data-element_type=\"widget\" data-widget_type=\"spacer.default\">\n\t\t\t\t<div class=\"elementor-widget-container\">\n\t\t\t\t\t\t\t<div class=\"elementor-spacer\">\n\t\t\t<div class=\"elementor-spacer-inner\"><\/div>\n\t\t<\/div>\n\t\t\t\t\t\t<\/div>\n\t\t\t\t<\/div>\n\t\t\t\t\t<\/div>\n\t\t\t\t<\/div>\n\t\t\t\t<\/div>","protected":false},"excerpt":{"rendered":"<p>Condicionador Hidratante 2,5L \u00c1GUA, \u00c1LCOOL CETEAR\u00cdLICO, DIMETICONA, CLORETO DE CETRIM\u00d4NIO, \u00c1LCOOL ET\u00cdLICO, CETEARETE-20, PERFUME, BENZOATO DE S\u00d3DIO, OLIVATO DE ETILA, \u00c1CIDO C\u00cdTRICO, EDETATO DISS\u00d3DICO, \u00d3LEO DA SEMENTE DE GIRASSOL, SORBATO DE POT\u00c1SSIO, LINOLEATO DE ETILA, \u00d3LEO DA SEMENTE DE ALGOD\u00c3O, BUTIL-HIDROXITOLUENO, LAURATO DE ETILA, CERA DO FARELO DE ARROZ, EXTRATO DA RAIZ DE C\u00c1LAMO-AROM\u00c1TICO, EXTRATO [&hellip;]<\/p>\n","protected":false},"author":1,"featured_media":0,"parent":9052,"menu_order":0,"comment_status":"closed","ping_status":"closed","template":"","meta":{"site-sidebar-layout":"no-sidebar","site-content-layout":"page-builder","ast-site-content-layout":"full-width-container","site-content-style":"default","site-sidebar-style":"default","ast-global-header-display":"","ast-banner-title-visibility":"","ast-main-header-display":"","ast-hfb-above-header-display":"","ast-hfb-below-header-display":"","ast-hfb-mobile-header-display":"","site-post-title":"disabled","ast-breadcrumbs-content":"","ast-featured-img":"disabled","footer-sml-layout":"","ast-disable-related-posts":"","theme-transparent-header-meta":"","adv-header-id-meta":"","stick-header-meta":"","header-above-stick-meta":"","header-main-stick-meta":"","header-below-stick-meta":"","astra-migrate-meta-layouts":"set","ast-page-background-enabled":"default","ast-page-background-meta":{"desktop":{"background-color":"var(--ast-global-color-4)","background-image":"","background-repeat":"repeat","background-position":"center center","background-size":"auto","background-attachment":"scroll","background-type":"","background-media":"","overlay-type":"","overlay-color":"","overlay-opacity":"","overlay-gradient":""},"tablet":{"background-color":"","background-image":"","background-repeat":"repeat","background-position":"center center","background-size":"auto","background-attachment":"scroll","background-type":"","background-media":"","overlay-type":"","overlay-color":"","overlay-opacity":"","overlay-gradient":""},"mobile":{"background-color":"","background-image":"","background-repeat":"repeat","background-position":"center center","background-size":"auto","background-attachment":"scroll","background-type":"","background-media":"","overlay-type":"","overlay-color":"","overlay-opacity":"","overlay-gradient":""}},"ast-content-background-meta":{"desktop":{"background-color":"var(--ast-global-color-5)","background-image":"","background-repeat":"repeat","background-position":"center center","background-size":"auto","background-attachment":"scroll","background-type":"","background-media":"","overlay-type":"","overlay-color":"","overlay-opacity":"","overlay-gradient":""},"tablet":{"background-color":"var(--ast-global-color-5)","background-image":"","background-repeat":"repeat","background-position":"center center","background-size":"auto","background-attachment":"scroll","background-type":"","background-media":"","overlay-type":"","overlay-color":"","overlay-opacity":"","overlay-gradient":""},"mobile":{"background-color":"var(--ast-global-color-5)","background-image":"","background-repeat":"repeat","background-position":"center center","background-size":"auto","background-attachment":"scroll","background-type":"","background-media":"","overlay-type":"","overlay-color":"","overlay-opacity":"","overlay-gradient":""}},"footnotes":""},"class_list":["post-5469","page","type-page","status-publish","hentry"],"_links":{"self":[{"href":"https:\/\/itallianhairtech.com\/es\/wp-json\/wp\/v2\/pages\/5469","targetHints":{"allow":["GET"]}}],"collection":[{"href":"https:\/\/itallianhairtech.com\/es\/wp-json\/wp\/v2\/pages"}],"about":[{"href":"https:\/\/itallianhairtech.com\/es\/wp-json\/wp\/v2\/types\/page"}],"author":[{"embeddable":true,"href":"https:\/\/itallianhairtech.com\/es\/wp-json\/wp\/v2\/users\/1"}],"replies":[{"embeddable":true,"href":"https:\/\/itallianhairtech.com\/es\/wp-json\/wp\/v2\/comments?post=5469"}],"version-history":[{"count":14,"href":"https:\/\/itallianhairtech.com\/es\/wp-json\/wp\/v2\/pages\/5469\/revisions"}],"predecessor-version":[{"id":9128,"href":"https:\/\/itallianhairtech.com\/es\/wp-json\/wp\/v2\/pages\/5469\/revisions\/9128"}],"up":[{"embeddable":true,"href":"https:\/\/itallianhairtech.com\/es\/wp-json\/wp\/v2\/pages\/9052"}],"wp:attachment":[{"href":"https:\/\/itallianhairtech.com\/es\/wp-json\/wp\/v2\/media?parent=5469"}],"curies":[{"name":"wp","href":"https:\/\/api.w.org\/{rel}","templated":true}]}}