{"id":5517,"date":"2025-01-24T09:05:51","date_gmt":"2025-01-24T12:05:51","guid":{"rendered":"https:\/\/itallianhairtech.com\/?page_id=5517"},"modified":"2025-11-10T12:04:48","modified_gmt":"2025-11-10T15:04:48","slug":"oxidante-40-volumes","status":"publish","type":"page","link":"https:\/\/itallianhairtech.com\/es\/qrcodes\/oxidante-40-volumes\/","title":{"rendered":"oxidante-40-volumes\/"},"content":{"rendered":"<div data-elementor-type=\"wp-page\" data-elementor-id=\"5517\" class=\"elementor elementor-5517\">\n\t\t\t\t<div class=\"elementor-element elementor-element-6b2be9a e-flex e-con-boxed e-con e-parent\" data-id=\"6b2be9a\" data-element_type=\"container\">\n\t\t\t\t\t<div class=\"e-con-inner\">\n\t\t\t\t<div class=\"elementor-element elementor-element-d03fdc8 elementor-widget elementor-widget-spacer\" data-id=\"d03fdc8\" data-element_type=\"widget\" data-widget_type=\"spacer.default\">\n\t\t\t\t<div class=\"elementor-widget-container\">\n\t\t\t\t\t\t\t<div class=\"elementor-spacer\">\n\t\t\t<div class=\"elementor-spacer-inner\"><\/div>\n\t\t<\/div>\n\t\t\t\t\t\t<\/div>\n\t\t\t\t<\/div>\n\t\t\t\t\t<\/div>\n\t\t\t\t<\/div>\n\t\t<div class=\"elementor-element elementor-element-2262193 e-flex e-con-boxed e-con e-parent\" data-id=\"2262193\" data-element_type=\"container\">\n\t\t\t\t\t<div class=\"e-con-inner\">\n\t\t\t\t<div class=\"elementor-element elementor-element-84ee54e elementor-widget elementor-widget-spacer\" data-id=\"84ee54e\" data-element_type=\"widget\" data-widget_type=\"spacer.default\">\n\t\t\t\t<div class=\"elementor-widget-container\">\n\t\t\t\t\t\t\t<div class=\"elementor-spacer\">\n\t\t\t<div class=\"elementor-spacer-inner\"><\/div>\n\t\t<\/div>\n\t\t\t\t\t\t<\/div>\n\t\t\t\t<\/div>\n\t\t\t\t\t<\/div>\n\t\t\t\t<\/div>\n\t\t\t\t<section class=\"elementor-section elementor-inner-section elementor-element elementor-element-1b33c06e elementor-section-content-middle elementor-reverse-tablet elementor-reverse-mobile elementor-section-boxed elementor-section-height-default elementor-section-height-default\" data-id=\"1b33c06e\" data-element_type=\"section\" id=\"coloratto\" data-settings=\"{&quot;background_background&quot;:&quot;classic&quot;}\">\n\t\t\t\t\t\t<div class=\"elementor-container elementor-column-gap-no\">\n\t\t\t\t\t<div class=\"elementor-column elementor-col-33 elementor-inner-column elementor-element elementor-element-7c9dff98\" data-id=\"7c9dff98\" data-element_type=\"column\" data-settings=\"{&quot;background_background&quot;:&quot;classic&quot;}\">\n\t\t\t<div class=\"elementor-widget-wrap elementor-element-populated\">\n\t\t\t\t\t\t<div class=\"elementor-element elementor-element-dd7a9bc elementor-widget elementor-widget-heading\" data-id=\"dd7a9bc\" data-element_type=\"widget\" data-widget_type=\"heading.default\">\n\t\t\t\t<div class=\"elementor-widget-container\">\n\t\t\t\t\t<h3 class=\"elementor-heading-title elementor-size-default\">Oxidante 40vol 1l<\/h3>\t\t\t\t<\/div>\n\t\t\t\t<\/div>\n\t\t\t\t<div class=\"elementor-element elementor-element-5867750a elementor-widget-divider--view-line elementor-widget elementor-widget-divider\" data-id=\"5867750a\" data-element_type=\"widget\" data-widget_type=\"divider.default\">\n\t\t\t\t<div class=\"elementor-widget-container\">\n\t\t\t\t\t\t\t<div class=\"elementor-divider\">\n\t\t\t<span class=\"elementor-divider-separator\">\n\t\t\t\t\t\t<\/span>\n\t\t<\/div>\n\t\t\t\t\t\t<\/div>\n\t\t\t\t<\/div>\n\t\t\t\t<div class=\"elementor-element elementor-element-13cd94cb elementor-widget__width-initial elementor-widget elementor-widget-text-editor\" data-id=\"13cd94cb\" data-element_type=\"widget\" data-widget_type=\"text-editor.default\">\n\t\t\t\t<div class=\"elementor-widget-container\">\n\t\t\t\t\t\t\t\t\t<p style=\"text-align: left;\">\u00c1GUA, PER\u00d3XIDO DE HIDROG\u00caNIO, \u00c1LCOOL CETOESTEAR\u00cdLICO, GLICEROL, LAURILETERSULFATO DE S\u00d3DIO, ACETATO DE CETILA, \u00c1LCOOL CET\u00cdLICO, FRAGR\u00c2NCIA, FENACETINA, ACETATO DE ESTEARILA, PENTETATO PENTASS\u00d3DICO, ACETATO DE OLE\u00cdLA, \u00c1CIDO AMINOTRIMETILENO FOSF\u00d4NICO, PIROFOSFATO DISS\u00d3DICO, \u00c1LCOOL DE LANOLINA ACETILADA, DIMETILIDANTO\u00cdNA, HIDR\u00d3XIDO DE S\u00d3DIO, \u00c1CIDO FOSF\u00d3RICO, ACETATO DE TOCOFERILA<\/p>\t\t\t\t\t\t\t\t<\/div>\n\t\t\t\t<\/div>\n\t\t\t\t\t<\/div>\n\t\t<\/div>\n\t\t\t\t<div class=\"elementor-column elementor-col-66 elementor-inner-column elementor-element elementor-element-b1f5654\" data-id=\"b1f5654\" data-element_type=\"column\">\n\t\t\t<div class=\"elementor-widget-wrap elementor-element-populated\">\n\t\t\t\t\t\t<div class=\"elementor-element elementor-element-6b60f3e2 elementor-widget elementor-widget-image\" data-id=\"6b60f3e2\" data-element_type=\"widget\" data-widget_type=\"image.default\">\n\t\t\t\t<div class=\"elementor-widget-container\">\n\t\t\t\t\t\t\t\t\t\t\t\t\t\t\t<img fetchpriority=\"high\" decoding=\"async\" width=\"1024\" height=\"683\" src=\"https:\/\/itallianhairtech.com\/wp-content\/uploads\/2025\/01\/Oxidante-40vol-1l.png\" class=\"attachment-large size-large wp-image-5519\" alt=\"\" \/>\t\t\t\t\t\t\t\t\t\t\t\t\t\t\t<\/div>\n\t\t\t\t<\/div>\n\t\t\t\t\t<\/div>\n\t\t<\/div>\n\t\t\t\t\t<\/div>\n\t\t<\/section>\n\t\t<div class=\"elementor-element elementor-element-5439e43 e-flex e-con-boxed e-con e-parent\" data-id=\"5439e43\" data-element_type=\"container\">\n\t\t\t\t\t<div class=\"e-con-inner\">\n\t\t\t\t<div class=\"elementor-element elementor-element-0ad55ac elementor-widget elementor-widget-spacer\" data-id=\"0ad55ac\" data-element_type=\"widget\" data-widget_type=\"spacer.default\">\n\t\t\t\t<div class=\"elementor-widget-container\">\n\t\t\t\t\t\t\t<div class=\"elementor-spacer\">\n\t\t\t<div class=\"elementor-spacer-inner\"><\/div>\n\t\t<\/div>\n\t\t\t\t\t\t<\/div>\n\t\t\t\t<\/div>\n\t\t\t\t\t<\/div>\n\t\t\t\t<\/div>\n\t\t\t\t<\/div>","protected":false},"excerpt":{"rendered":"<p>Oxidante 40vol 1l \u00c1GUA, PER\u00d3XIDO DE HIDROG\u00caNIO, \u00c1LCOOL CETOESTEAR\u00cdLICO, GLICEROL, LAURILETERSULFATO DE S\u00d3DIO, ACETATO DE CETILA, \u00c1LCOOL CET\u00cdLICO, FRAGR\u00c2NCIA, FENACETINA, ACETATO DE ESTEARILA, PENTETATO PENTASS\u00d3DICO, ACETATO DE OLE\u00cdLA, \u00c1CIDO AMINOTRIMETILENO FOSF\u00d4NICO, PIROFOSFATO DISS\u00d3DICO, \u00c1LCOOL DE LANOLINA ACETILADA, DIMETILIDANTO\u00cdNA, HIDR\u00d3XIDO DE S\u00d3DIO, \u00c1CIDO FOSF\u00d3RICO, ACETATO DE TOCOFERILA<\/p>","protected":false},"author":1,"featured_media":0,"parent":9052,"menu_order":0,"comment_status":"closed","ping_status":"closed","template":"","meta":{"site-sidebar-layout":"no-sidebar","site-content-layout":"page-builder","ast-site-content-layout":"full-width-container","site-content-style":"default","site-sidebar-style":"default","ast-global-header-display":"","ast-banner-title-visibility":"","ast-main-header-display":"","ast-hfb-above-header-display":"","ast-hfb-below-header-display":"","ast-hfb-mobile-header-display":"","site-post-title":"disabled","ast-breadcrumbs-content":"","ast-featured-img":"disabled","footer-sml-layout":"","ast-disable-related-posts":"","theme-transparent-header-meta":"","adv-header-id-meta":"","stick-header-meta":"","header-above-stick-meta":"","header-main-stick-meta":"","header-below-stick-meta":"","astra-migrate-meta-layouts":"set","ast-page-background-enabled":"default","ast-page-background-meta":{"desktop":{"background-color":"var(--ast-global-color-4)","background-image":"","background-repeat":"repeat","background-position":"center center","background-size":"auto","background-attachment":"scroll","background-type":"","background-media":"","overlay-type":"","overlay-color":"","overlay-opacity":"","overlay-gradient":""},"tablet":{"background-color":"","background-image":"","background-repeat":"repeat","background-position":"center center","background-size":"auto","background-attachment":"scroll","background-type":"","background-media":"","overlay-type":"","overlay-color":"","overlay-opacity":"","overlay-gradient":""},"mobile":{"background-color":"","background-image":"","background-repeat":"repeat","background-position":"center center","background-size":"auto","background-attachment":"scroll","background-type":"","background-media":"","overlay-type":"","overlay-color":"","overlay-opacity":"","overlay-gradient":""}},"ast-content-background-meta":{"desktop":{"background-color":"var(--ast-global-color-5)","background-image":"","background-repeat":"repeat","background-position":"center center","background-size":"auto","background-attachment":"scroll","background-type":"","background-media":"","overlay-type":"","overlay-color":"","overlay-opacity":"","overlay-gradient":""},"tablet":{"background-color":"var(--ast-global-color-5)","background-image":"","background-repeat":"repeat","background-position":"center center","background-size":"auto","background-attachment":"scroll","background-type":"","background-media":"","overlay-type":"","overlay-color":"","overlay-opacity":"","overlay-gradient":""},"mobile":{"background-color":"var(--ast-global-color-5)","background-image":"","background-repeat":"repeat","background-position":"center center","background-size":"auto","background-attachment":"scroll","background-type":"","background-media":"","overlay-type":"","overlay-color":"","overlay-opacity":"","overlay-gradient":""}},"footnotes":""},"class_list":["post-5517","page","type-page","status-publish","hentry"],"_links":{"self":[{"href":"https:\/\/itallianhairtech.com\/es\/wp-json\/wp\/v2\/pages\/5517","targetHints":{"allow":["GET"]}}],"collection":[{"href":"https:\/\/itallianhairtech.com\/es\/wp-json\/wp\/v2\/pages"}],"about":[{"href":"https:\/\/itallianhairtech.com\/es\/wp-json\/wp\/v2\/types\/page"}],"author":[{"embeddable":true,"href":"https:\/\/itallianhairtech.com\/es\/wp-json\/wp\/v2\/users\/1"}],"replies":[{"embeddable":true,"href":"https:\/\/itallianhairtech.com\/es\/wp-json\/wp\/v2\/comments?post=5517"}],"version-history":[{"count":11,"href":"https:\/\/itallianhairtech.com\/es\/wp-json\/wp\/v2\/pages\/5517\/revisions"}],"predecessor-version":[{"id":9171,"href":"https:\/\/itallianhairtech.com\/es\/wp-json\/wp\/v2\/pages\/5517\/revisions\/9171"}],"up":[{"embeddable":true,"href":"https:\/\/itallianhairtech.com\/es\/wp-json\/wp\/v2\/pages\/9052"}],"wp:attachment":[{"href":"https:\/\/itallianhairtech.com\/es\/wp-json\/wp\/v2\/media?parent=5517"}],"curies":[{"name":"wp","href":"https:\/\/api.w.org\/{rel}","templated":true}]}}