{"id":5570,"date":"2025-01-24T09:49:39","date_gmt":"2025-01-24T12:49:39","guid":{"rendered":"https:\/\/itallianhairtech.com\/?page_id=5570"},"modified":"2025-08-29T09:48:24","modified_gmt":"2025-08-29T12:48:24","slug":"shampoo-hidratante-2500-ml","status":"publish","type":"page","link":"https:\/\/itallianhairtech.com\/es\/qrcodes\/shampoo-hidratante-2500-ml\/","title":{"rendered":"shampoo-hidratante-2500-ml\/"},"content":{"rendered":"<div data-elementor-type=\"wp-page\" data-elementor-id=\"5570\" class=\"elementor elementor-5570\">\n\t\t\t\t<div class=\"elementor-element elementor-element-b1d1647 e-flex e-con-boxed e-con e-parent\" data-id=\"b1d1647\" data-element_type=\"container\">\n\t\t\t\t\t<div class=\"e-con-inner\">\n\t\t\t\t<div class=\"elementor-element elementor-element-1aa8490 elementor-widget elementor-widget-spacer\" data-id=\"1aa8490\" data-element_type=\"widget\" data-widget_type=\"spacer.default\">\n\t\t\t\t<div class=\"elementor-widget-container\">\n\t\t\t\t\t\t\t<div class=\"elementor-spacer\">\n\t\t\t<div class=\"elementor-spacer-inner\"><\/div>\n\t\t<\/div>\n\t\t\t\t\t\t<\/div>\n\t\t\t\t<\/div>\n\t\t\t\t\t<\/div>\n\t\t\t\t<\/div>\n\t\t<div class=\"elementor-element elementor-element-65cdb59 e-flex e-con-boxed e-con e-parent\" data-id=\"65cdb59\" data-element_type=\"container\">\n\t\t\t\t\t<div class=\"e-con-inner\">\n\t\t\t\t<div class=\"elementor-element elementor-element-1dedeec elementor-widget elementor-widget-spacer\" data-id=\"1dedeec\" data-element_type=\"widget\" data-widget_type=\"spacer.default\">\n\t\t\t\t<div class=\"elementor-widget-container\">\n\t\t\t\t\t\t\t<div class=\"elementor-spacer\">\n\t\t\t<div class=\"elementor-spacer-inner\"><\/div>\n\t\t<\/div>\n\t\t\t\t\t\t<\/div>\n\t\t\t\t<\/div>\n\t\t\t\t\t<\/div>\n\t\t\t\t<\/div>\n\t\t\t\t<section class=\"elementor-section elementor-inner-section elementor-element elementor-element-3269444d elementor-section-content-middle elementor-reverse-tablet elementor-reverse-mobile elementor-section-boxed elementor-section-height-default elementor-section-height-default\" data-id=\"3269444d\" data-element_type=\"section\" id=\"coloratto\" data-settings=\"{&quot;background_background&quot;:&quot;classic&quot;}\">\n\t\t\t\t\t\t<div class=\"elementor-container elementor-column-gap-no\">\n\t\t\t\t\t<div class=\"elementor-column elementor-col-33 elementor-inner-column elementor-element elementor-element-7aa6303b\" data-id=\"7aa6303b\" data-element_type=\"column\" data-settings=\"{&quot;background_background&quot;:&quot;classic&quot;}\">\n\t\t\t<div class=\"elementor-widget-wrap elementor-element-populated\">\n\t\t\t\t\t\t<div class=\"elementor-element elementor-element-6315f805 elementor-widget__width-initial elementor-widget-mobile__width-initial e-transform elementor-widget elementor-widget-heading\" data-id=\"6315f805\" data-element_type=\"widget\" data-settings=\"{&quot;_transform_translateX_effect&quot;:{&quot;unit&quot;:&quot;px&quot;,&quot;size&quot;:&quot;&quot;,&quot;sizes&quot;:[]},&quot;_transform_translateX_effect_tablet&quot;:{&quot;unit&quot;:&quot;px&quot;,&quot;size&quot;:&quot;&quot;,&quot;sizes&quot;:[]},&quot;_transform_translateX_effect_mobile&quot;:{&quot;unit&quot;:&quot;px&quot;,&quot;size&quot;:&quot;&quot;,&quot;sizes&quot;:[]},&quot;_transform_translateY_effect&quot;:{&quot;unit&quot;:&quot;px&quot;,&quot;size&quot;:&quot;&quot;,&quot;sizes&quot;:[]},&quot;_transform_translateY_effect_tablet&quot;:{&quot;unit&quot;:&quot;px&quot;,&quot;size&quot;:&quot;&quot;,&quot;sizes&quot;:[]},&quot;_transform_translateY_effect_mobile&quot;:{&quot;unit&quot;:&quot;px&quot;,&quot;size&quot;:&quot;&quot;,&quot;sizes&quot;:[]}}\" data-widget_type=\"heading.default\">\n\t\t\t\t<div class=\"elementor-widget-container\">\n\t\t\t\t\t<h3 class=\"elementor-heading-title elementor-size-default\">Shampoo Hidratante 250ml<\/h3>\t\t\t\t<\/div>\n\t\t\t\t<\/div>\n\t\t\t\t<div class=\"elementor-element elementor-element-c9bd3e3 elementor-widget-divider--view-line elementor-widget elementor-widget-divider\" data-id=\"c9bd3e3\" data-element_type=\"widget\" data-widget_type=\"divider.default\">\n\t\t\t\t<div class=\"elementor-widget-container\">\n\t\t\t\t\t\t\t<div class=\"elementor-divider\">\n\t\t\t<span class=\"elementor-divider-separator\">\n\t\t\t\t\t\t<\/span>\n\t\t<\/div>\n\t\t\t\t\t\t<\/div>\n\t\t\t\t<\/div>\n\t\t\t\t<div class=\"elementor-element elementor-element-d0474fa elementor-widget__width-initial e-transform elementor-widget elementor-widget-text-editor\" data-id=\"d0474fa\" data-element_type=\"widget\" data-settings=\"{&quot;_transform_translateX_effect_mobile&quot;:{&quot;unit&quot;:&quot;px&quot;,&quot;size&quot;:-8,&quot;sizes&quot;:[]},&quot;_transform_translateX_effect&quot;:{&quot;unit&quot;:&quot;px&quot;,&quot;size&quot;:&quot;&quot;,&quot;sizes&quot;:[]},&quot;_transform_translateX_effect_tablet&quot;:{&quot;unit&quot;:&quot;px&quot;,&quot;size&quot;:&quot;&quot;,&quot;sizes&quot;:[]},&quot;_transform_translateY_effect&quot;:{&quot;unit&quot;:&quot;px&quot;,&quot;size&quot;:&quot;&quot;,&quot;sizes&quot;:[]},&quot;_transform_translateY_effect_tablet&quot;:{&quot;unit&quot;:&quot;px&quot;,&quot;size&quot;:&quot;&quot;,&quot;sizes&quot;:[]},&quot;_transform_translateY_effect_mobile&quot;:{&quot;unit&quot;:&quot;px&quot;,&quot;size&quot;:&quot;&quot;,&quot;sizes&quot;:[]}}\" data-widget_type=\"text-editor.default\">\n\t\t\t\t<div class=\"elementor-widget-container\">\n\t\t\t\t\t\t\t\t\t<p style=\"text-align: left;\">\u00c1GUA, LAURILETERSULFATO DE S\u00d3DIO, DIETANOLAMINA COCAMIDA, COCOAMIDOPROPIL BETA\u00cdNA, PERFUME, DIESTEARATO DE ETILENOGLICOL, DIMETILIDANTO\u00cdNA, POLIQUAT\u00c9RNIO-7, OLEATO DE ETILA, CLORETO DE S\u00d3DIO, CLORETO DE GUAR HIDROXIPROPILTRIM\u00d4NIO, \u00c1CIDO C\u00cdTRICO, EDETATO DISS\u00d3DICO, \u00d3LEO DA SEMENTE DE GIRASSOL, LINOLEATO DE ETILA, \u00c1LCOOL ET\u00cdLICO, LAURATO DE ETILA, CITRATO DE S\u00d3DIO, CERA DE FARELO DE ARROZ, BENZOATO DE S\u00d3DIO, PEG-90M, \u00c1CIDO BENZOICO, FENOXIETANOL, IMIDAZOLIDINILUREIA, \u00d3LEO DA SEMENTE DE ALGOD\u00c3O, \u00c9STERES DA JOJOBA, EXTRATO DA RAIZ DE C\u00c1LAMO-AROMATICO, EXTRATO DA FOLHA DE ALOE VERA, MANTEIGA DE KARIT\u00c9, EXTRATO DA FOLHA DE CH\u00c1-DA-\u00cdNDIA, EXTRATO DA FLOR DE CAMOMILA, EXTRATO DA CASCA DE CANELEIRA, EXTRATO DO FRUTO DE COQUEIRO, EXTRATO DE RESINA DE MIRRA, \u00d3LEO DA SEMENTE DE MACADAMIA TERNIFOLIA, \u00d3LEO DO FRUTO DE OLIVEIRA, \u00d3LEO DA SEMENTE DE CASTANHA DE ARGAN, GLICEROL, MONOESTEARATO DE GLICERILA, LECITINA, DIISOESTEARATO DE POLIGLICERILA-3, NITRATO DE MAGN\u00c9SIO, METILCLOROISOTIAZOLINONA e METILISOTIAZOLINONA, CLORETO DE MAGN\u00c9SIO,CITRONELOL.<\/p>\t\t\t\t\t\t\t\t<\/div>\n\t\t\t\t<\/div>\n\t\t\t\t\t<\/div>\n\t\t<\/div>\n\t\t\t\t<div class=\"elementor-column elementor-col-66 elementor-inner-column elementor-element elementor-element-43202cb\" data-id=\"43202cb\" data-element_type=\"column\">\n\t\t\t<div class=\"elementor-widget-wrap elementor-element-populated\">\n\t\t\t\t\t\t<div class=\"elementor-element elementor-element-3d58d503 elementor-widget elementor-widget-image\" data-id=\"3d58d503\" data-element_type=\"widget\" data-widget_type=\"image.default\">\n\t\t\t\t<div class=\"elementor-widget-container\">\n\t\t\t\t\t\t\t\t\t\t\t\t\t\t\t<img fetchpriority=\"high\" decoding=\"async\" width=\"1024\" height=\"683\" src=\"https:\/\/itallianhairtech.com\/wp-content\/uploads\/2025\/01\/Shampoo-Hidratante-250ml.png\" class=\"attachment-large size-large wp-image-5574\" alt=\"\" \/>\t\t\t\t\t\t\t\t\t\t\t\t\t\t\t<\/div>\n\t\t\t\t<\/div>\n\t\t\t\t\t<\/div>\n\t\t<\/div>\n\t\t\t\t\t<\/div>\n\t\t<\/section>\n\t\t<div class=\"elementor-element elementor-element-26f8f74 e-flex e-con-boxed e-con e-parent\" data-id=\"26f8f74\" data-element_type=\"container\">\n\t\t\t\t\t<div class=\"e-con-inner\">\n\t\t\t\t<div class=\"elementor-element elementor-element-254d5f4 elementor-widget elementor-widget-spacer\" data-id=\"254d5f4\" data-element_type=\"widget\" data-widget_type=\"spacer.default\">\n\t\t\t\t<div class=\"elementor-widget-container\">\n\t\t\t\t\t\t\t<div class=\"elementor-spacer\">\n\t\t\t<div class=\"elementor-spacer-inner\"><\/div>\n\t\t<\/div>\n\t\t\t\t\t\t<\/div>\n\t\t\t\t<\/div>\n\t\t\t\t\t<\/div>\n\t\t\t\t<\/div>\n\t\t\t\t<\/div>","protected":false},"excerpt":{"rendered":"<p>Shampoo Hidratante 250ml \u00c1GUA, LAURILETERSULFATO DE S\u00d3DIO, DIETANOLAMINA COCAMIDA, COCOAMIDOPROPIL BETA\u00cdNA, PERFUME, DIESTEARATO DE ETILENOGLICOL, DIMETILIDANTO\u00cdNA, POLIQUAT\u00c9RNIO-7, OLEATO DE ETILA, CLORETO DE S\u00d3DIO, CLORETO DE GUAR HIDROXIPROPILTRIM\u00d4NIO, \u00c1CIDO C\u00cdTRICO, EDETATO DISS\u00d3DICO, \u00d3LEO DA SEMENTE DE GIRASSOL, LINOLEATO DE ETILA, \u00c1LCOOL ET\u00cdLICO, LAURATO DE ETILA, CITRATO DE S\u00d3DIO, CERA DE FARELO DE ARROZ, BENZOATO DE S\u00d3DIO, [&hellip;]<\/p>\n","protected":false},"author":1,"featured_media":0,"parent":9052,"menu_order":0,"comment_status":"closed","ping_status":"closed","template":"","meta":{"site-sidebar-layout":"no-sidebar","site-content-layout":"page-builder","ast-site-content-layout":"full-width-container","site-content-style":"default","site-sidebar-style":"default","ast-global-header-display":"","ast-banner-title-visibility":"","ast-main-header-display":"","ast-hfb-above-header-display":"","ast-hfb-below-header-display":"","ast-hfb-mobile-header-display":"","site-post-title":"disabled","ast-breadcrumbs-content":"","ast-featured-img":"disabled","footer-sml-layout":"","ast-disable-related-posts":"","theme-transparent-header-meta":"","adv-header-id-meta":"","stick-header-meta":"","header-above-stick-meta":"","header-main-stick-meta":"","header-below-stick-meta":"","astra-migrate-meta-layouts":"default","ast-page-background-enabled":"default","ast-page-background-meta":{"desktop":{"background-color":"var(--ast-global-color-4)","background-image":"","background-repeat":"repeat","background-position":"center center","background-size":"auto","background-attachment":"scroll","background-type":"","background-media":"","overlay-type":"","overlay-color":"","overlay-opacity":"","overlay-gradient":""},"tablet":{"background-color":"","background-image":"","background-repeat":"repeat","background-position":"center center","background-size":"auto","background-attachment":"scroll","background-type":"","background-media":"","overlay-type":"","overlay-color":"","overlay-opacity":"","overlay-gradient":""},"mobile":{"background-color":"","background-image":"","background-repeat":"repeat","background-position":"center center","background-size":"auto","background-attachment":"scroll","background-type":"","background-media":"","overlay-type":"","overlay-color":"","overlay-opacity":"","overlay-gradient":""}},"ast-content-background-meta":{"desktop":{"background-color":"var(--ast-global-color-5)","background-image":"","background-repeat":"repeat","background-position":"center center","background-size":"auto","background-attachment":"scroll","background-type":"","background-media":"","overlay-type":"","overlay-color":"","overlay-opacity":"","overlay-gradient":""},"tablet":{"background-color":"var(--ast-global-color-5)","background-image":"","background-repeat":"repeat","background-position":"center center","background-size":"auto","background-attachment":"scroll","background-type":"","background-media":"","overlay-type":"","overlay-color":"","overlay-opacity":"","overlay-gradient":""},"mobile":{"background-color":"var(--ast-global-color-5)","background-image":"","background-repeat":"repeat","background-position":"center center","background-size":"auto","background-attachment":"scroll","background-type":"","background-media":"","overlay-type":"","overlay-color":"","overlay-opacity":"","overlay-gradient":""}},"footnotes":""},"class_list":["post-5570","page","type-page","status-publish","hentry"],"_links":{"self":[{"href":"https:\/\/itallianhairtech.com\/es\/wp-json\/wp\/v2\/pages\/5570","targetHints":{"allow":["GET"]}}],"collection":[{"href":"https:\/\/itallianhairtech.com\/es\/wp-json\/wp\/v2\/pages"}],"about":[{"href":"https:\/\/itallianhairtech.com\/es\/wp-json\/wp\/v2\/types\/page"}],"author":[{"embeddable":true,"href":"https:\/\/itallianhairtech.com\/es\/wp-json\/wp\/v2\/users\/1"}],"replies":[{"embeddable":true,"href":"https:\/\/itallianhairtech.com\/es\/wp-json\/wp\/v2\/comments?post=5570"}],"version-history":[{"count":7,"href":"https:\/\/itallianhairtech.com\/es\/wp-json\/wp\/v2\/pages\/5570\/revisions"}],"predecessor-version":[{"id":9127,"href":"https:\/\/itallianhairtech.com\/es\/wp-json\/wp\/v2\/pages\/5570\/revisions\/9127"}],"up":[{"embeddable":true,"href":"https:\/\/itallianhairtech.com\/es\/wp-json\/wp\/v2\/pages\/9052"}],"wp:attachment":[{"href":"https:\/\/itallianhairtech.com\/es\/wp-json\/wp\/v2\/media?parent=5570"}],"curies":[{"name":"wp","href":"https:\/\/api.w.org\/{rel}","templated":true}]}}