{"id":5616,"date":"2025-01-24T10:19:54","date_gmt":"2025-01-24T13:19:54","guid":{"rendered":"https:\/\/itallianhairtech.com\/?page_id=5616"},"modified":"2025-11-10T16:02:58","modified_gmt":"2025-11-10T19:02:58","slug":"kit-home-care-itcolor-protection","status":"publish","type":"page","link":"https:\/\/itallianhairtech.com\/es\/kit-home-care-itcolor-protection\/","title":{"rendered":"kit-home-care-itcolor-protection"},"content":{"rendered":"<div data-elementor-type=\"wp-page\" data-elementor-id=\"5616\" class=\"elementor elementor-5616\">\n\t\t\t\t<div class=\"elementor-element elementor-element-2cdb0f2 e-flex e-con-boxed e-con e-parent\" data-id=\"2cdb0f2\" data-element_type=\"container\">\n\t\t\t\t\t<div class=\"e-con-inner\">\n\t\t\t\t<div class=\"elementor-element elementor-element-2ca6943 elementor-widget elementor-widget-spacer\" data-id=\"2ca6943\" data-element_type=\"widget\" data-widget_type=\"spacer.default\">\n\t\t\t\t<div class=\"elementor-widget-container\">\n\t\t\t\t\t\t\t<div class=\"elementor-spacer\">\n\t\t\t<div class=\"elementor-spacer-inner\"><\/div>\n\t\t<\/div>\n\t\t\t\t\t\t<\/div>\n\t\t\t\t<\/div>\n\t\t\t\t\t<\/div>\n\t\t\t\t<\/div>\n\t\t<div class=\"elementor-element elementor-element-37cb042 e-flex e-con-boxed e-con e-parent\" data-id=\"37cb042\" data-element_type=\"container\">\n\t\t\t\t\t<div class=\"e-con-inner\">\n\t\t\t\t<div class=\"elementor-element elementor-element-9716c71 elementor-widget elementor-widget-spacer\" data-id=\"9716c71\" data-element_type=\"widget\" data-widget_type=\"spacer.default\">\n\t\t\t\t<div class=\"elementor-widget-container\">\n\t\t\t\t\t\t\t<div class=\"elementor-spacer\">\n\t\t\t<div class=\"elementor-spacer-inner\"><\/div>\n\t\t<\/div>\n\t\t\t\t\t\t<\/div>\n\t\t\t\t<\/div>\n\t\t\t\t\t<\/div>\n\t\t\t\t<\/div>\n\t\t\t\t<section class=\"elementor-section elementor-top-section elementor-element elementor-element-60531235 elementor-section-boxed elementor-section-height-default elementor-section-height-default\" data-id=\"60531235\" data-element_type=\"section\" data-settings=\"{&quot;background_background&quot;:&quot;classic&quot;}\">\n\t\t\t\t\t\t<div class=\"elementor-container elementor-column-gap-no\">\n\t\t\t\t\t<div class=\"elementor-column elementor-col-100 elementor-top-column elementor-element elementor-element-1d16193d\" data-id=\"1d16193d\" data-element_type=\"column\">\n\t\t\t<div class=\"elementor-widget-wrap elementor-element-populated\">\n\t\t\t\t\t\t<section class=\"elementor-section elementor-inner-section elementor-element elementor-element-1e4922a8 elementor-section-content-middle elementor-section-full_width elementor-section-height-default elementor-section-height-default\" data-id=\"1e4922a8\" data-element_type=\"section\" data-settings=\"{&quot;background_background&quot;:&quot;classic&quot;}\">\n\t\t\t\t\t\t<div class=\"elementor-container elementor-column-gap-no\">\n\t\t\t\t\t<div class=\"elementor-column elementor-col-66 elementor-inner-column elementor-element elementor-element-70495110\" data-id=\"70495110\" data-element_type=\"column\">\n\t\t\t<div class=\"elementor-widget-wrap elementor-element-populated\">\n\t\t\t\t\t\t<div class=\"elementor-element elementor-element-cb57dd7 elementor-widget-mobile__width-initial elementor-widget elementor-widget-image\" data-id=\"cb57dd7\" data-element_type=\"widget\" data-widget_type=\"image.default\">\n\t\t\t\t<div class=\"elementor-widget-container\">\n\t\t\t\t\t\t\t\t\t\t\t\t\t\t\t<img fetchpriority=\"high\" decoding=\"async\" width=\"1200\" height=\"800\" src=\"https:\/\/itallianhairtech.com\/wp-content\/uploads\/2025\/01\/Kit-home-care-itallian-color-color-protection.png\" class=\"attachment-full size-full wp-image-5618\" alt=\"\" \/>\t\t\t\t\t\t\t\t\t\t\t\t\t\t\t<\/div>\n\t\t\t\t<\/div>\n\t\t\t\t\t<\/div>\n\t\t<\/div>\n\t\t\t\t<div class=\"elementor-column elementor-col-33 elementor-inner-column elementor-element elementor-element-3174e62e\" data-id=\"3174e62e\" data-element_type=\"column\" data-settings=\"{&quot;background_background&quot;:&quot;classic&quot;}\">\n\t\t\t<div class=\"elementor-widget-wrap elementor-element-populated\">\n\t\t\t\t\t\t<div class=\"elementor-element elementor-element-3637961a elementor-widget__width-initial elementor-widget elementor-widget-heading\" data-id=\"3637961a\" data-element_type=\"widget\" data-widget_type=\"heading.default\">\n\t\t\t\t<div class=\"elementor-widget-container\">\n\t\t\t\t\t<h4 class=\"elementor-heading-title elementor-size-default\">Kit home care itallian color - color protection<\/h4>\t\t\t\t<\/div>\n\t\t\t\t<\/div>\n\t\t\t\t<div class=\"elementor-element elementor-element-21616b7f elementor-widget-divider--view-line elementor-widget elementor-widget-divider\" data-id=\"21616b7f\" data-element_type=\"widget\" data-widget_type=\"divider.default\">\n\t\t\t\t<div class=\"elementor-widget-container\">\n\t\t\t\t\t\t\t<div class=\"elementor-divider\">\n\t\t\t<span class=\"elementor-divider-separator\">\n\t\t\t\t\t\t<\/span>\n\t\t<\/div>\n\t\t\t\t\t\t<\/div>\n\t\t\t\t<\/div>\n\t\t\t\t\t<\/div>\n\t\t<\/div>\n\t\t\t\t\t<\/div>\n\t\t<\/section>\n\t\t\t\t<div class=\"elementor-element elementor-element-824430c elementor-widget elementor-widget-spacer\" data-id=\"824430c\" data-element_type=\"widget\" data-widget_type=\"spacer.default\">\n\t\t\t\t<div class=\"elementor-widget-container\">\n\t\t\t\t\t\t\t<div class=\"elementor-spacer\">\n\t\t\t<div class=\"elementor-spacer-inner\"><\/div>\n\t\t<\/div>\n\t\t\t\t\t\t<\/div>\n\t\t\t\t<\/div>\n\t\t\t\t<section class=\"elementor-section elementor-inner-section elementor-element elementor-element-4e08babb elementor-section-content-middle elementor-reverse-tablet elementor-reverse-mobile elementor-section-boxed elementor-section-height-default elementor-section-height-default\" data-id=\"4e08babb\" data-element_type=\"section\" data-settings=\"{&quot;background_background&quot;:&quot;classic&quot;}\">\n\t\t\t\t\t\t<div class=\"elementor-container elementor-column-gap-no\">\n\t\t\t\t\t<div class=\"elementor-column elementor-col-33 elementor-inner-column elementor-element elementor-element-321482b2\" data-id=\"321482b2\" data-element_type=\"column\" data-settings=\"{&quot;background_background&quot;:&quot;classic&quot;}\">\n\t\t\t<div class=\"elementor-widget-wrap elementor-element-populated\">\n\t\t\t\t\t\t<div class=\"elementor-element elementor-element-22365560 elementor-widget-mobile__width-initial elementor-widget elementor-widget-heading\" data-id=\"22365560\" data-element_type=\"widget\" data-widget_type=\"heading.default\">\n\t\t\t\t<div class=\"elementor-widget-container\">\n\t\t\t\t\t<h3 class=\"elementor-heading-title elementor-size-default\">Shampoo hidratante<\/h3>\t\t\t\t<\/div>\n\t\t\t\t<\/div>\n\t\t\t\t<div class=\"elementor-element elementor-element-6abb3f78 elementor-widget-divider--view-line elementor-widget elementor-widget-divider\" data-id=\"6abb3f78\" data-element_type=\"widget\" data-widget_type=\"divider.default\">\n\t\t\t\t<div class=\"elementor-widget-container\">\n\t\t\t\t\t\t\t<div class=\"elementor-divider\">\n\t\t\t<span class=\"elementor-divider-separator\">\n\t\t\t\t\t\t<\/span>\n\t\t<\/div>\n\t\t\t\t\t\t<\/div>\n\t\t\t\t<\/div>\n\t\t\t\t<div class=\"elementor-element elementor-element-c333a12 elementor-widget elementor-widget-text-editor\" data-id=\"c333a12\" data-element_type=\"widget\" data-widget_type=\"text-editor.default\">\n\t\t\t\t<div class=\"elementor-widget-container\">\n\t\t\t\t\t\t\t\t\t<p>\u00c1GUA, LAURILETERSULFATO DE S\u00d3DIO, DIETANOLAMINA COCAMIDA, COCOAMIDOPROPIL BETA\u00cdNA, PERFUME, DIESTEARATO DE ETILENOGLICOL, DIMETILIDANTO\u00cdNA, POLIQUAT\u00c9RNIO-7, OLEATO DE ETILA, CLORETO DE S\u00d3DIO, CLORETO DE GUAR HIDROXIPROPILTRIM\u00d4NIO, \u00c1CIDO C\u00cdTRICO, EDETATO DISS\u00d3DICO, \u00d3LEO DA SEMENTE DE GIRASSOL, LINOLEATO DE ETILA, \u00c1LCOOL ET\u00cdLICO, LAURATO DE ETILA, CITRATO DE S\u00d3DIO, CERA DE FARELO DE ARROZ, BENZOATO DE S\u00d3DIO, PEG-90M, \u00c1CIDO BENZOICO, FENOXIETANOL, IMIDAZOLIDINILUREIA, \u00d3LEO DA SEMENTE DE ALGOD\u00c3O, \u00c9STERES DA JOJOBA, EXTRATO DA RAIZ DE C\u00c1LAMO-AROMATICO, EXTRATO DA FOLHA DE ALOE VERA, MANTEIGA DE KARIT\u00c9, EXTRATO DA FOLHA DE CH\u00c1-DA-\u00cdNDIA, EXTRATO DA FLOR DE CAMOMILA, EXTRATO DA CASCA DE CANELEIRA, EXTRATO DO FRUTO DE COQUEIRO, EXTRATO DE RESINA DE MIRRA, \u00d3LEO DA SEMENTE DE MACADAMIA TERNIFOLIA, \u00d3LEO DO FRUTO DE OLIVEIRA, \u00d3LEO DA SEMENTE DE CASTANHA DE ARGAN, GLICEROL, MONOESTEARATO DE GLICERILA, LECITINA, DIISOESTEARATO DE POLIGLICERILA-3, NITRATO DE MAGN\u00c9SIO, METILCLOROISOTIAZOLINONA e METILISOTIAZOLINONA, CLORETO DE MAGN\u00c9SIO,CITRONELOL.<\/p>\t\t\t\t\t\t\t\t<\/div>\n\t\t\t\t<\/div>\n\t\t\t\t\t<\/div>\n\t\t<\/div>\n\t\t\t\t<div class=\"elementor-column elementor-col-66 elementor-inner-column elementor-element elementor-element-71bb8c7f\" data-id=\"71bb8c7f\" data-element_type=\"column\">\n\t\t\t<div class=\"elementor-widget-wrap elementor-element-populated\">\n\t\t\t\t\t\t<div class=\"elementor-element elementor-element-3fd92280 elementor-widget-mobile__width-initial elementor-widget elementor-widget-image\" data-id=\"3fd92280\" data-element_type=\"widget\" data-widget_type=\"image.default\">\n\t\t\t\t<div class=\"elementor-widget-container\">\n\t\t\t\t\t\t\t\t\t\t\t\t\t\t\t<img decoding=\"async\" width=\"1200\" height=\"800\" src=\"https:\/\/itallianhairtech.com\/wp-content\/uploads\/2025\/01\/Shampoo-Hidratante-250ml.png\" class=\"attachment-full size-full wp-image-5574\" alt=\"\" \/>\t\t\t\t\t\t\t\t\t\t\t\t\t\t\t<\/div>\n\t\t\t\t<\/div>\n\t\t\t\t\t<\/div>\n\t\t<\/div>\n\t\t\t\t\t<\/div>\n\t\t<\/section>\n\t\t\t\t<section class=\"elementor-section elementor-inner-section elementor-element elementor-element-7a79aa6e elementor-section-content-middle elementor-section-boxed elementor-section-height-default elementor-section-height-default\" data-id=\"7a79aa6e\" data-element_type=\"section\" data-settings=\"{&quot;background_background&quot;:&quot;classic&quot;}\">\n\t\t\t\t\t\t<div class=\"elementor-container elementor-column-gap-no\">\n\t\t\t\t\t<div class=\"elementor-column elementor-col-66 elementor-inner-column elementor-element elementor-element-1ca5af86\" data-id=\"1ca5af86\" data-element_type=\"column\">\n\t\t\t<div class=\"elementor-widget-wrap elementor-element-populated\">\n\t\t\t\t\t\t<div class=\"elementor-element elementor-element-5ea40f4f elementor-widget-mobile__width-initial elementor-widget elementor-widget-image\" data-id=\"5ea40f4f\" data-element_type=\"widget\" data-widget_type=\"image.default\">\n\t\t\t\t<div class=\"elementor-widget-container\">\n\t\t\t\t\t\t\t\t\t\t\t\t\t\t\t<img decoding=\"async\" width=\"1200\" height=\"800\" src=\"https:\/\/itallianhairtech.com\/wp-content\/uploads\/2025\/01\/Hidratacao-200g.png\" class=\"attachment-full size-full wp-image-5583\" alt=\"\" \/>\t\t\t\t\t\t\t\t\t\t\t\t\t\t\t<\/div>\n\t\t\t\t<\/div>\n\t\t\t\t\t<\/div>\n\t\t<\/div>\n\t\t\t\t<div class=\"elementor-column elementor-col-33 elementor-inner-column elementor-element elementor-element-3829dace\" data-id=\"3829dace\" data-element_type=\"column\" data-settings=\"{&quot;background_background&quot;:&quot;classic&quot;}\">\n\t\t\t<div class=\"elementor-widget-wrap elementor-element-populated\">\n\t\t\t\t\t\t<div class=\"elementor-element elementor-element-209f8b7d elementor-widget elementor-widget-heading\" data-id=\"209f8b7d\" data-element_type=\"widget\" data-widget_type=\"heading.default\">\n\t\t\t\t<div class=\"elementor-widget-container\">\n\t\t\t\t\t<h3 class=\"elementor-heading-title elementor-size-default\">Hidrata\u00e7\u00e3o<\/h3>\t\t\t\t<\/div>\n\t\t\t\t<\/div>\n\t\t\t\t<div class=\"elementor-element elementor-element-d36f81c elementor-widget-divider--view-line elementor-widget elementor-widget-divider\" data-id=\"d36f81c\" data-element_type=\"widget\" data-widget_type=\"divider.default\">\n\t\t\t\t<div class=\"elementor-widget-container\">\n\t\t\t\t\t\t\t<div class=\"elementor-divider\">\n\t\t\t<span class=\"elementor-divider-separator\">\n\t\t\t\t\t\t<\/span>\n\t\t<\/div>\n\t\t\t\t\t\t<\/div>\n\t\t\t\t<\/div>\n\t\t\t\t<div class=\"elementor-element elementor-element-10ec2835 elementor-widget__width-initial elementor-widget elementor-widget-text-editor\" data-id=\"10ec2835\" data-element_type=\"widget\" data-widget_type=\"text-editor.default\">\n\t\t\t\t<div class=\"elementor-widget-container\">\n\t\t\t\t\t\t\t\t\t<p>\u00c1GUA, \u00c1LCOOL CETEAR\u00cdLICO, PETROLATO, ISOESTEARAMIDOPROPIL DIMETILAMINA, ACETATO DE CETILA, CLORETO DE CETRIM\u00d4NIO, \u00c1CIDO L\u00c1CTICO, CETEARETE-20, \u00c1LCOOL ET\u00cdLICO, DECAMETILCICLOPENTASILOXANO, PERFUME, ACETATO DE ESTEARILA, ACETATO DE OLE\u00cdLA, OLIVATO DE ETILA, FENOXIETANOL, DIMETICONA, EDETATO DISS\u00d3DICO, \u00d3LEO DA SEMENTE DE GIRASSOL, LINOLEATO DE ETILA, DIMETILIDANTO\u00cdNA, \u00c1LCOOL DE LANOLINA ACETILADA, \u00c1LCOOL ET\u00cdLICO, BUTIL-HIDROXITOLUENO, LAURATO DE ETILA, \u00d3LEO DA SEMENTE DE ALGOD\u00c3O, CERA DO FARELO DE ARROZ, CAPRILILGLICOL, EXTRATO DA RAIZ DE C\u00c1LAMO-AROM\u00c1TICO, EXTRATO DA FOLHA DE ALOE VERA, MANTEIGA DE KARIT\u00c9, EXTRATO DA FOLHA DE CH\u00c1-DA-INDIA, EXTRATO DA FLOR DE CAMOMLA, EXTRATO DA CASCA DE CANELEIRA, EXTRATO DO FRUTO DE COQUEIRO, EXTRATO DE RESINA MIRRA, \u00d3LEO DA SEMENTE DE MACADAMIA TERNIFOLIA, \u00d3LEO DO FRUTO DE OLIVEIRA, \u00d3LEO DA CASTANHA DE ARGAN, GLICEROL, MONOESTEARATO DE GLICERILA, LECITINA, DIISOESTEARATO DE POLIGLICERILA-3, \u00c9STERES DA JOJOBA, CITRONELOL.<\/p>\t\t\t\t\t\t\t\t<\/div>\n\t\t\t\t<\/div>\n\t\t\t\t\t<\/div>\n\t\t<\/div>\n\t\t\t\t\t<\/div>\n\t\t<\/section>\n\t\t\t\t\t<\/div>\n\t\t<\/div>\n\t\t\t\t\t<\/div>\n\t\t<\/section>\n\t\t<div class=\"elementor-element elementor-element-a712a6f e-flex e-con-boxed e-con e-parent\" data-id=\"a712a6f\" data-element_type=\"container\">\n\t\t\t\t\t<div class=\"e-con-inner\">\n\t\t\t\t<div class=\"elementor-element elementor-element-47c8beb elementor-widget elementor-widget-spacer\" data-id=\"47c8beb\" data-element_type=\"widget\" data-widget_type=\"spacer.default\">\n\t\t\t\t<div class=\"elementor-widget-container\">\n\t\t\t\t\t\t\t<div class=\"elementor-spacer\">\n\t\t\t<div class=\"elementor-spacer-inner\"><\/div>\n\t\t<\/div>\n\t\t\t\t\t\t<\/div>\n\t\t\t\t<\/div>\n\t\t\t\t\t<\/div>\n\t\t\t\t<\/div>\n\t\t\t\t<\/div>","protected":false},"excerpt":{"rendered":"<p>Kit home care itallian color &#8211; color protection Shampoo hidratante \u00c1GUA, LAURILETERSULFATO DE S\u00d3DIO, DIETANOLAMINA COCAMIDA, COCOAMIDOPROPIL BETA\u00cdNA, PERFUME, DIESTEARATO DE ETILENOGLICOL, DIMETILIDANTO\u00cdNA, POLIQUAT\u00c9RNIO-7, OLEATO DE ETILA, CLORETO DE S\u00d3DIO, CLORETO DE GUAR HIDROXIPROPILTRIM\u00d4NIO, \u00c1CIDO C\u00cdTRICO, EDETATO DISS\u00d3DICO, \u00d3LEO DA SEMENTE DE GIRASSOL, LINOLEATO DE ETILA, \u00c1LCOOL ET\u00cdLICO, LAURATO DE ETILA, CITRATO DE S\u00d3DIO, CERA [&hellip;]<\/p>\n","protected":false},"author":1,"featured_media":0,"parent":0,"menu_order":0,"comment_status":"closed","ping_status":"closed","template":"","meta":{"site-sidebar-layout":"no-sidebar","site-content-layout":"page-builder","ast-site-content-layout":"full-width-container","site-content-style":"default","site-sidebar-style":"default","ast-global-header-display":"","ast-banner-title-visibility":"","ast-main-header-display":"","ast-hfb-above-header-display":"","ast-hfb-below-header-display":"","ast-hfb-mobile-header-display":"","site-post-title":"disabled","ast-breadcrumbs-content":"","ast-featured-img":"disabled","footer-sml-layout":"","ast-disable-related-posts":"","theme-transparent-header-meta":"","adv-header-id-meta":"","stick-header-meta":"","header-above-stick-meta":"","header-main-stick-meta":"","header-below-stick-meta":"","astra-migrate-meta-layouts":"set","ast-page-background-enabled":"default","ast-page-background-meta":{"desktop":{"background-color":"var(--ast-global-color-4)","background-image":"","background-repeat":"repeat","background-position":"center center","background-size":"auto","background-attachment":"scroll","background-type":"","background-media":"","overlay-type":"","overlay-color":"","overlay-opacity":"","overlay-gradient":""},"tablet":{"background-color":"","background-image":"","background-repeat":"repeat","background-position":"center center","background-size":"auto","background-attachment":"scroll","background-type":"","background-media":"","overlay-type":"","overlay-color":"","overlay-opacity":"","overlay-gradient":""},"mobile":{"background-color":"","background-image":"","background-repeat":"repeat","background-position":"center center","background-size":"auto","background-attachment":"scroll","background-type":"","background-media":"","overlay-type":"","overlay-color":"","overlay-opacity":"","overlay-gradient":""}},"ast-content-background-meta":{"desktop":{"background-color":"var(--ast-global-color-5)","background-image":"","background-repeat":"repeat","background-position":"center center","background-size":"auto","background-attachment":"scroll","background-type":"","background-media":"","overlay-type":"","overlay-color":"","overlay-opacity":"","overlay-gradient":""},"tablet":{"background-color":"var(--ast-global-color-5)","background-image":"","background-repeat":"repeat","background-position":"center center","background-size":"auto","background-attachment":"scroll","background-type":"","background-media":"","overlay-type":"","overlay-color":"","overlay-opacity":"","overlay-gradient":""},"mobile":{"background-color":"var(--ast-global-color-5)","background-image":"","background-repeat":"repeat","background-position":"center center","background-size":"auto","background-attachment":"scroll","background-type":"","background-media":"","overlay-type":"","overlay-color":"","overlay-opacity":"","overlay-gradient":""}},"footnotes":""},"class_list":["post-5616","page","type-page","status-publish","hentry"],"_links":{"self":[{"href":"https:\/\/itallianhairtech.com\/es\/wp-json\/wp\/v2\/pages\/5616","targetHints":{"allow":["GET"]}}],"collection":[{"href":"https:\/\/itallianhairtech.com\/es\/wp-json\/wp\/v2\/pages"}],"about":[{"href":"https:\/\/itallianhairtech.com\/es\/wp-json\/wp\/v2\/types\/page"}],"author":[{"embeddable":true,"href":"https:\/\/itallianhairtech.com\/es\/wp-json\/wp\/v2\/users\/1"}],"replies":[{"embeddable":true,"href":"https:\/\/itallianhairtech.com\/es\/wp-json\/wp\/v2\/comments?post=5616"}],"version-history":[{"count":10,"href":"https:\/\/itallianhairtech.com\/es\/wp-json\/wp\/v2\/pages\/5616\/revisions"}],"predecessor-version":[{"id":9174,"href":"https:\/\/itallianhairtech.com\/es\/wp-json\/wp\/v2\/pages\/5616\/revisions\/9174"}],"wp:attachment":[{"href":"https:\/\/itallianhairtech.com\/es\/wp-json\/wp\/v2\/media?parent=5616"}],"curies":[{"name":"wp","href":"https:\/\/api.w.org\/{rel}","templated":true}]}}