{"id":7425,"date":"2025-03-18T11:05:15","date_gmt":"2025-03-18T14:05:15","guid":{"rendered":"https:\/\/itallianhairtech.com\/?page_id=7425"},"modified":"2025-03-18T11:25:38","modified_gmt":"2025-03-18T14:25:38","slug":"kit-home-care-extreme-up-shampoo-280ml-e-reconstrucao-250g","status":"publish","type":"page","link":"https:\/\/itallianhairtech.com\/es\/kit-home-care-extreme-up-shampoo-280ml-e-reconstrucao-250g\/","title":{"rendered":"Kit Home Care Extreme UP &#8211; Shampoo 280ml e Reconstru\u00e7\u00e3o 250g"},"content":{"rendered":"<div data-elementor-type=\"wp-page\" data-elementor-id=\"7425\" class=\"elementor elementor-7425\">\n\t\t\t\t<div class=\"elementor-element elementor-element-37f327cc e-flex e-con-boxed e-con e-parent\" data-id=\"37f327cc\" data-element_type=\"container\">\n\t\t\t\t\t<div class=\"e-con-inner\">\n\t\t\t\t<div class=\"elementor-element elementor-element-5109775d elementor-widget elementor-widget-spacer\" data-id=\"5109775d\" data-element_type=\"widget\" data-widget_type=\"spacer.default\">\n\t\t\t\t<div class=\"elementor-widget-container\">\n\t\t\t\t\t\t\t<div class=\"elementor-spacer\">\n\t\t\t<div class=\"elementor-spacer-inner\"><\/div>\n\t\t<\/div>\n\t\t\t\t\t\t<\/div>\n\t\t\t\t<\/div>\n\t\t\t\t\t<\/div>\n\t\t\t\t<\/div>\n\t\t<div class=\"elementor-element elementor-element-21383cd e-flex e-con-boxed e-con e-parent\" data-id=\"21383cd\" data-element_type=\"container\">\n\t\t\t\t\t<div class=\"e-con-inner\">\n\t\t\t\t<div class=\"elementor-element elementor-element-7f09460f elementor-widget elementor-widget-spacer\" data-id=\"7f09460f\" data-element_type=\"widget\" data-widget_type=\"spacer.default\">\n\t\t\t\t<div class=\"elementor-widget-container\">\n\t\t\t\t\t\t\t<div class=\"elementor-spacer\">\n\t\t\t<div class=\"elementor-spacer-inner\"><\/div>\n\t\t<\/div>\n\t\t\t\t\t\t<\/div>\n\t\t\t\t<\/div>\n\t\t\t\t\t<\/div>\n\t\t\t\t<\/div>\n\t\t<div class=\"elementor-element elementor-element-62aa098 e-flex e-con-boxed e-con e-parent\" data-id=\"62aa098\" data-element_type=\"container\">\n\t\t\t\t\t<div class=\"e-con-inner\">\n\t\t\t\t<div class=\"elementor-element elementor-element-5cddf29a elementor-widget elementor-widget-spacer\" data-id=\"5cddf29a\" data-element_type=\"widget\" data-widget_type=\"spacer.default\">\n\t\t\t\t<div class=\"elementor-widget-container\">\n\t\t\t\t\t\t\t<div class=\"elementor-spacer\">\n\t\t\t<div class=\"elementor-spacer-inner\"><\/div>\n\t\t<\/div>\n\t\t\t\t\t\t<\/div>\n\t\t\t\t<\/div>\n\t\t\t\t\t<\/div>\n\t\t\t\t<\/div>\n\t\t\t\t<section class=\"elementor-section elementor-top-section elementor-element elementor-element-3a98cbf6 elementor-section-boxed elementor-section-height-default elementor-section-height-default\" data-id=\"3a98cbf6\" data-element_type=\"section\" data-settings=\"{&quot;background_background&quot;:&quot;classic&quot;}\">\n\t\t\t\t\t\t<div class=\"elementor-container elementor-column-gap-no\">\n\t\t\t\t\t<div class=\"elementor-column elementor-col-100 elementor-top-column elementor-element elementor-element-321efa58\" data-id=\"321efa58\" data-element_type=\"column\">\n\t\t\t<div class=\"elementor-widget-wrap elementor-element-populated\">\n\t\t\t\t\t\t<section class=\"elementor-section elementor-inner-section elementor-element elementor-element-7b86e851 elementor-section-content-middle elementor-section-full_width elementor-section-height-default elementor-section-height-default\" data-id=\"7b86e851\" data-element_type=\"section\" data-settings=\"{&quot;background_background&quot;:&quot;classic&quot;}\">\n\t\t\t\t\t\t<div class=\"elementor-container elementor-column-gap-no\">\n\t\t\t\t\t<div class=\"elementor-column elementor-col-66 elementor-inner-column elementor-element elementor-element-332baf00\" data-id=\"332baf00\" data-element_type=\"column\">\n\t\t\t<div class=\"elementor-widget-wrap elementor-element-populated\">\n\t\t\t\t\t\t<div class=\"elementor-element elementor-element-4dfd9e59 elementor-widget-mobile__width-initial elementor-widget elementor-widget-image\" data-id=\"4dfd9e59\" data-element_type=\"widget\" data-widget_type=\"image.default\">\n\t\t\t\t<div class=\"elementor-widget-container\">\n\t\t\t\t\t\t\t\t\t\t\t\t\t\t\t<img fetchpriority=\"high\" decoding=\"async\" width=\"1200\" height=\"800\" src=\"https:\/\/itallianhairtech.com\/wp-content\/uploads\/2025\/03\/produtos_1200x800px_extreme_up_sr_01.png\" class=\"attachment-full size-full wp-image-7432\" alt=\"\" srcset=\"https:\/\/itallianhairtech.com\/wp-content\/uploads\/2025\/03\/produtos_1200x800px_extreme_up_sr_01.png 1200w, https:\/\/itallianhairtech.com\/wp-content\/uploads\/2025\/03\/produtos_1200x800px_extreme_up_sr_01-300x200.png 300w, https:\/\/itallianhairtech.com\/wp-content\/uploads\/2025\/03\/produtos_1200x800px_extreme_up_sr_01-1024x683.png 1024w, https:\/\/itallianhairtech.com\/wp-content\/uploads\/2025\/03\/produtos_1200x800px_extreme_up_sr_01-768x512.png 768w\" sizes=\"(max-width: 1200px) 100vw, 1200px\" \/>\t\t\t\t\t\t\t\t\t\t\t\t\t\t\t<\/div>\n\t\t\t\t<\/div>\n\t\t\t\t\t<\/div>\n\t\t<\/div>\n\t\t\t\t<div class=\"elementor-column elementor-col-33 elementor-inner-column elementor-element elementor-element-7d95d5f\" data-id=\"7d95d5f\" data-element_type=\"column\" data-settings=\"{&quot;background_background&quot;:&quot;classic&quot;}\">\n\t\t\t<div class=\"elementor-widget-wrap elementor-element-populated\">\n\t\t\t\t\t\t<div class=\"elementor-element elementor-element-6b8bfe90 elementor-widget__width-initial elementor-widget-mobile__width-initial elementor-widget elementor-widget-heading\" data-id=\"6b8bfe90\" data-element_type=\"widget\" data-widget_type=\"heading.default\">\n\t\t\t\t<div class=\"elementor-widget-container\">\n\t\t\t\t\t<h3 class=\"elementor-heading-title elementor-size-default\">Kit Home Care Extreme UP\n<\/h3>\t\t\t\t<\/div>\n\t\t\t\t<\/div>\n\t\t\t\t<div class=\"elementor-element elementor-element-549e82d elementor-widget-divider--view-line elementor-widget elementor-widget-divider\" data-id=\"549e82d\" data-element_type=\"widget\" data-widget_type=\"divider.default\">\n\t\t\t\t<div class=\"elementor-widget-container\">\n\t\t\t\t\t\t\t<div class=\"elementor-divider\">\n\t\t\t<span class=\"elementor-divider-separator\">\n\t\t\t\t\t\t<\/span>\n\t\t<\/div>\n\t\t\t\t\t\t<\/div>\n\t\t\t\t<\/div>\n\t\t\t\t\t<\/div>\n\t\t<\/div>\n\t\t\t\t\t<\/div>\n\t\t<\/section>\n\t\t\t\t<section class=\"elementor-section elementor-inner-section elementor-element elementor-element-5bbfba91 elementor-section-content-middle elementor-reverse-tablet elementor-reverse-mobile elementor-section-boxed elementor-section-height-default elementor-section-height-default\" data-id=\"5bbfba91\" data-element_type=\"section\" data-settings=\"{&quot;background_background&quot;:&quot;classic&quot;}\">\n\t\t\t\t\t\t<div class=\"elementor-container elementor-column-gap-no\">\n\t\t\t\t\t<div class=\"elementor-column elementor-col-33 elementor-inner-column elementor-element elementor-element-270bc7ed\" data-id=\"270bc7ed\" data-element_type=\"column\" data-settings=\"{&quot;background_background&quot;:&quot;classic&quot;}\">\n\t\t\t<div class=\"elementor-widget-wrap elementor-element-populated\">\n\t\t\t\t\t\t<div class=\"elementor-element elementor-element-382fcd14 elementor-widget elementor-widget-heading\" data-id=\"382fcd14\" data-element_type=\"widget\" data-widget_type=\"heading.default\">\n\t\t\t\t<div class=\"elementor-widget-container\">\n\t\t\t\t\t<h3 class=\"elementor-heading-title elementor-size-default\">\nShampoo de Reconstru\u00e7\u00e3o<\/h3>\t\t\t\t<\/div>\n\t\t\t\t<\/div>\n\t\t\t\t<div class=\"elementor-element elementor-element-1cbc2c21 elementor-widget-divider--view-line elementor-widget elementor-widget-divider\" data-id=\"1cbc2c21\" data-element_type=\"widget\" data-widget_type=\"divider.default\">\n\t\t\t\t<div class=\"elementor-widget-container\">\n\t\t\t\t\t\t\t<div class=\"elementor-divider\">\n\t\t\t<span class=\"elementor-divider-separator\">\n\t\t\t\t\t\t<\/span>\n\t\t<\/div>\n\t\t\t\t\t\t<\/div>\n\t\t\t\t<\/div>\n\t\t\t\t<div class=\"elementor-element elementor-element-cf61d98 elementor-widget elementor-widget-text-editor\" data-id=\"cf61d98\" data-element_type=\"widget\" data-widget_type=\"text-editor.default\">\n\t\t\t\t<div class=\"elementor-widget-container\">\n\t\t\t\t\t\t\t\t\t<p>\u00c1GUA, LAURILETERSULFATO DE S\u00d3DIO, DEA COCAMIDA, LAURIL SULFATO DE AM\u00d4NIO, COCOAMIDOPROPILBETA\u00cdNA, FRAGR\u00c2NCIA, LAURIL GLICOS\u00cdDEO, FOSFATO DE HIDROXIPROPILDIAMIDO, CLORETO DE GOMA GUAR HIDROXIPROPILTRIM\u00d4NIO, DIESTEARATO DE ETILENOGLICOL, DIMETILIDANTO\u00cdNA, \u00c1CIDO C\u00cdTRICO, POLIQUAT\u00c9RNIO-7, GLICEROL, CLORETO DE S\u00d3DIO, EDETATO DISS\u00d3DICO, BENZOATO DE S\u00d3DIO, CITRATO DE S\u00d3DIO, MACROGOL, EDETATO DE S\u00d3DIO, \u00c1CIDO BENZOICO, EXTRATO DE SEMENTE DE CERATONIA SILIQUA, PROTE\u00cdNA DE SOJA HIDROLISADA, AMIDO, FENOXIETANOL, IMIDAZOLIDINILUREIA, POLIQUAT\u00c9RNIO-16, SORBATO DE POT\u00c1SSIO, METILCLOROISOTIAZOLINONA E METILISOTIAZOLINONA, NITRATO DE MAGN\u00c9SIO, CLORETO DE MAGN\u00c9SIO, HEXYL CINNAMAL, LINALOOL,BENZYL SALICYLATE, HEXIL CINAMAL, LINALOL, SALICILATO DE BENZILA.<\/p>\t\t\t\t\t\t\t\t<\/div>\n\t\t\t\t<\/div>\n\t\t\t\t\t<\/div>\n\t\t<\/div>\n\t\t\t\t<div class=\"elementor-column elementor-col-66 elementor-inner-column elementor-element elementor-element-6e3c27d0\" data-id=\"6e3c27d0\" data-element_type=\"column\">\n\t\t\t<div class=\"elementor-widget-wrap elementor-element-populated\">\n\t\t\t\t\t\t<div class=\"elementor-element elementor-element-4b5b32a7 elementor-widget-mobile__width-initial elementor-widget elementor-widget-image\" data-id=\"4b5b32a7\" data-element_type=\"widget\" data-widget_type=\"image.default\">\n\t\t\t\t<div class=\"elementor-widget-container\">\n\t\t\t\t\t\t\t\t\t\t\t\t\t\t\t<img decoding=\"async\" width=\"1200\" height=\"800\" src=\"https:\/\/itallianhairtech.com\/wp-content\/uploads\/2025\/03\/produtos_1200x800px_extreme_up_shampoo_280ml.png\" class=\"attachment-full size-full wp-image-7436\" alt=\"\" srcset=\"https:\/\/itallianhairtech.com\/wp-content\/uploads\/2025\/03\/produtos_1200x800px_extreme_up_shampoo_280ml.png 1200w, https:\/\/itallianhairtech.com\/wp-content\/uploads\/2025\/03\/produtos_1200x800px_extreme_up_shampoo_280ml-300x200.png 300w, https:\/\/itallianhairtech.com\/wp-content\/uploads\/2025\/03\/produtos_1200x800px_extreme_up_shampoo_280ml-1024x683.png 1024w, https:\/\/itallianhairtech.com\/wp-content\/uploads\/2025\/03\/produtos_1200x800px_extreme_up_shampoo_280ml-768x512.png 768w\" sizes=\"(max-width: 1200px) 100vw, 1200px\" \/>\t\t\t\t\t\t\t\t\t\t\t\t\t\t\t<\/div>\n\t\t\t\t<\/div>\n\t\t\t\t\t<\/div>\n\t\t<\/div>\n\t\t\t\t\t<\/div>\n\t\t<\/section>\n\t\t\t\t<section class=\"elementor-section elementor-inner-section elementor-element elementor-element-7211341f elementor-section-content-middle elementor-section-boxed elementor-section-height-default elementor-section-height-default\" data-id=\"7211341f\" data-element_type=\"section\" data-settings=\"{&quot;background_background&quot;:&quot;classic&quot;}\">\n\t\t\t\t\t\t<div class=\"elementor-container elementor-column-gap-no\">\n\t\t\t\t\t<div class=\"elementor-column elementor-col-66 elementor-inner-column elementor-element elementor-element-765bcbd\" data-id=\"765bcbd\" data-element_type=\"column\">\n\t\t\t<div class=\"elementor-widget-wrap elementor-element-populated\">\n\t\t\t\t\t\t<div class=\"elementor-element elementor-element-4366ff3c elementor-widget-mobile__width-initial elementor-widget elementor-widget-image\" data-id=\"4366ff3c\" data-element_type=\"widget\" data-widget_type=\"image.default\">\n\t\t\t\t<div class=\"elementor-widget-container\">\n\t\t\t\t\t\t\t\t\t\t\t\t\t\t\t<img decoding=\"async\" width=\"1200\" height=\"800\" src=\"https:\/\/itallianhairtech.com\/wp-content\/uploads\/2025\/03\/produtos_1200x800px_extreme_up_shampoo_250g.png\" class=\"attachment-full size-full wp-image-7437\" alt=\"\" srcset=\"https:\/\/itallianhairtech.com\/wp-content\/uploads\/2025\/03\/produtos_1200x800px_extreme_up_shampoo_250g.png 1200w, https:\/\/itallianhairtech.com\/wp-content\/uploads\/2025\/03\/produtos_1200x800px_extreme_up_shampoo_250g-300x200.png 300w, https:\/\/itallianhairtech.com\/wp-content\/uploads\/2025\/03\/produtos_1200x800px_extreme_up_shampoo_250g-1024x683.png 1024w, https:\/\/itallianhairtech.com\/wp-content\/uploads\/2025\/03\/produtos_1200x800px_extreme_up_shampoo_250g-768x512.png 768w\" sizes=\"(max-width: 1200px) 100vw, 1200px\" \/>\t\t\t\t\t\t\t\t\t\t\t\t\t\t\t<\/div>\n\t\t\t\t<\/div>\n\t\t\t\t\t<\/div>\n\t\t<\/div>\n\t\t\t\t<div class=\"elementor-column elementor-col-33 elementor-inner-column elementor-element elementor-element-5a478c83\" data-id=\"5a478c83\" data-element_type=\"column\" data-settings=\"{&quot;background_background&quot;:&quot;classic&quot;}\">\n\t\t\t<div class=\"elementor-widget-wrap elementor-element-populated\">\n\t\t\t\t\t\t<div class=\"elementor-element elementor-element-59689859 elementor-widget-mobile__width-initial elementor-widget elementor-widget-heading\" data-id=\"59689859\" data-element_type=\"widget\" data-widget_type=\"heading.default\">\n\t\t\t\t<div class=\"elementor-widget-container\">\n\t\t\t\t\t<h3 class=\"elementor-heading-title elementor-size-default\">Reconstru\u00e7\u00e3o Profunda<\/h3>\t\t\t\t<\/div>\n\t\t\t\t<\/div>\n\t\t\t\t<div class=\"elementor-element elementor-element-9555967 elementor-widget-divider--view-line elementor-widget elementor-widget-divider\" data-id=\"9555967\" data-element_type=\"widget\" data-widget_type=\"divider.default\">\n\t\t\t\t<div class=\"elementor-widget-container\">\n\t\t\t\t\t\t\t<div class=\"elementor-divider\">\n\t\t\t<span class=\"elementor-divider-separator\">\n\t\t\t\t\t\t<\/span>\n\t\t<\/div>\n\t\t\t\t\t\t<\/div>\n\t\t\t\t<\/div>\n\t\t\t\t<div class=\"elementor-element elementor-element-c75d69e elementor-widget__width-initial elementor-widget elementor-widget-text-editor\" data-id=\"c75d69e\" data-element_type=\"widget\" data-widget_type=\"text-editor.default\">\n\t\t\t\t<div class=\"elementor-widget-container\">\n\t\t\t\t\t\t\t\t\t<p>\u00c1GUA, \u00c1LCOOL CETOESTEAR\u00cdLICO, METOSSULFATO DE BEENTRIM\u00d4NIO, \u00c1LCOOL CET\u00cdLICO, QUAT\u00c9RNIO-87, GLICEROL, AMODIMETICONA, CETOMACROGOL 1000, FRAGR\u00c2NCIA, PROTE\u00cdNA DE TRIGO HIDROLISADA HIDROXIPROPIL COCODIM\u00d4NIO, FENOXIETANOL, EDETATO DISS\u00d3DICO, CLORETO DE CETRIM\u00d4NIO, CLORETO DE CETRIM\u00d4NIO, CETRIMONIUM CHLORIDE, PEG-12 \u00c9TER DE \u00c1LCOOL TRIDEC\u00cdLICO, BUTIL-HIDROXITOLUENO, EXTRATO DE SEMENTE DE CERATONIA SILIQUA, PROTE\u00cdNA DE SOJA HIDROLISADA, AMIDO, CAPRILILGLICOL, BENZOATO DE S\u00d3DIO, SORBATO DE POT\u00c1SSIO, POLIQUAT\u00c9RNIO-16, \u00c1LCOOL BENZ\u00cdLICO, CLORETO DE GOMA GUAR HIDROXIPROPILTRIM\u00d4NIO, POLIQUAT\u00c9RNIO-7, HEXIL CINAMAL, LINALOL, SALICILATO DE BENZILA.<\/p>\t\t\t\t\t\t\t\t<\/div>\n\t\t\t\t<\/div>\n\t\t\t\t\t<\/div>\n\t\t<\/div>\n\t\t\t\t\t<\/div>\n\t\t<\/section>\n\t\t\t\t\t<\/div>\n\t\t<\/div>\n\t\t\t\t\t<\/div>\n\t\t<\/section>\n\t\t\t\t<\/div>","protected":false},"excerpt":{"rendered":"<p>Kit Home Care Extreme UP Shampoo de Reconstru\u00e7\u00e3o \u00c1GUA, LAURILETERSULFATO DE S\u00d3DIO, DEA COCAMIDA, LAURIL SULFATO DE AM\u00d4NIO, COCOAMIDOPROPILBETA\u00cdNA, FRAGR\u00c2NCIA, LAURIL GLICOS\u00cdDEO, FOSFATO DE HIDROXIPROPILDIAMIDO, CLORETO DE GOMA GUAR HIDROXIPROPILTRIM\u00d4NIO, DIESTEARATO DE ETILENOGLICOL, DIMETILIDANTO\u00cdNA, \u00c1CIDO C\u00cdTRICO, POLIQUAT\u00c9RNIO-7, GLICEROL, CLORETO DE S\u00d3DIO, EDETATO DISS\u00d3DICO, BENZOATO DE S\u00d3DIO, CITRATO DE S\u00d3DIO, MACROGOL, EDETATO DE S\u00d3DIO, \u00c1CIDO BENZOICO, [&hellip;]<\/p>\n","protected":false},"author":2,"featured_media":0,"parent":0,"menu_order":0,"comment_status":"closed","ping_status":"closed","template":"","meta":{"site-sidebar-layout":"no-sidebar","site-content-layout":"page-builder","ast-site-content-layout":"full-width-container","site-content-style":"default","site-sidebar-style":"default","ast-global-header-display":"","ast-banner-title-visibility":"","ast-main-header-display":"","ast-hfb-above-header-display":"","ast-hfb-below-header-display":"","ast-hfb-mobile-header-display":"","site-post-title":"disabled","ast-breadcrumbs-content":"","ast-featured-img":"disabled","footer-sml-layout":"","ast-disable-related-posts":"","theme-transparent-header-meta":"","adv-header-id-meta":"","stick-header-meta":"","header-above-stick-meta":"","header-main-stick-meta":"","header-below-stick-meta":"","astra-migrate-meta-layouts":"set","ast-page-background-enabled":"default","ast-page-background-meta":{"desktop":{"background-color":"var(--ast-global-color-4)","background-image":"","background-repeat":"repeat","background-position":"center center","background-size":"auto","background-attachment":"scroll","background-type":"","background-media":"","overlay-type":"","overlay-color":"","overlay-opacity":"","overlay-gradient":""},"tablet":{"background-color":"","background-image":"","background-repeat":"repeat","background-position":"center center","background-size":"auto","background-attachment":"scroll","background-type":"","background-media":"","overlay-type":"","overlay-color":"","overlay-opacity":"","overlay-gradient":""},"mobile":{"background-color":"","background-image":"","background-repeat":"repeat","background-position":"center center","background-size":"auto","background-attachment":"scroll","background-type":"","background-media":"","overlay-type":"","overlay-color":"","overlay-opacity":"","overlay-gradient":""}},"ast-content-background-meta":{"desktop":{"background-color":"var(--ast-global-color-5)","background-image":"","background-repeat":"repeat","background-position":"center center","background-size":"auto","background-attachment":"scroll","background-type":"","background-media":"","overlay-type":"","overlay-color":"","overlay-opacity":"","overlay-gradient":""},"tablet":{"background-color":"var(--ast-global-color-5)","background-image":"","background-repeat":"repeat","background-position":"center center","background-size":"auto","background-attachment":"scroll","background-type":"","background-media":"","overlay-type":"","overlay-color":"","overlay-opacity":"","overlay-gradient":""},"mobile":{"background-color":"var(--ast-global-color-5)","background-image":"","background-repeat":"repeat","background-position":"center center","background-size":"auto","background-attachment":"scroll","background-type":"","background-media":"","overlay-type":"","overlay-color":"","overlay-opacity":"","overlay-gradient":""}},"footnotes":""},"class_list":["post-7425","page","type-page","status-publish","hentry"],"_links":{"self":[{"href":"https:\/\/itallianhairtech.com\/es\/wp-json\/wp\/v2\/pages\/7425","targetHints":{"allow":["GET"]}}],"collection":[{"href":"https:\/\/itallianhairtech.com\/es\/wp-json\/wp\/v2\/pages"}],"about":[{"href":"https:\/\/itallianhairtech.com\/es\/wp-json\/wp\/v2\/types\/page"}],"author":[{"embeddable":true,"href":"https:\/\/itallianhairtech.com\/es\/wp-json\/wp\/v2\/users\/2"}],"replies":[{"embeddable":true,"href":"https:\/\/itallianhairtech.com\/es\/wp-json\/wp\/v2\/comments?post=7425"}],"version-history":[{"count":10,"href":"https:\/\/itallianhairtech.com\/es\/wp-json\/wp\/v2\/pages\/7425\/revisions"}],"predecessor-version":[{"id":7440,"href":"https:\/\/itallianhairtech.com\/es\/wp-json\/wp\/v2\/pages\/7425\/revisions\/7440"}],"wp:attachment":[{"href":"https:\/\/itallianhairtech.com\/es\/wp-json\/wp\/v2\/media?parent=7425"}],"curies":[{"name":"wp","href":"https:\/\/api.w.org\/{rel}","templated":true}]}}