{"id":7482,"date":"2025-03-19T14:51:03","date_gmt":"2025-03-19T17:51:03","guid":{"rendered":"https:\/\/itallianhairtech.com\/?page_id=7482"},"modified":"2025-04-01T11:26:31","modified_gmt":"2025-04-01T14:26:31","slug":"kit-home-care-hidratacao-power-oil","status":"publish","type":"page","link":"https:\/\/itallianhairtech.com\/es\/kit-home-care-hidratacao-power-oil\/","title":{"rendered":"Kit Home Care Trivitt &#8211; Power Oil"},"content":{"rendered":"<div data-elementor-type=\"wp-page\" data-elementor-id=\"7482\" class=\"elementor elementor-7482\">\n\t\t\t\t<div class=\"elementor-element elementor-element-385f8aef e-flex e-con-boxed e-con e-parent\" data-id=\"385f8aef\" data-element_type=\"container\">\n\t\t\t\t\t<div class=\"e-con-inner\">\n\t\t\t\t<div class=\"elementor-element elementor-element-e14c20b elementor-widget elementor-widget-spacer\" data-id=\"e14c20b\" data-element_type=\"widget\" data-widget_type=\"spacer.default\">\n\t\t\t\t<div class=\"elementor-widget-container\">\n\t\t\t\t\t\t\t<div class=\"elementor-spacer\">\n\t\t\t<div class=\"elementor-spacer-inner\"><\/div>\n\t\t<\/div>\n\t\t\t\t\t\t<\/div>\n\t\t\t\t<\/div>\n\t\t\t\t\t<\/div>\n\t\t\t\t<\/div>\n\t\t<div class=\"elementor-element elementor-element-14975e6b e-flex e-con-boxed e-con e-parent\" data-id=\"14975e6b\" data-element_type=\"container\">\n\t\t\t\t\t<div class=\"e-con-inner\">\n\t\t\t\t<div class=\"elementor-element elementor-element-63aaa823 elementor-widget elementor-widget-spacer\" data-id=\"63aaa823\" data-element_type=\"widget\" data-widget_type=\"spacer.default\">\n\t\t\t\t<div class=\"elementor-widget-container\">\n\t\t\t\t\t\t\t<div class=\"elementor-spacer\">\n\t\t\t<div class=\"elementor-spacer-inner\"><\/div>\n\t\t<\/div>\n\t\t\t\t\t\t<\/div>\n\t\t\t\t<\/div>\n\t\t\t\t\t<\/div>\n\t\t\t\t<\/div>\n\t\t<div class=\"elementor-element elementor-element-2a69cd4d e-flex e-con-boxed e-con e-parent\" data-id=\"2a69cd4d\" data-element_type=\"container\">\n\t\t\t\t\t<div class=\"e-con-inner\">\n\t\t\t\t<div class=\"elementor-element elementor-element-5e97ec0d elementor-widget elementor-widget-spacer\" data-id=\"5e97ec0d\" data-element_type=\"widget\" data-widget_type=\"spacer.default\">\n\t\t\t\t<div class=\"elementor-widget-container\">\n\t\t\t\t\t\t\t<div class=\"elementor-spacer\">\n\t\t\t<div class=\"elementor-spacer-inner\"><\/div>\n\t\t<\/div>\n\t\t\t\t\t\t<\/div>\n\t\t\t\t<\/div>\n\t\t\t\t<div class=\"elementor-element elementor-element-977f01b elementor-widget elementor-widget-heading\" data-id=\"977f01b\" data-element_type=\"widget\" data-widget_type=\"heading.default\">\n\t\t\t\t<div class=\"elementor-widget-container\">\n\t\t\t\t\t<h2 class=\"elementor-heading-title elementor-size-default\">kit home care hidrata\u00e7\u00e3o - power oil<\/h2>\t\t\t\t<\/div>\n\t\t\t\t<\/div>\n\t\t\t\t<div class=\"elementor-element elementor-element-f075e65 elementor-widget elementor-widget-image\" data-id=\"f075e65\" data-element_type=\"widget\" data-widget_type=\"image.default\">\n\t\t\t\t<div class=\"elementor-widget-container\">\n\t\t\t\t\t\t\t\t\t\t\t\t\t\t\t<img fetchpriority=\"high\" decoding=\"async\" width=\"1200\" height=\"800\" src=\"https:\/\/itallianhairtech.com\/wp-content\/uploads\/2025\/04\/produtos_1200x800px_kit_hc_coracoes_power.png\" class=\"attachment-full size-full wp-image-7646\" alt=\"\" srcset=\"https:\/\/itallianhairtech.com\/wp-content\/uploads\/2025\/04\/produtos_1200x800px_kit_hc_coracoes_power.png 1200w, https:\/\/itallianhairtech.com\/wp-content\/uploads\/2025\/04\/produtos_1200x800px_kit_hc_coracoes_power-300x200.png 300w, https:\/\/itallianhairtech.com\/wp-content\/uploads\/2025\/04\/produtos_1200x800px_kit_hc_coracoes_power-1024x683.png 1024w, https:\/\/itallianhairtech.com\/wp-content\/uploads\/2025\/04\/produtos_1200x800px_kit_hc_coracoes_power-768x512.png 768w\" sizes=\"(max-width: 1200px) 100vw, 1200px\" \/>\t\t\t\t\t\t\t\t\t\t\t\t\t\t\t<\/div>\n\t\t\t\t<\/div>\n\t\t\t\t\t<\/div>\n\t\t\t\t<\/div>\n\t\t<div class=\"elementor-element elementor-element-3b62c8d e-flex e-con-boxed e-con e-parent\" data-id=\"3b62c8d\" data-element_type=\"container\">\n\t\t\t\t\t<div class=\"e-con-inner\">\n\t\t\t\t<div class=\"elementor-element elementor-element-5b4a1704 elementor-widget elementor-widget-spacer\" data-id=\"5b4a1704\" data-element_type=\"widget\" data-widget_type=\"spacer.default\">\n\t\t\t\t<div class=\"elementor-widget-container\">\n\t\t\t\t\t\t\t<div class=\"elementor-spacer\">\n\t\t\t<div class=\"elementor-spacer-inner\"><\/div>\n\t\t<\/div>\n\t\t\t\t\t\t<\/div>\n\t\t\t\t<\/div>\n\t\t\t\t\t<\/div>\n\t\t\t\t<\/div>\n\t\t\t\t<section class=\"elementor-section elementor-top-section elementor-element elementor-element-6f91f788 elementor-section-boxed elementor-section-height-default elementor-section-height-default\" data-id=\"6f91f788\" data-element_type=\"section\" data-settings=\"{&quot;background_background&quot;:&quot;classic&quot;}\">\n\t\t\t\t\t\t<div class=\"elementor-container elementor-column-gap-no\">\n\t\t\t\t\t<div class=\"elementor-column elementor-col-100 elementor-top-column elementor-element elementor-element-2b1d1d8e\" data-id=\"2b1d1d8e\" data-element_type=\"column\">\n\t\t\t<div class=\"elementor-widget-wrap elementor-element-populated\">\n\t\t\t\t\t\t<section class=\"elementor-section elementor-inner-section elementor-element elementor-element-430f34a8 elementor-section-content-middle elementor-reverse-tablet elementor-reverse-mobile elementor-section-boxed elementor-section-height-default elementor-section-height-default\" data-id=\"430f34a8\" data-element_type=\"section\" data-settings=\"{&quot;background_background&quot;:&quot;classic&quot;}\">\n\t\t\t\t\t\t<div class=\"elementor-container elementor-column-gap-no\">\n\t\t\t\t\t<div class=\"elementor-column elementor-col-33 elementor-inner-column elementor-element elementor-element-58472779\" data-id=\"58472779\" data-element_type=\"column\" data-settings=\"{&quot;background_background&quot;:&quot;classic&quot;}\">\n\t\t\t<div class=\"elementor-widget-wrap elementor-element-populated\">\n\t\t\t\t\t\t<div class=\"elementor-element elementor-element-5f93fc85 elementor-widget elementor-widget-heading\" data-id=\"5f93fc85\" data-element_type=\"widget\" data-widget_type=\"heading.default\">\n\t\t\t\t<div class=\"elementor-widget-container\">\n\t\t\t\t\t<h3 class=\"elementor-heading-title elementor-size-default\">Shampoo P\u00f3s-Qu\u00edmica 250ml<\/h3>\t\t\t\t<\/div>\n\t\t\t\t<\/div>\n\t\t\t\t<div class=\"elementor-element elementor-element-61fe6aa5 elementor-widget-divider--view-line elementor-widget elementor-widget-divider\" data-id=\"61fe6aa5\" data-element_type=\"widget\" data-widget_type=\"divider.default\">\n\t\t\t\t<div class=\"elementor-widget-container\">\n\t\t\t\t\t\t\t<div class=\"elementor-divider\">\n\t\t\t<span class=\"elementor-divider-separator\">\n\t\t\t\t\t\t<\/span>\n\t\t<\/div>\n\t\t\t\t\t\t<\/div>\n\t\t\t\t<\/div>\n\t\t\t\t<div class=\"elementor-element elementor-element-485cd0ee elementor-widget elementor-widget-text-editor\" data-id=\"485cd0ee\" data-element_type=\"widget\" data-widget_type=\"text-editor.default\">\n\t\t\t\t<div class=\"elementor-widget-container\">\n\t\t\t\t\t\t\t\t\t<p>\u00c1GUA, SULFATO DE S\u00d3DIO LAURETE, LAURIL SULFATO DE AM\u00d4NIO, COCOAMIDOPROPIL BETA\u00cdNA, LAURIL GLICOS\u00cdDEO, DIETANOLAMINA COCAMIDA, COCOATO DE GLICERILA PEG-7, PROPILENO GLICOL, DIESTEARATO DE ETILENOGLICOL, PERFUME, CLORETO DE GOMA GUAR HIDROXIPROPILTRIM\u00d4NIO, HIDROXIETIL UR\u00c9IA, \u00c1CIDO C\u00cdTRICO, COCO-GLICOS\u00cdDEO, OLEATO DE GLICERILA, BENZOATO DE S\u00d3DIO, CLORETO DE S\u00d3DIO, SORBATO DE POT\u00c1SSIO, EDETATO DISS\u00d3DICO, DIMETILIDANTO\u00cdNA, PEG 90M, PEG, CITRATO DE S\u00d3DIO, EDETATO TETRASS\u00d3DICO, \u00c1CIDO BENZOICO, FENOXIETANOL, \u00d3LEO VEGETAL, IMIDAZOLIDINILUREIA, PROTE\u00cdNA DE TRIGO HIDROLISADA, PROTE\u00cdNA DE SOJA HIDROLISADA, CARBOCISTE\u00cdNA, \u00c1CIDO GLUT\u00c2MICO, \u00d3LEO DA SEMENTE DE CAMELINA, TREONINA, SERINA, TOCOFEROL, CITRATO DE GLICER\u00cdDEOS VEGETAIS HIDROGENADOS, METILCLOROISOTIAZOLINONA E METILISOTIAZOLINONA, NITRATO DE MAGN\u00c9SIO, CLORETO DE MAGN\u00c9SIO, LINALOL, HEXIL CINAMAL, LIMONENO.<\/p>\t\t\t\t\t\t\t\t<\/div>\n\t\t\t\t<\/div>\n\t\t\t\t\t<\/div>\n\t\t<\/div>\n\t\t\t\t<div class=\"elementor-column elementor-col-66 elementor-inner-column elementor-element elementor-element-14c79c07\" data-id=\"14c79c07\" data-element_type=\"column\">\n\t\t\t<div class=\"elementor-widget-wrap elementor-element-populated\">\n\t\t\t\t\t\t<div class=\"elementor-element elementor-element-2783780b elementor-widget-mobile__width-initial elementor-widget__width-initial elementor-widget elementor-widget-image\" data-id=\"2783780b\" data-element_type=\"widget\" data-widget_type=\"image.default\">\n\t\t\t\t<div class=\"elementor-widget-container\">\n\t\t\t\t\t\t\t\t\t\t\t\t\t\t\t<img decoding=\"async\" width=\"1200\" height=\"800\" src=\"https:\/\/itallianhairtech.com\/wp-content\/uploads\/2025\/04\/produtos_1200x800px_trivitt_hidrat_shampoo_250ml.png\" class=\"attachment-full size-full wp-image-7607\" alt=\"\" srcset=\"https:\/\/itallianhairtech.com\/wp-content\/uploads\/2025\/04\/produtos_1200x800px_trivitt_hidrat_shampoo_250ml.png 1200w, https:\/\/itallianhairtech.com\/wp-content\/uploads\/2025\/04\/produtos_1200x800px_trivitt_hidrat_shampoo_250ml-300x200.png 300w, https:\/\/itallianhairtech.com\/wp-content\/uploads\/2025\/04\/produtos_1200x800px_trivitt_hidrat_shampoo_250ml-1024x683.png 1024w, https:\/\/itallianhairtech.com\/wp-content\/uploads\/2025\/04\/produtos_1200x800px_trivitt_hidrat_shampoo_250ml-768x512.png 768w\" sizes=\"(max-width: 1200px) 100vw, 1200px\" \/>\t\t\t\t\t\t\t\t\t\t\t\t\t\t\t<\/div>\n\t\t\t\t<\/div>\n\t\t\t\t\t<\/div>\n\t\t<\/div>\n\t\t\t\t\t<\/div>\n\t\t<\/section>\n\t\t\t\t<section class=\"elementor-section elementor-inner-section elementor-element elementor-element-49c863ee elementor-section-content-middle elementor-section-boxed elementor-section-height-default elementor-section-height-default\" data-id=\"49c863ee\" data-element_type=\"section\" data-settings=\"{&quot;background_background&quot;:&quot;classic&quot;}\">\n\t\t\t\t\t\t<div class=\"elementor-container elementor-column-gap-no\">\n\t\t\t\t\t<div class=\"elementor-column elementor-col-66 elementor-inner-column elementor-element elementor-element-310f1ab2\" data-id=\"310f1ab2\" data-element_type=\"column\">\n\t\t\t<div class=\"elementor-widget-wrap elementor-element-populated\">\n\t\t\t\t\t\t<div class=\"elementor-element elementor-element-2c0e4520 elementor-widget-mobile__width-initial elementor-widget elementor-widget-image\" data-id=\"2c0e4520\" data-element_type=\"widget\" data-widget_type=\"image.default\">\n\t\t\t\t<div class=\"elementor-widget-container\">\n\t\t\t\t\t\t\t\t\t\t\t\t\t\t\t<img decoding=\"async\" width=\"1024\" height=\"683\" src=\"https:\/\/itallianhairtech.com\/wp-content\/uploads\/2025\/04\/produtos_1200x800px_trivitt_condicionador-1024x683.png\" class=\"attachment-large size-large wp-image-7611\" alt=\"\" srcset=\"https:\/\/itallianhairtech.com\/wp-content\/uploads\/2025\/04\/produtos_1200x800px_trivitt_condicionador-1024x683.png 1024w, https:\/\/itallianhairtech.com\/wp-content\/uploads\/2025\/04\/produtos_1200x800px_trivitt_condicionador-300x200.png 300w, https:\/\/itallianhairtech.com\/wp-content\/uploads\/2025\/04\/produtos_1200x800px_trivitt_condicionador-768x512.png 768w, https:\/\/itallianhairtech.com\/wp-content\/uploads\/2025\/04\/produtos_1200x800px_trivitt_condicionador.png 1200w\" sizes=\"(max-width: 1024px) 100vw, 1024px\" \/>\t\t\t\t\t\t\t\t\t\t\t\t\t\t\t<\/div>\n\t\t\t\t<\/div>\n\t\t\t\t\t<\/div>\n\t\t<\/div>\n\t\t\t\t<div class=\"elementor-column elementor-col-33 elementor-inner-column elementor-element elementor-element-5553c09d\" data-id=\"5553c09d\" data-element_type=\"column\" data-settings=\"{&quot;background_background&quot;:&quot;classic&quot;}\">\n\t\t\t<div class=\"elementor-widget-wrap elementor-element-populated\">\n\t\t\t\t\t\t<div class=\"elementor-element elementor-element-63a0620e elementor-widget-mobile__width-initial elementor-widget elementor-widget-heading\" data-id=\"63a0620e\" data-element_type=\"widget\" data-widget_type=\"heading.default\">\n\t\t\t\t<div class=\"elementor-widget-container\">\n\t\t\t\t\t<h3 class=\"elementor-heading-title elementor-size-default\"><span>Condicionador 200ml<\/span><\/h3>\t\t\t\t<\/div>\n\t\t\t\t<\/div>\n\t\t\t\t<div class=\"elementor-element elementor-element-43820bdd elementor-widget-divider--view-line elementor-widget elementor-widget-divider\" data-id=\"43820bdd\" data-element_type=\"widget\" data-widget_type=\"divider.default\">\n\t\t\t\t<div class=\"elementor-widget-container\">\n\t\t\t\t\t\t\t<div class=\"elementor-divider\">\n\t\t\t<span class=\"elementor-divider-separator\">\n\t\t\t\t\t\t<\/span>\n\t\t<\/div>\n\t\t\t\t\t\t<\/div>\n\t\t\t\t<\/div>\n\t\t\t\t<div class=\"elementor-element elementor-element-223d8c95 elementor-widget__width-initial elementor-widget elementor-widget-text-editor\" data-id=\"223d8c95\" data-element_type=\"widget\" data-widget_type=\"text-editor.default\">\n\t\t\t\t<div class=\"elementor-widget-container\">\n\t\t\t\t\t\t\t\t\t<p>\u00c1GUA, \u00c1LCOOL CETEAR\u00cdLICO, PARAFINA L\u00cdQUIDA, GLICEROL, MONOETANOLAMINA DE ACETAMIDA, \u00c1LCOOL CET\u00cdLICO, FARNESENO HIDROGENADO, METOSSULFATO DE BEENTRIM\u00d4NIO, PERFUME, \u00c1CIDO L\u00c1CTICO, ISOESTEARAMIDOPROPIL DIMETILAMINA, CLORETO DE CETRIM\u00d4NIO, GOMA DE ACACIA SENEGAL, \u00c1LCOOL ET\u00cdLICO, BENZOATO DE S\u00d3DIO, SORBATO DE POT\u00c1SSIO, EDETATO DISS\u00d3DICO, \u00d3LEO VEGETAL, PROTE\u00cdNA DE TRIGO HIDROLISADA, PROTE\u00cdNA DE SOJA HIDROLISADA, CARBOCISTE\u00cdNA, \u00c1CIDO GLUT\u00c2MICO, EDETATO TETRASS\u00d3DICO, \u00a0\u00d3LEO DA SEMENTE DE CAMELINA, TREONINA, SERINA, \u00c1CIDO C\u00cdTRICO, LINALOL, HEXIL CINAMAL, LIMONENO.<\/p>\t\t\t\t\t\t\t\t<\/div>\n\t\t\t\t<\/div>\n\t\t\t\t\t<\/div>\n\t\t<\/div>\n\t\t\t\t\t<\/div>\n\t\t<\/section>\n\t\t\t\t<section class=\"elementor-section elementor-inner-section elementor-element elementor-element-6cb18597 elementor-section-content-middle elementor-reverse-tablet elementor-reverse-mobile elementor-section-boxed elementor-section-height-default elementor-section-height-default\" data-id=\"6cb18597\" data-element_type=\"section\" data-settings=\"{&quot;background_background&quot;:&quot;classic&quot;}\">\n\t\t\t\t\t\t<div class=\"elementor-container elementor-column-gap-no\">\n\t\t\t\t\t<div class=\"elementor-column elementor-col-33 elementor-inner-column elementor-element elementor-element-44f7a32c\" data-id=\"44f7a32c\" data-element_type=\"column\" data-settings=\"{&quot;background_background&quot;:&quot;classic&quot;}\">\n\t\t\t<div class=\"elementor-widget-wrap elementor-element-populated\">\n\t\t\t\t\t\t<div class=\"elementor-element elementor-element-43ec3ff3 elementor-widget-mobile__width-initial elementor-widget elementor-widget-heading\" data-id=\"43ec3ff3\" data-element_type=\"widget\" data-widget_type=\"heading.default\">\n\t\t\t\t<div class=\"elementor-widget-container\">\n\t\t\t\t\t<h3 class=\"elementor-heading-title elementor-size-default\"><h3>Hidrata\u00e7\u00e3o Intensiva<span> 200g<\/span><\/h3><\/h3>\t\t\t\t<\/div>\n\t\t\t\t<\/div>\n\t\t\t\t<div class=\"elementor-element elementor-element-7c2fc732 elementor-widget-divider--view-line elementor-widget elementor-widget-divider\" data-id=\"7c2fc732\" data-element_type=\"widget\" data-widget_type=\"divider.default\">\n\t\t\t\t<div class=\"elementor-widget-container\">\n\t\t\t\t\t\t\t<div class=\"elementor-divider\">\n\t\t\t<span class=\"elementor-divider-separator\">\n\t\t\t\t\t\t<\/span>\n\t\t<\/div>\n\t\t\t\t\t\t<\/div>\n\t\t\t\t<\/div>\n\t\t\t\t<div class=\"elementor-element elementor-element-2b48bb6c elementor-widget elementor-widget-text-editor\" data-id=\"2b48bb6c\" data-element_type=\"widget\" data-widget_type=\"text-editor.default\">\n\t\t\t\t<div class=\"elementor-widget-container\">\n\t\t\t\t\t\t\t\t\t<p>\u00c1GUA, \u00c1LCOOL CETEAR\u00cdLICO, \u00c1LCOOL CET\u00cdLICO, CLORETO DE BEENTRIM\u00d4NIO, CLORETO DE DICETILDIM\u00d4NIO, ISOESTEARAMIDOPROPIL DIMETILAMINA, TREALOSE, GLICEROL, \u00d3LEO VEGETAL, PERFUME, AMODIMETICONA, QUAT\u00c9RNIO-22, \u00c1CIDO L\u00c1CTICO, PROPILENO GLICOL, \u00c1LCOOL ISOPROP\u00cdLICO, BENZOATO DE S\u00d3DIO, SORBATO DE POT\u00c1SSIO, EDETATO DISS\u00d3DICO, TRIDECETE-12, \u00d3LEO DA SEMENTE DE CAMELINA, CLORETO DE CETRIM\u00d4NIO, PROTE\u00cdNA DE TRIGO HIDROLISADA, PROTE\u00cdNA DE SOJA HIDROLISADA, CARBOCISTE\u00cdNA, \u00c1CIDO GLUT\u00c2MICO, TREONINA, SERINA, EDETATO TETRASS\u00d3DICO, \u00c1CIDO C\u00cdTRICO, LINALOL, HEXIL CINAMAL, LIMONENO.<\/p>\t\t\t\t\t\t\t\t<\/div>\n\t\t\t\t<\/div>\n\t\t\t\t\t<\/div>\n\t\t<\/div>\n\t\t\t\t<div class=\"elementor-column elementor-col-66 elementor-inner-column elementor-element elementor-element-64a06387\" data-id=\"64a06387\" data-element_type=\"column\">\n\t\t\t<div class=\"elementor-widget-wrap elementor-element-populated\">\n\t\t\t\t\t\t<div class=\"elementor-element elementor-element-4795e92d elementor-widget-mobile__width-initial elementor-widget elementor-widget-image\" data-id=\"4795e92d\" data-element_type=\"widget\" data-widget_type=\"image.default\">\n\t\t\t\t<div class=\"elementor-widget-container\">\n\t\t\t\t\t\t\t\t\t\t\t\t\t\t\t<img loading=\"lazy\" decoding=\"async\" width=\"1200\" height=\"800\" src=\"https:\/\/itallianhairtech.com\/wp-content\/uploads\/2025\/04\/produtos_1200x800px_trivitt_hidrat_200g.png\" class=\"attachment-full size-full wp-image-7613\" alt=\"\" srcset=\"https:\/\/itallianhairtech.com\/wp-content\/uploads\/2025\/04\/produtos_1200x800px_trivitt_hidrat_200g.png 1200w, https:\/\/itallianhairtech.com\/wp-content\/uploads\/2025\/04\/produtos_1200x800px_trivitt_hidrat_200g-300x200.png 300w, https:\/\/itallianhairtech.com\/wp-content\/uploads\/2025\/04\/produtos_1200x800px_trivitt_hidrat_200g-1024x683.png 1024w, https:\/\/itallianhairtech.com\/wp-content\/uploads\/2025\/04\/produtos_1200x800px_trivitt_hidrat_200g-768x512.png 768w\" sizes=\"(max-width: 1200px) 100vw, 1200px\" \/>\t\t\t\t\t\t\t\t\t\t\t\t\t\t\t<\/div>\n\t\t\t\t<\/div>\n\t\t\t\t\t<\/div>\n\t\t<\/div>\n\t\t\t\t\t<\/div>\n\t\t<\/section>\n\t\t\t\t<section class=\"elementor-section elementor-inner-section elementor-element elementor-element-b589011 elementor-section-content-middle elementor-section-full_width elementor-section-height-default elementor-section-height-default\" data-id=\"b589011\" data-element_type=\"section\" data-settings=\"{&quot;background_background&quot;:&quot;classic&quot;}\">\n\t\t\t\t\t\t<div class=\"elementor-container elementor-column-gap-no\">\n\t\t\t\t\t<div class=\"elementor-column elementor-col-66 elementor-inner-column elementor-element elementor-element-3da41094\" data-id=\"3da41094\" data-element_type=\"column\">\n\t\t\t<div class=\"elementor-widget-wrap elementor-element-populated\">\n\t\t\t\t\t\t<div class=\"elementor-element elementor-element-414c61d0 elementor-widget-mobile__width-initial elementor-widget elementor-widget-image\" data-id=\"414c61d0\" data-element_type=\"widget\" data-widget_type=\"image.default\">\n\t\t\t\t<div class=\"elementor-widget-container\">\n\t\t\t\t\t\t\t\t\t\t\t\t\t\t\t<img loading=\"lazy\" decoding=\"async\" width=\"1200\" height=\"800\" src=\"https:\/\/itallianhairtech.com\/wp-content\/uploads\/2025\/04\/produtos_1200x800px_finalizadores_power-oil.png\" class=\"attachment-full size-full wp-image-7636\" alt=\"\" srcset=\"https:\/\/itallianhairtech.com\/wp-content\/uploads\/2025\/04\/produtos_1200x800px_finalizadores_power-oil.png 1200w, https:\/\/itallianhairtech.com\/wp-content\/uploads\/2025\/04\/produtos_1200x800px_finalizadores_power-oil-300x200.png 300w, https:\/\/itallianhairtech.com\/wp-content\/uploads\/2025\/04\/produtos_1200x800px_finalizadores_power-oil-1024x683.png 1024w, https:\/\/itallianhairtech.com\/wp-content\/uploads\/2025\/04\/produtos_1200x800px_finalizadores_power-oil-768x512.png 768w\" sizes=\"(max-width: 1200px) 100vw, 1200px\" \/>\t\t\t\t\t\t\t\t\t\t\t\t\t\t\t<\/div>\n\t\t\t\t<\/div>\n\t\t\t\t<div class=\"elementor-element elementor-element-4a861cd elementor-widget-divider--view-line elementor-widget elementor-widget-divider\" data-id=\"4a861cd\" data-element_type=\"widget\" data-widget_type=\"divider.default\">\n\t\t\t\t<div class=\"elementor-widget-container\">\n\t\t\t\t\t\t\t<div class=\"elementor-divider\">\n\t\t\t<span class=\"elementor-divider-separator\">\n\t\t\t\t\t\t<\/span>\n\t\t<\/div>\n\t\t\t\t\t\t<\/div>\n\t\t\t\t<\/div>\n\t\t\t\t\t<\/div>\n\t\t<\/div>\n\t\t\t\t<div class=\"elementor-column elementor-col-33 elementor-inner-column elementor-element elementor-element-22c5c9cc\" data-id=\"22c5c9cc\" data-element_type=\"column\" data-settings=\"{&quot;background_background&quot;:&quot;classic&quot;}\">\n\t\t\t<div class=\"elementor-widget-wrap elementor-element-populated\">\n\t\t\t\t\t\t<div class=\"elementor-element elementor-element-1167612e elementor-widget-mobile__width-initial elementor-widget__width-initial elementor-widget elementor-widget-heading\" data-id=\"1167612e\" data-element_type=\"widget\" data-widget_type=\"heading.default\">\n\t\t\t\t<div class=\"elementor-widget-container\">\n\t\t\t\t\t<h3 class=\"elementor-heading-title elementor-size-default\"><h3>Power Oil<\/h3><\/h3>\t\t\t\t<\/div>\n\t\t\t\t<\/div>\n\t\t\t\t<div class=\"elementor-element elementor-element-2fed5e1e elementor-widget-divider--view-line elementor-widget elementor-widget-divider\" data-id=\"2fed5e1e\" data-element_type=\"widget\" data-widget_type=\"divider.default\">\n\t\t\t\t<div class=\"elementor-widget-container\">\n\t\t\t\t\t\t\t<div class=\"elementor-divider\">\n\t\t\t<span class=\"elementor-divider-separator\">\n\t\t\t\t\t\t<\/span>\n\t\t<\/div>\n\t\t\t\t\t\t<\/div>\n\t\t\t\t<\/div>\n\t\t\t\t<div class=\"elementor-element elementor-element-235a4c77 elementor-widget__width-initial elementor-widget elementor-widget-text-editor\" data-id=\"235a4c77\" data-element_type=\"widget\" data-widget_type=\"text-editor.default\">\n\t\t\t\t<div class=\"elementor-widget-container\">\n\t\t\t\t\t\t\t\t\t<p>DECAMETILCICLOPENTASILOXANO, DIMETICONA, FENIL TRIMETICONA, PARAFINA L\u00cdQUIDA, PERFUME, \u00d3LEO VEGETAL, BENZOATO DE ALQUILA C12-15, LAURATO DE ISOAMILA, OCTISSALATO, \u00d3LEO DA SEMENTE DE ALGOD\u00c3O, AVOBENZONA, EXTRATO DA RAIZ DE C\u00c1LAMO-AROM\u00c1TICO, EXTRATO DA FOLHA DE ALOE VERA, MANTEIGA DE KARIT\u00c9, EXTRATO DA FOLHA DE CH\u00c1-DA-\u00cdNDIA, EXTRATO DA FLOR DE CAMOMILA, EXTRATO DE CASCA DE CANELEIRA, EXTRATO DO FRUTO DE COQUEIRO, EXTRATO DE RESINA DE MIRRA, \u00d3LEO DA SEMENTE DE MACADAMIA TERNIFOLIA, \u00d3LEO DO FRUTO DE OLIVEIRA \u00d3LEO DA SEMENTE DE CAMELINA, \u00d3LEO DA CASTANHA DE ARGAN, GLICEROL, MONOESTEARATO DE GLICERILA, LECITINA, DIISOESTEARATO DE POLIGLICERILA-3, \u00c1GUA, BUTIL-HIDROXITOLUENO, CORANTE VERMELHO 26100, CORANTE AMARELO 47000, \u00c1CIDO C\u00cdTRICO, LINALOL, HEXIL CINAMAL, LIMONENO.<\/p>\t\t\t\t\t\t\t\t<\/div>\n\t\t\t\t<\/div>\n\t\t\t\t\t<\/div>\n\t\t<\/div>\n\t\t\t\t\t<\/div>\n\t\t<\/section>\n\t\t\t\t\t<\/div>\n\t\t<\/div>\n\t\t\t\t\t<\/div>\n\t\t<\/section>\n\t\t\t\t<\/div>","protected":false},"excerpt":{"rendered":"<p>kit home care hidrata\u00e7\u00e3o &#8211; power oil Shampoo P\u00f3s-Qu\u00edmica 250ml \u00c1GUA, SULFATO DE S\u00d3DIO LAURETE, LAURIL SULFATO DE AM\u00d4NIO, COCOAMIDOPROPIL BETA\u00cdNA, LAURIL GLICOS\u00cdDEO, DIETANOLAMINA COCAMIDA, COCOATO DE GLICERILA PEG-7, PROPILENO GLICOL, DIESTEARATO DE ETILENOGLICOL, PERFUME, CLORETO DE GOMA GUAR HIDROXIPROPILTRIM\u00d4NIO, HIDROXIETIL UR\u00c9IA, \u00c1CIDO C\u00cdTRICO, COCO-GLICOS\u00cdDEO, OLEATO DE GLICERILA, BENZOATO DE S\u00d3DIO, CLORETO DE S\u00d3DIO, SORBATO [&hellip;]<\/p>\n","protected":false},"author":2,"featured_media":0,"parent":0,"menu_order":0,"comment_status":"closed","ping_status":"closed","template":"","meta":{"site-sidebar-layout":"no-sidebar","site-content-layout":"page-builder","ast-site-content-layout":"full-width-container","site-content-style":"default","site-sidebar-style":"default","ast-global-header-display":"","ast-banner-title-visibility":"","ast-main-header-display":"","ast-hfb-above-header-display":"","ast-hfb-below-header-display":"","ast-hfb-mobile-header-display":"","site-post-title":"disabled","ast-breadcrumbs-content":"","ast-featured-img":"disabled","footer-sml-layout":"","ast-disable-related-posts":"","theme-transparent-header-meta":"","adv-header-id-meta":"","stick-header-meta":"","header-above-stick-meta":"","header-main-stick-meta":"","header-below-stick-meta":"","astra-migrate-meta-layouts":"set","ast-page-background-enabled":"default","ast-page-background-meta":{"desktop":{"background-color":"var(--ast-global-color-4)","background-image":"","background-repeat":"repeat","background-position":"center center","background-size":"auto","background-attachment":"scroll","background-type":"","background-media":"","overlay-type":"","overlay-color":"","overlay-opacity":"","overlay-gradient":""},"tablet":{"background-color":"","background-image":"","background-repeat":"repeat","background-position":"center center","background-size":"auto","background-attachment":"scroll","background-type":"","background-media":"","overlay-type":"","overlay-color":"","overlay-opacity":"","overlay-gradient":""},"mobile":{"background-color":"","background-image":"","background-repeat":"repeat","background-position":"center center","background-size":"auto","background-attachment":"scroll","background-type":"","background-media":"","overlay-type":"","overlay-color":"","overlay-opacity":"","overlay-gradient":""}},"ast-content-background-meta":{"desktop":{"background-color":"var(--ast-global-color-5)","background-image":"","background-repeat":"repeat","background-position":"center center","background-size":"auto","background-attachment":"scroll","background-type":"","background-media":"","overlay-type":"","overlay-color":"","overlay-opacity":"","overlay-gradient":""},"tablet":{"background-color":"var(--ast-global-color-5)","background-image":"","background-repeat":"repeat","background-position":"center center","background-size":"auto","background-attachment":"scroll","background-type":"","background-media":"","overlay-type":"","overlay-color":"","overlay-opacity":"","overlay-gradient":""},"mobile":{"background-color":"var(--ast-global-color-5)","background-image":"","background-repeat":"repeat","background-position":"center center","background-size":"auto","background-attachment":"scroll","background-type":"","background-media":"","overlay-type":"","overlay-color":"","overlay-opacity":"","overlay-gradient":""}},"footnotes":""},"class_list":["post-7482","page","type-page","status-publish","hentry"],"_links":{"self":[{"href":"https:\/\/itallianhairtech.com\/es\/wp-json\/wp\/v2\/pages\/7482","targetHints":{"allow":["GET"]}}],"collection":[{"href":"https:\/\/itallianhairtech.com\/es\/wp-json\/wp\/v2\/pages"}],"about":[{"href":"https:\/\/itallianhairtech.com\/es\/wp-json\/wp\/v2\/types\/page"}],"author":[{"embeddable":true,"href":"https:\/\/itallianhairtech.com\/es\/wp-json\/wp\/v2\/users\/2"}],"replies":[{"embeddable":true,"href":"https:\/\/itallianhairtech.com\/es\/wp-json\/wp\/v2\/comments?post=7482"}],"version-history":[{"count":63,"href":"https:\/\/itallianhairtech.com\/es\/wp-json\/wp\/v2\/pages\/7482\/revisions"}],"predecessor-version":[{"id":7666,"href":"https:\/\/itallianhairtech.com\/es\/wp-json\/wp\/v2\/pages\/7482\/revisions\/7666"}],"wp:attachment":[{"href":"https:\/\/itallianhairtech.com\/es\/wp-json\/wp\/v2\/media?parent=7482"}],"curies":[{"name":"wp","href":"https:\/\/api.w.org\/{rel}","templated":true}]}}