{"id":9054,"date":"2025-07-30T18:17:23","date_gmt":"2025-07-30T21:17:23","guid":{"rendered":"https:\/\/itallianhairtech.com\/?page_id=9054"},"modified":"2025-11-27T14:06:20","modified_gmt":"2025-11-27T17:06:20","slug":"home-care-trivitt-sh-cond","status":"publish","type":"page","link":"https:\/\/itallianhairtech.com\/es\/qrcodes\/home-care-trivitt-sh-cond\/","title":{"rendered":"home-care-trivitt-sh-cond"},"content":{"rendered":"<div data-elementor-type=\"wp-page\" data-elementor-id=\"9054\" class=\"elementor elementor-9054\">\n\t\t\t\t<div class=\"elementor-element elementor-element-767694c1 e-flex e-con-boxed e-con e-parent\" data-id=\"767694c1\" data-element_type=\"container\">\n\t\t\t\t\t<div class=\"e-con-inner\">\n\t\t\t\t<div class=\"elementor-element elementor-element-7511ef05 elementor-widget elementor-widget-spacer\" data-id=\"7511ef05\" data-element_type=\"widget\" data-widget_type=\"spacer.default\">\n\t\t\t\t<div class=\"elementor-widget-container\">\n\t\t\t\t\t\t\t<div class=\"elementor-spacer\">\n\t\t\t<div class=\"elementor-spacer-inner\"><\/div>\n\t\t<\/div>\n\t\t\t\t\t\t<\/div>\n\t\t\t\t<\/div>\n\t\t\t\t\t<\/div>\n\t\t\t\t<\/div>\n\t\t<div class=\"elementor-element elementor-element-66b1f551 e-flex e-con-boxed e-con e-parent\" data-id=\"66b1f551\" data-element_type=\"container\">\n\t\t\t\t\t<div class=\"e-con-inner\">\n\t\t\t\t<div class=\"elementor-element elementor-element-22f61e7 elementor-widget elementor-widget-spacer\" data-id=\"22f61e7\" data-element_type=\"widget\" data-widget_type=\"spacer.default\">\n\t\t\t\t<div class=\"elementor-widget-container\">\n\t\t\t\t\t\t\t<div class=\"elementor-spacer\">\n\t\t\t<div class=\"elementor-spacer-inner\"><\/div>\n\t\t<\/div>\n\t\t\t\t\t\t<\/div>\n\t\t\t\t<\/div>\n\t\t\t\t\t<\/div>\n\t\t\t\t<\/div>\n\t\t\t\t<section class=\"elementor-section elementor-top-section elementor-element elementor-element-69c7aea8 elementor-section-boxed elementor-section-height-default elementor-section-height-default\" data-id=\"69c7aea8\" data-element_type=\"section\" data-settings=\"{&quot;background_background&quot;:&quot;classic&quot;}\">\n\t\t\t\t\t\t<div class=\"elementor-container elementor-column-gap-no\">\n\t\t\t\t\t<div class=\"elementor-column elementor-col-100 elementor-top-column elementor-element elementor-element-260ec5e5\" data-id=\"260ec5e5\" data-element_type=\"column\">\n\t\t\t<div class=\"elementor-widget-wrap elementor-element-populated\">\n\t\t\t\t\t\t<div class=\"elementor-element elementor-element-53a311f elementor-widget elementor-widget-spacer\" data-id=\"53a311f\" data-element_type=\"widget\" data-widget_type=\"spacer.default\">\n\t\t\t\t<div class=\"elementor-widget-container\">\n\t\t\t\t\t\t\t<div class=\"elementor-spacer\">\n\t\t\t<div class=\"elementor-spacer-inner\"><\/div>\n\t\t<\/div>\n\t\t\t\t\t\t<\/div>\n\t\t\t\t<\/div>\n\t\t\t\t<section class=\"elementor-section elementor-inner-section elementor-element elementor-element-2dd68e54 elementor-section-content-middle elementor-section-full_width elementor-section-height-default elementor-section-height-default\" data-id=\"2dd68e54\" data-element_type=\"section\" data-settings=\"{&quot;background_background&quot;:&quot;classic&quot;}\">\n\t\t\t\t\t\t<div class=\"elementor-container elementor-column-gap-no\">\n\t\t\t\t\t<div class=\"elementor-column elementor-col-50 elementor-inner-column elementor-element elementor-element-433eaa34\" data-id=\"433eaa34\" data-element_type=\"column\">\n\t\t\t<div class=\"elementor-widget-wrap elementor-element-populated\">\n\t\t\t\t\t\t<div class=\"elementor-element elementor-element-53d329da elementor-widget-mobile__width-initial elementor-widget__width-initial elementor-widget elementor-widget-image\" data-id=\"53d329da\" data-element_type=\"widget\" data-widget_type=\"image.default\">\n\t\t\t\t<div class=\"elementor-widget-container\">\n\t\t\t\t\t\t\t\t\t\t\t\t\t\t\t<img fetchpriority=\"high\" decoding=\"async\" width=\"1200\" height=\"800\" src=\"https:\/\/itallianhairtech.com\/wp-content\/uploads\/2025\/11\/produtos_1200x800px_Trivitt_hc_sham_cond.png\" class=\"attachment-full size-full wp-image-9182\" alt=\"\" srcset=\"https:\/\/itallianhairtech.com\/wp-content\/uploads\/2025\/11\/produtos_1200x800px_Trivitt_hc_sham_cond.png 1200w, https:\/\/itallianhairtech.com\/wp-content\/uploads\/2025\/11\/produtos_1200x800px_Trivitt_hc_sham_cond-300x200.png 300w, https:\/\/itallianhairtech.com\/wp-content\/uploads\/2025\/11\/produtos_1200x800px_Trivitt_hc_sham_cond-1024x683.png 1024w, https:\/\/itallianhairtech.com\/wp-content\/uploads\/2025\/11\/produtos_1200x800px_Trivitt_hc_sham_cond-768x512.png 768w, https:\/\/itallianhairtech.com\/wp-content\/uploads\/2025\/11\/produtos_1200x800px_Trivitt_hc_sham_cond-18x12.png 18w\" sizes=\"(max-width: 1200px) 100vw, 1200px\" \/>\t\t\t\t\t\t\t\t\t\t\t\t\t\t\t<\/div>\n\t\t\t\t<\/div>\n\t\t\t\t\t<\/div>\n\t\t<\/div>\n\t\t\t\t<div class=\"elementor-column elementor-col-50 elementor-inner-column elementor-element elementor-element-59fb9f11\" data-id=\"59fb9f11\" data-element_type=\"column\" data-settings=\"{&quot;background_background&quot;:&quot;classic&quot;}\">\n\t\t\t<div class=\"elementor-widget-wrap elementor-element-populated\">\n\t\t\t\t\t\t<div class=\"elementor-element elementor-element-6f819897 elementor-widget elementor-widget-heading\" data-id=\"6f819897\" data-element_type=\"widget\" data-widget_type=\"heading.default\">\n\t\t\t\t<div class=\"elementor-widget-container\">\n\t\t\t\t\t<h3 class=\"elementor-heading-title elementor-size-default\">Kit Home Care<br>Shampoo\/Condicionador<\/h3>\t\t\t\t<\/div>\n\t\t\t\t<\/div>\n\t\t\t\t<div class=\"elementor-element elementor-element-5852f26a elementor-widget-divider--view-line elementor-widget elementor-widget-divider\" data-id=\"5852f26a\" data-element_type=\"widget\" data-widget_type=\"divider.default\">\n\t\t\t\t<div class=\"elementor-widget-container\">\n\t\t\t\t\t\t\t<div class=\"elementor-divider\">\n\t\t\t<span class=\"elementor-divider-separator\">\n\t\t\t\t\t\t<\/span>\n\t\t<\/div>\n\t\t\t\t\t\t<\/div>\n\t\t\t\t<\/div>\n\t\t\t\t\t<\/div>\n\t\t<\/div>\n\t\t\t\t\t<\/div>\n\t\t<\/section>\n\t\t\t\t<div class=\"elementor-element elementor-element-bfccc77 elementor-widget elementor-widget-spacer\" data-id=\"bfccc77\" data-element_type=\"widget\" data-widget_type=\"spacer.default\">\n\t\t\t\t<div class=\"elementor-widget-container\">\n\t\t\t\t\t\t\t<div class=\"elementor-spacer\">\n\t\t\t<div class=\"elementor-spacer-inner\"><\/div>\n\t\t<\/div>\n\t\t\t\t\t\t<\/div>\n\t\t\t\t<\/div>\n\t\t\t\t<section class=\"elementor-section elementor-inner-section elementor-element elementor-element-f5dcf3d elementor-section-content-middle elementor-section-full_width elementor-section-height-default elementor-section-height-default\" data-id=\"f5dcf3d\" data-element_type=\"section\" data-settings=\"{&quot;background_background&quot;:&quot;classic&quot;}\">\n\t\t\t\t\t\t<div class=\"elementor-container elementor-column-gap-no\">\n\t\t\t\t\t<div class=\"elementor-column elementor-col-50 elementor-inner-column elementor-element elementor-element-8ea83e5\" data-id=\"8ea83e5\" data-element_type=\"column\">\n\t\t\t<div class=\"elementor-widget-wrap elementor-element-populated\">\n\t\t\t\t\t\t<div class=\"elementor-element elementor-element-929721d elementor-widget-mobile__width-initial elementor-widget elementor-widget-image\" data-id=\"929721d\" data-element_type=\"widget\" data-widget_type=\"image.default\">\n\t\t\t\t<div class=\"elementor-widget-container\">\n\t\t\t\t\t\t\t\t\t\t\t\t\t\t\t<img decoding=\"async\" width=\"1200\" height=\"800\" src=\"https:\/\/itallianhairtech.com\/wp-content\/uploads\/2025\/07\/produtos_1200x800px_trivitt_shampoo_2.png\" class=\"attachment-full size-full wp-image-9081\" alt=\"\" srcset=\"https:\/\/itallianhairtech.com\/wp-content\/uploads\/2025\/07\/produtos_1200x800px_trivitt_shampoo_2.png 1200w, https:\/\/itallianhairtech.com\/wp-content\/uploads\/2025\/07\/produtos_1200x800px_trivitt_shampoo_2-300x200.png 300w, https:\/\/itallianhairtech.com\/wp-content\/uploads\/2025\/07\/produtos_1200x800px_trivitt_shampoo_2-1024x683.png 1024w, https:\/\/itallianhairtech.com\/wp-content\/uploads\/2025\/07\/produtos_1200x800px_trivitt_shampoo_2-768x512.png 768w, https:\/\/itallianhairtech.com\/wp-content\/uploads\/2025\/07\/produtos_1200x800px_trivitt_shampoo_2-18x12.png 18w\" sizes=\"(max-width: 1200px) 100vw, 1200px\" \/>\t\t\t\t\t\t\t\t\t\t\t\t\t\t\t<\/div>\n\t\t\t\t<\/div>\n\t\t\t\t\t<\/div>\n\t\t<\/div>\n\t\t\t\t<div class=\"elementor-column elementor-col-50 elementor-inner-column elementor-element elementor-element-04d18c3\" data-id=\"04d18c3\" data-element_type=\"column\" data-settings=\"{&quot;background_background&quot;:&quot;classic&quot;}\">\n\t\t\t<div class=\"elementor-widget-wrap elementor-element-populated\">\n\t\t\t\t\t\t<div class=\"elementor-element elementor-element-1d212b1 elementor-widget elementor-widget-heading\" data-id=\"1d212b1\" data-element_type=\"widget\" data-widget_type=\"heading.default\">\n\t\t\t\t<div class=\"elementor-widget-container\">\n\t\t\t\t\t<h3 class=\"elementor-heading-title elementor-size-default\">Shampoo P\u00f3s-qu\u00edmica 250ml<\/h3>\t\t\t\t<\/div>\n\t\t\t\t<\/div>\n\t\t\t\t<div class=\"elementor-element elementor-element-6ce7a8e elementor-widget-divider--view-line elementor-widget elementor-widget-divider\" data-id=\"6ce7a8e\" data-element_type=\"widget\" data-widget_type=\"divider.default\">\n\t\t\t\t<div class=\"elementor-widget-container\">\n\t\t\t\t\t\t\t<div class=\"elementor-divider\">\n\t\t\t<span class=\"elementor-divider-separator\">\n\t\t\t\t\t\t<\/span>\n\t\t<\/div>\n\t\t\t\t\t\t<\/div>\n\t\t\t\t<\/div>\n\t\t\t\t<div class=\"elementor-element elementor-element-9fc181d elementor-widget__width-initial elementor-widget elementor-widget-text-editor\" data-id=\"9fc181d\" data-element_type=\"widget\" data-widget_type=\"text-editor.default\">\n\t\t\t\t<div class=\"elementor-widget-container\">\n\t\t\t\t\t\t\t\t\t<p>SHAMPOO P\u00d3S-QU\u00cdMICA 250ML: \u00c1GUA, LAURILETERSULFATO DE S\u00d3DIO, LAURIL SULFATO DE AM\u00d4NIO, COCOAMIDOPROPILBETA\u00cdNA, LAURIL GLICOS\u00cdDEO, DIETANOLAMINA COCAMIDA, COCOATO DE POLIETILENOGLICOL-7 GLICERILA, PROPILENOGLICOL, DIESTEARATO DE ETILENOGLICOL, FRAGR\u00c2NCIA, CLORETO DE GOMA GUAR HIDROXIPROPILTRIM\u00d4NIO, HIDROXIETIL UREIA, COCO-GLICOS\u00cdDEO, MONOLEATO DE GLICERILA, \u00c1CIDO C\u00cdTRICO, BENZOATO DE S\u00d3DIO, CLORETO DE S\u00d3DIO, EDETATO DISS\u00d3DICO, SORBATO DE POT\u00c1SSIO, DIMETILIDANTO\u00cdNA, MACROGOL, UREIA, CITRATO DE S\u00d3DIO, EDETATO DE S\u00d3DIO, \u00c1CIDO BENZOICO, FENOXIETANOL, \u00d3LEO VEGETAL, IMIDAZOLIDINILUREIA, PROTE\u00cdNA DE TRIGO HIDROLISADA, PROTE\u00cdNA DE SOJA HIDROLISADA, CARBOCISTE\u00cdNA, \u00c1CIDO GLUT\u00c2MICO, \u00d3LEO DA SEMENTE DE CAMELINA SATIVA, TREONINA, SERINA, TOCOFEROL, CITRATO DE GLICER\u00cdDEOS VEGETAIS HIDROGENADOS, METILCLOROISOTIAZOLINONA E METILISOTIAZOLINONA, NITRATO DE MAGN\u00c9SIO, CLORETO DE MAGN\u00c9SIO, LINALOL, HEXIL CINAMAL,LIMONENO.<\/p>\t\t\t\t\t\t\t\t<\/div>\n\t\t\t\t<\/div>\n\t\t\t\t\t<\/div>\n\t\t<\/div>\n\t\t\t\t\t<\/div>\n\t\t<\/section>\n\t\t\t\t<section class=\"elementor-section elementor-inner-section elementor-element elementor-element-301be87e elementor-section-content-middle elementor-reverse-tablet elementor-reverse-mobile elementor-section-boxed elementor-section-height-default elementor-section-height-default\" data-id=\"301be87e\" data-element_type=\"section\" data-settings=\"{&quot;background_background&quot;:&quot;classic&quot;}\">\n\t\t\t\t\t\t<div class=\"elementor-container elementor-column-gap-no\">\n\t\t\t\t\t<div class=\"elementor-column elementor-col-33 elementor-inner-column elementor-element elementor-element-5e9a4f4b\" data-id=\"5e9a4f4b\" data-element_type=\"column\" data-settings=\"{&quot;background_background&quot;:&quot;classic&quot;}\">\n\t\t\t<div class=\"elementor-widget-wrap elementor-element-populated\">\n\t\t\t\t\t\t<div class=\"elementor-element elementor-element-7367302d elementor-widget-mobile__width-initial elementor-widget elementor-widget-heading\" data-id=\"7367302d\" data-element_type=\"widget\" data-widget_type=\"heading.default\">\n\t\t\t\t<div class=\"elementor-widget-container\">\n\t\t\t\t\t<h3 class=\"elementor-heading-title elementor-size-default\">Condicionador 200ml<\/h3>\t\t\t\t<\/div>\n\t\t\t\t<\/div>\n\t\t\t\t<div class=\"elementor-element elementor-element-b626e7d elementor-widget-divider--view-line elementor-widget elementor-widget-divider\" data-id=\"b626e7d\" data-element_type=\"widget\" data-widget_type=\"divider.default\">\n\t\t\t\t<div class=\"elementor-widget-container\">\n\t\t\t\t\t\t\t<div class=\"elementor-divider\">\n\t\t\t<span class=\"elementor-divider-separator\">\n\t\t\t\t\t\t<\/span>\n\t\t<\/div>\n\t\t\t\t\t\t<\/div>\n\t\t\t\t<\/div>\n\t\t\t\t<div class=\"elementor-element elementor-element-68eea1a elementor-widget elementor-widget-text-editor\" data-id=\"68eea1a\" data-element_type=\"widget\" data-widget_type=\"text-editor.default\">\n\t\t\t\t<div class=\"elementor-widget-container\">\n\t\t\t\t\t\t\t\t\t<p>CONDICIONADOR 200ML: \u00c1GUA, \u00c1LCOOL CETOESTEAR\u00cdLICO, PETROLATO L\u00cdQUIDO, GLICEROL, MONOETANOLAMINA DE ACETAMIDA, \u00c1LCOOL CET\u00cdLICO, DECAMETILCICLOPENTASILOXANO, METOSSULFATO DE BEENTRIM\u00d4NIO, FRAGR\u00c2NCIA, FENIL TRIMETICONA, ESTEARAMIDOPROPIL DIMETILAMINA, \u00c1CIDO L\u00c1CTICO, CLORETO DE CETRIM\u00d4NIO, \u00c1LCOOL ETILICO, DIMETICONOL, BENZOATO DE S\u00d3DIO, EDETATO DISS\u00d3DICO, CROSPOL\u00cdMERO DE DIMETICONA, SORBATO DE POT\u00c1SSIO, \u00d3LEO VEGETAL, PROTE\u00cdNA DE TRIGO HIDROLISADA, PROTE\u00cdNA DE SOJA HIDROLISADA, CARBOCISTE\u00cdNA, \u00c1CIDO GLUT\u00c2MICO, \u00d3LEO DA SEMENTE DE CAMELINA SATIVA, TREONINA, SERINA, EDETATO DE S\u00d3DIO, \u00c1CIDO C\u00cdTRICO, LINALOL, HEXIL CINAMAL, LIMONENO.<\/p>\t\t\t\t\t\t\t\t<\/div>\n\t\t\t\t<\/div>\n\t\t\t\t\t<\/div>\n\t\t<\/div>\n\t\t\t\t<div class=\"elementor-column elementor-col-66 elementor-inner-column elementor-element elementor-element-5cde70ab\" data-id=\"5cde70ab\" data-element_type=\"column\">\n\t\t\t<div class=\"elementor-widget-wrap elementor-element-populated\">\n\t\t\t\t\t\t<div class=\"elementor-element elementor-element-1b9b3d78 elementor-widget-mobile__width-initial elementor-widget elementor-widget-image\" data-id=\"1b9b3d78\" data-element_type=\"widget\" data-widget_type=\"image.default\">\n\t\t\t\t<div class=\"elementor-widget-container\">\n\t\t\t\t\t\t\t\t\t\t\t\t\t\t\t<img decoding=\"async\" width=\"1200\" height=\"800\" src=\"https:\/\/itallianhairtech.com\/wp-content\/uploads\/2025\/07\/produtos_1200x800px_trivitt_condicionador.png\" class=\"attachment-full size-full wp-image-9079\" alt=\"\" srcset=\"https:\/\/itallianhairtech.com\/wp-content\/uploads\/2025\/07\/produtos_1200x800px_trivitt_condicionador.png 1200w, https:\/\/itallianhairtech.com\/wp-content\/uploads\/2025\/07\/produtos_1200x800px_trivitt_condicionador-300x200.png 300w, https:\/\/itallianhairtech.com\/wp-content\/uploads\/2025\/07\/produtos_1200x800px_trivitt_condicionador-1024x683.png 1024w, https:\/\/itallianhairtech.com\/wp-content\/uploads\/2025\/07\/produtos_1200x800px_trivitt_condicionador-768x512.png 768w, https:\/\/itallianhairtech.com\/wp-content\/uploads\/2025\/07\/produtos_1200x800px_trivitt_condicionador-18x12.png 18w\" sizes=\"(max-width: 1200px) 100vw, 1200px\" \/>\t\t\t\t\t\t\t\t\t\t\t\t\t\t\t<\/div>\n\t\t\t\t<\/div>\n\t\t\t\t\t<\/div>\n\t\t<\/div>\n\t\t\t\t\t<\/div>\n\t\t<\/section>\n\t\t\t\t\t<\/div>\n\t\t<\/div>\n\t\t\t\t\t<\/div>\n\t\t<\/section>\n\t\t<div class=\"elementor-element elementor-element-1da51ac e-flex e-con-boxed e-con e-parent\" data-id=\"1da51ac\" data-element_type=\"container\">\n\t\t\t\t\t<div class=\"e-con-inner\">\n\t\t\t\t<div class=\"elementor-element elementor-element-520262a1 elementor-widget elementor-widget-spacer\" data-id=\"520262a1\" data-element_type=\"widget\" data-widget_type=\"spacer.default\">\n\t\t\t\t<div class=\"elementor-widget-container\">\n\t\t\t\t\t\t\t<div class=\"elementor-spacer\">\n\t\t\t<div class=\"elementor-spacer-inner\"><\/div>\n\t\t<\/div>\n\t\t\t\t\t\t<\/div>\n\t\t\t\t<\/div>\n\t\t\t\t\t<\/div>\n\t\t\t\t<\/div>\n\t\t\t\t<\/div>","protected":false},"excerpt":{"rendered":"<p>Kit Home CareShampoo\/Condicionador Shampoo P\u00f3s-qu\u00edmica 250ml SHAMPOO P\u00d3S-QU\u00cdMICA 250ML: \u00c1GUA, LAURILETERSULFATO DE S\u00d3DIO, LAURIL SULFATO DE AM\u00d4NIO, COCOAMIDOPROPILBETA\u00cdNA, LAURIL GLICOS\u00cdDEO, DIETANOLAMINA COCAMIDA, COCOATO DE POLIETILENOGLICOL-7 GLICERILA, PROPILENOGLICOL, DIESTEARATO DE ETILENOGLICOL, FRAGR\u00c2NCIA, CLORETO DE GOMA GUAR HIDROXIPROPILTRIM\u00d4NIO, HIDROXIETIL UREIA, COCO-GLICOS\u00cdDEO, MONOLEATO DE GLICERILA, \u00c1CIDO C\u00cdTRICO, BENZOATO DE S\u00d3DIO, CLORETO DE S\u00d3DIO, EDETATO DISS\u00d3DICO, SORBATO DE POT\u00c1SSIO, [&hellip;]<\/p>\n","protected":false},"author":2,"featured_media":0,"parent":9052,"menu_order":0,"comment_status":"closed","ping_status":"closed","template":"","meta":{"site-sidebar-layout":"no-sidebar","site-content-layout":"page-builder","ast-site-content-layout":"full-width-container","site-content-style":"default","site-sidebar-style":"default","ast-global-header-display":"","ast-banner-title-visibility":"","ast-main-header-display":"","ast-hfb-above-header-display":"","ast-hfb-below-header-display":"","ast-hfb-mobile-header-display":"","site-post-title":"disabled","ast-breadcrumbs-content":"","ast-featured-img":"disabled","footer-sml-layout":"","ast-disable-related-posts":"","theme-transparent-header-meta":"","adv-header-id-meta":"","stick-header-meta":"","header-above-stick-meta":"","header-main-stick-meta":"","header-below-stick-meta":"","astra-migrate-meta-layouts":"set","ast-page-background-enabled":"default","ast-page-background-meta":{"desktop":{"background-color":"var(--ast-global-color-4)","background-image":"","background-repeat":"repeat","background-position":"center center","background-size":"auto","background-attachment":"scroll","background-type":"","background-media":"","overlay-type":"","overlay-color":"","overlay-opacity":"","overlay-gradient":""},"tablet":{"background-color":"","background-image":"","background-repeat":"repeat","background-position":"center center","background-size":"auto","background-attachment":"scroll","background-type":"","background-media":"","overlay-type":"","overlay-color":"","overlay-opacity":"","overlay-gradient":""},"mobile":{"background-color":"","background-image":"","background-repeat":"repeat","background-position":"center center","background-size":"auto","background-attachment":"scroll","background-type":"","background-media":"","overlay-type":"","overlay-color":"","overlay-opacity":"","overlay-gradient":""}},"ast-content-background-meta":{"desktop":{"background-color":"var(--ast-global-color-5)","background-image":"","background-repeat":"repeat","background-position":"center center","background-size":"auto","background-attachment":"scroll","background-type":"","background-media":"","overlay-type":"","overlay-color":"","overlay-opacity":"","overlay-gradient":""},"tablet":{"background-color":"var(--ast-global-color-5)","background-image":"","background-repeat":"repeat","background-position":"center center","background-size":"auto","background-attachment":"scroll","background-type":"","background-media":"","overlay-type":"","overlay-color":"","overlay-opacity":"","overlay-gradient":""},"mobile":{"background-color":"var(--ast-global-color-5)","background-image":"","background-repeat":"repeat","background-position":"center center","background-size":"auto","background-attachment":"scroll","background-type":"","background-media":"","overlay-type":"","overlay-color":"","overlay-opacity":"","overlay-gradient":""}},"footnotes":""},"class_list":["post-9054","page","type-page","status-publish","hentry"],"_links":{"self":[{"href":"https:\/\/itallianhairtech.com\/es\/wp-json\/wp\/v2\/pages\/9054","targetHints":{"allow":["GET"]}}],"collection":[{"href":"https:\/\/itallianhairtech.com\/es\/wp-json\/wp\/v2\/pages"}],"about":[{"href":"https:\/\/itallianhairtech.com\/es\/wp-json\/wp\/v2\/types\/page"}],"author":[{"embeddable":true,"href":"https:\/\/itallianhairtech.com\/es\/wp-json\/wp\/v2\/users\/2"}],"replies":[{"embeddable":true,"href":"https:\/\/itallianhairtech.com\/es\/wp-json\/wp\/v2\/comments?post=9054"}],"version-history":[{"count":41,"href":"https:\/\/itallianhairtech.com\/es\/wp-json\/wp\/v2\/pages\/9054\/revisions"}],"predecessor-version":[{"id":9191,"href":"https:\/\/itallianhairtech.com\/es\/wp-json\/wp\/v2\/pages\/9054\/revisions\/9191"}],"up":[{"embeddable":true,"href":"https:\/\/itallianhairtech.com\/es\/wp-json\/wp\/v2\/pages\/9052"}],"wp:attachment":[{"href":"https:\/\/itallianhairtech.com\/es\/wp-json\/wp\/v2\/media?parent=9054"}],"curies":[{"name":"wp","href":"https:\/\/api.w.org\/{rel}","templated":true}]}}